{"id":35913,"date":"2026-04-01T13:46:19","date_gmt":"2026-04-01T11:46:19","guid":{"rendered":"https:\/\/eterle.cz\/eshop\/produkt\/konferencni-stolek-jitona\/"},"modified":"2026-04-01T13:53:28","modified_gmt":"2026-04-01T11:53:28","slug":"konferencni-stolek-jitona","status":"publish","type":"product","link":"https:\/\/eterle.cz\/eshop\/produkt\/konferencni-stolek-jitona\/","title":{"rendered":"Konferen\u010dn\u00ed stolek \/ Jitona"},"content":{"rendered":"<p>Konferen\u010dn\u00ed stolek z 60. let minul\u00e9ho stolet\u00ed pro n\u00e1rodn\u00ed podnik Jitona. Stolek m\u00e1 kr\u00e1sn\u011b tvarovan\u00e9 nohy, kter\u00e9 tvo\u0159\u00ed z\u00e1rove\u0148 op\u011brnou konstrukci pro voln\u011b polo\u017eenou sklen\u011bnou desku stolu.<\/p>\n<p>Stav: velmi dobr\u00fd, p\u016fvodn\u00ed<br \/>\nZna\u010dka: Jitona<br \/>\nRozm\u011bry<br \/>\nV\u00fd\u0161ka: 60 cm<br \/>\nPr\u016fm\u011br skla: 72 cm<br \/>\nCelkov\u00fd pr\u016fm\u011br: 75 cm<\/p>\n<p>&nbsp;<\/p>\n","protected":false},"excerpt":{"rendered":"<p>Konferen\u010dn\u00ed stolek z 60. let minul\u00e9ho stolet\u00ed pro n\u00e1rodn\u00ed podnik Jitona. Stolek m\u00e1 kr\u00e1sn\u011b tvarovan\u00e9 nohy, kter\u00e9 tvo\u0159\u00ed z\u00e1rove\u0148 op\u011brnou<\/p>\n","protected":false},"featured_media":35915,"template":"","meta":[],"product_brand":[],"product_cat":[95,130,124],"product_tag":[],"class_list":{"0":"post-35913","1":"product","2":"type-product","3":"status-publish","4":"has-post-thumbnail","6":"product_cat-novinky","7":"product_cat-nabytek","8":"product_cat-stoly","9":"product_shipping_class-nadrozmerne","11":"first","12":"instock","13":"purchasable","14":"product-type-simple"},"_links":{"self":[{"href":"https:\/\/eterle.cz\/eshop\/wp-json\/wp\/v2\/product\/35913","targetHints":{"allow":["GET"]}}],"collection":[{"href":"https:\/\/eterle.cz\/eshop\/wp-json\/wp\/v2\/product"}],"about":[{"href":"https:\/\/eterle.cz\/eshop\/wp-json\/wp\/v2\/types\/product"}],"version-history":[{"count":1,"href":"https:\/\/eterle.cz\/eshop\/wp-json\/wp\/v2\/product\/35913\/revisions"}],"predecessor-version":[{"id":35914,"href":"https:\/\/eterle.cz\/eshop\/wp-json\/wp\/v2\/product\/35913\/revisions\/35914"}],"wp:featuredmedia":[{"embeddable":true,"href":"https:\/\/eterle.cz\/eshop\/wp-json\/wp\/v2\/media\/35915"}],"wp:attachment":[{"href":"https:\/\/eterle.cz\/eshop\/wp-json\/wp\/v2\/media?parent=35913"}],"wp:term":[{"taxonomy":"product_brand","embeddable":true,"href":"https:\/\/eterle.cz\/eshop\/wp-json\/wp\/v2\/product_brand?post=35913"},{"taxonomy":"product_cat","embeddable":true,"href":"https:\/\/eterle.cz\/eshop\/wp-json\/wp\/v2\/product_cat?post=35913"},{"taxonomy":"product_tag","embeddable":true,"href":"https:\/\/eterle.cz\/eshop\/wp-json\/wp\/v2\/product_tag?post=35913"}],"curies":[{"name":"wp","href":"https:\/\/api.w.org\/{rel}","templated":true}]}}