{"id":35956,"date":"2026-04-01T13:47:44","date_gmt":"2026-04-01T11:47:44","guid":{"rendered":"https:\/\/eterle.cz\/eshop\/produkt\/servirovaci-stolek-ve-stylu-cesare-lacca\/"},"modified":"2026-04-01T13:53:28","modified_gmt":"2026-04-01T11:53:28","slug":"servirovaci-stolek-ve-stylu-cesare-lacca","status":"publish","type":"product","link":"https:\/\/eterle.cz\/eshop\/produkt\/servirovaci-stolek-ve-stylu-cesare-lacca\/","title":{"rendered":"Serv\u00edrovac\u00ed stolek ve stylu Cesare Lacca"},"content":{"rendered":"<p>Serv\u00edrovac\u00ed stolek v duchu tvorby italsk\u00e9ho design\u00e9ra Cesare Lacca, jeho\u017e pr\u00e1ce je charakteristick\u00e1 lehkost\u00ed konstrukce a d\u016frazem na detail.<br \/>\nHorn\u00ed \u010d\u00e1st tvo\u0159\u00ed odn\u00edmateln\u00fd d\u0159ev\u011bn\u00fd t\u00e1c, kter\u00fd lze snadno pou\u017e\u00edt samostatn\u011b. Tento praktick\u00fd prvek p\u0159irozen\u011b propojuje funkci s estetikou a pat\u0159\u00ed k typick\u00fdm znak\u016fm italsk\u00e9ho designu 50. a 60. let.<br \/>\nKonstrukce z masivn\u00edho d\u0159eva p\u016fsob\u00ed pevn\u011b, ale z\u00e1rove\u0148 subtiln\u011b d\u00edky jemn\u011b zaoblen\u00fdm lini\u00edm a promy\u0161len\u00fdm proporc\u00edm. Spodn\u00ed odkl\u00e1dac\u00ed plocha je tvarovan\u00e1 pro ulo\u017een\u00ed novin \u010di \u010dasopis\u016f, kole\u010dka pak dod\u00e1vaj\u00ed stolku lehkost a mobilitu.<br \/>\nCelek p\u016fsob\u00ed jako praktick\u00fd pomocn\u00edk i v\u00fdrazn\u00fd dopln\u011bk interi\u00e9ru. D\u00edky sv\u00e9mu charakteru a perfektn\u00edmu stavu jde o atraktivn\u00ed kus, kter\u00fd odkazuje na kvalitn\u00ed italskou produkci druh\u00e9 poloviny 20. stolet\u00ed.<\/p>\n<p>Stav: perfektn\u00ed<br \/>\nRozm\u011bry<br \/>\nV\u00fd\u0161ka: 50 cm<br \/>\n\u0160\u00ed\u0159ka: 50 cm<br \/>\nHloubka: 30 cm<\/p>\n<p>&nbsp;<\/p>\n","protected":false},"excerpt":{"rendered":"<p>Serv\u00edrovac\u00ed stolek v duchu tvorby italsk\u00e9ho design\u00e9ra Cesare Lacca, jeho\u017e pr\u00e1ce je charakteristick\u00e1 lehkost\u00ed konstrukce a d\u016frazem na detail. Horn\u00ed<\/p>\n","protected":false},"featured_media":35958,"template":"","meta":[],"product_brand":[],"product_cat":[95,130,124],"product_tag":[],"class_list":{"0":"post-35956","1":"product","2":"type-product","3":"status-publish","4":"has-post-thumbnail","6":"product_cat-novinky","7":"product_cat-nabytek","8":"product_cat-stoly","9":"product_shipping_class-nadrozmerne","11":"first","12":"instock","13":"purchasable","14":"product-type-simple"},"_links":{"self":[{"href":"https:\/\/eterle.cz\/eshop\/wp-json\/wp\/v2\/product\/35956","targetHints":{"allow":["GET"]}}],"collection":[{"href":"https:\/\/eterle.cz\/eshop\/wp-json\/wp\/v2\/product"}],"about":[{"href":"https:\/\/eterle.cz\/eshop\/wp-json\/wp\/v2\/types\/product"}],"version-history":[{"count":1,"href":"https:\/\/eterle.cz\/eshop\/wp-json\/wp\/v2\/product\/35956\/revisions"}],"predecessor-version":[{"id":35957,"href":"https:\/\/eterle.cz\/eshop\/wp-json\/wp\/v2\/product\/35956\/revisions\/35957"}],"wp:featuredmedia":[{"embeddable":true,"href":"https:\/\/eterle.cz\/eshop\/wp-json\/wp\/v2\/media\/35958"}],"wp:attachment":[{"href":"https:\/\/eterle.cz\/eshop\/wp-json\/wp\/v2\/media?parent=35956"}],"wp:term":[{"taxonomy":"product_brand","embeddable":true,"href":"https:\/\/eterle.cz\/eshop\/wp-json\/wp\/v2\/product_brand?post=35956"},{"taxonomy":"product_cat","embeddable":true,"href":"https:\/\/eterle.cz\/eshop\/wp-json\/wp\/v2\/product_cat?post=35956"},{"taxonomy":"product_tag","embeddable":true,"href":"https:\/\/eterle.cz\/eshop\/wp-json\/wp\/v2\/product_tag?post=35956"}],"curies":[{"name":"wp","href":"https:\/\/api.w.org\/{rel}","templated":true}]}}