{"id":36212,"date":"2026-04-09T23:48:15","date_gmt":"2026-04-09T21:48:15","guid":{"rendered":"https:\/\/eterle.cz\/eshop\/produkt\/porcelanova-vaza-thomas-10\/"},"modified":"2026-04-13T22:45:16","modified_gmt":"2026-04-13T20:45:16","slug":"porcelanova-vaza-thomas-10","status":"publish","type":"product","link":"https:\/\/eterle.cz\/eshop\/produkt\/porcelanova-vaza-thomas-10\/","title":{"rendered":"Porcel\u00e1nov\u00e1 v\u00e1za \/ Thomas"},"content":{"rendered":"<p>Porcel\u00e1nov\u00e1 v\u00e1za z produkce Thomas v \u010dist\u011b b\u00edl\u00e9 barv\u011b, kter\u00e1 stoj\u00ed na kombinaci jednoduch\u00e9ho tvaru a v\u00fdrazn\u011bj\u0161\u00edho povrchov\u00e9ho dekoru. Spodn\u00ed \u010d\u00e1st je v matn\u00e9m bisquit proveden\u00ed s jemn\u00fdm reli\u00e9fem, zat\u00edmco horn\u00ed z\u016fst\u00e1v\u00e1 hladk\u00e1 a leskl\u00e1, co\u017e vytv\u00e1\u0159\u00ed p\u0159\u00edjemn\u00fd kontrast.<\/p>\n<p>D\u00edky u\u017e\u0161\u00edmu hrdlu dob\u0159e dr\u017e\u00ed i men\u0161\u00ed kytice nebo jednotliv\u00e9 kv\u011bty, kter\u00e9 v n\u00ed p\u016fsob\u00ed p\u0159irozen\u011b a vzdu\u0161n\u011b. B\u00edl\u00fd porcel\u00e1n nav\u00edc nech\u00e1v\u00e1 vyniknout samotn\u00e9 aran\u017em\u00e1.<\/p>\n<p>Stav: velmi dobr\u00fd<br \/>\nZna\u010dka: Thomas<br \/>\nRozm\u011br<br \/>\nV\u00fd\u0161ka: 23 cm<br \/>\nPr\u016fm\u011br otvoru: 7 cm<\/p>\n<p>&nbsp;<\/p>\n","protected":false},"excerpt":{"rendered":"<p>Porcel\u00e1nov\u00e1 v\u00e1za z produkce Thomas v \u010dist\u011b b\u00edl\u00e9 barv\u011b, kter\u00e1 stoj\u00ed na kombinaci jednoduch\u00e9ho tvaru a v\u00fdrazn\u011bj\u0161\u00edho povrchov\u00e9ho dekoru. Spodn\u00ed<\/p>\n","protected":false},"featured_media":36214,"template":"","meta":[],"product_brand":[],"product_cat":[95,94],"product_tag":[],"class_list":{"0":"post-36212","1":"product","2":"type-product","3":"status-publish","4":"has-post-thumbnail","6":"product_cat-novinky","7":"product_cat-vazy","9":"first","10":"instock","11":"purchasable","12":"product-type-simple"},"_links":{"self":[{"href":"https:\/\/eterle.cz\/eshop\/wp-json\/wp\/v2\/product\/36212","targetHints":{"allow":["GET"]}}],"collection":[{"href":"https:\/\/eterle.cz\/eshop\/wp-json\/wp\/v2\/product"}],"about":[{"href":"https:\/\/eterle.cz\/eshop\/wp-json\/wp\/v2\/types\/product"}],"version-history":[{"count":1,"href":"https:\/\/eterle.cz\/eshop\/wp-json\/wp\/v2\/product\/36212\/revisions"}],"predecessor-version":[{"id":36213,"href":"https:\/\/eterle.cz\/eshop\/wp-json\/wp\/v2\/product\/36212\/revisions\/36213"}],"wp:featuredmedia":[{"embeddable":true,"href":"https:\/\/eterle.cz\/eshop\/wp-json\/wp\/v2\/media\/36214"}],"wp:attachment":[{"href":"https:\/\/eterle.cz\/eshop\/wp-json\/wp\/v2\/media?parent=36212"}],"wp:term":[{"taxonomy":"product_brand","embeddable":true,"href":"https:\/\/eterle.cz\/eshop\/wp-json\/wp\/v2\/product_brand?post=36212"},{"taxonomy":"product_cat","embeddable":true,"href":"https:\/\/eterle.cz\/eshop\/wp-json\/wp\/v2\/product_cat?post=36212"},{"taxonomy":"product_tag","embeddable":true,"href":"https:\/\/eterle.cz\/eshop\/wp-json\/wp\/v2\/product_tag?post=36212"}],"curies":[{"name":"wp","href":"https:\/\/api.w.org\/{rel}","templated":true}]}}