{"id":36224,"date":"2026-04-09T23:48:41","date_gmt":"2026-04-09T21:48:41","guid":{"rendered":"https:\/\/eterle.cz\/eshop\/produkt\/porcelanova-vaza-tettau-2\/"},"modified":"2026-04-13T22:45:16","modified_gmt":"2026-04-13T20:45:16","slug":"porcelanova-vaza-tettau-2","status":"publish","type":"product","link":"https:\/\/eterle.cz\/eshop\/produkt\/porcelanova-vaza-tettau-2\/","title":{"rendered":"Porcel\u00e1nov\u00e1 v\u00e1za \/ Tettau"},"content":{"rendered":"<p>Porcel\u00e1nov\u00e1 v\u00e1za z produkce Tettau v \u010dist\u011b b\u00edl\u00e9 barv\u011b s elegantn\u011b rozev\u0159en\u00fdm hrdlem a jemn\u011b tvarovanou spodn\u00ed \u010d\u00e1st\u00ed. Silueta je vyv\u00e1\u017een\u00e1 a nad\u010dasov\u00e1, stoj\u00ed na precizn\u00ed proporci a kvalit\u011b zpracov\u00e1n\u00ed.<\/p>\n<p>Tettau pat\u0159\u00ed mezi renomovan\u00e9 n\u011bmeck\u00e9 v\u00fdrobce porcel\u00e1nu, kte\u0159\u00ed jsou dlouhodob\u011b spojov\u00e1ni s vy\u0161\u0161\u00ed kvalitou a d\u016frazem na detail. I u tohoto kusu je patrn\u00e1 jistota v jednoduch\u00e9 form\u011b, kter\u00e1 nepodl\u00e9h\u00e1 trend\u016fm a p\u016fsob\u00ed velmi kultivovan\u011b.<\/p>\n<p>D\u00edky \u0161ir\u0161\u00edmu hrdlu je v\u00e1za ide\u00e1ln\u00ed pro objemn\u011bj\u0161\u00ed kytice, kter\u00e9 se v n\u00ed mohou p\u0159irozen\u011b rozev\u0159\u00edt. Z\u00e1rove\u0148 dob\u0159e funguje i s men\u0161\u00edm aran\u017em\u00e1, kde vynikne jej\u00ed \u010dist\u00fd tvar.<\/p>\n<p>Stav: velmi dobr\u00fd<br \/>\nZna\u010dka: Tettau<br \/>\nRozm\u011br<br \/>\nV\u00fd\u0161ka: 27 cm<br \/>\nPr\u016fm\u011br otvoru: 22 cm<\/p>\n<p>&nbsp;<\/p>\n","protected":false},"excerpt":{"rendered":"<p>Porcel\u00e1nov\u00e1 v\u00e1za z produkce Tettau v \u010dist\u011b b\u00edl\u00e9 barv\u011b s elegantn\u011b rozev\u0159en\u00fdm hrdlem a jemn\u011b tvarovanou spodn\u00ed \u010d\u00e1st\u00ed. Silueta je<\/p>\n","protected":false},"featured_media":36226,"template":"","meta":[],"product_brand":[],"product_cat":[95,94],"product_tag":[],"class_list":{"0":"post-36224","1":"product","2":"type-product","3":"status-publish","4":"has-post-thumbnail","6":"product_cat-novinky","7":"product_cat-vazy","9":"first","10":"instock","11":"purchasable","12":"product-type-simple"},"_links":{"self":[{"href":"https:\/\/eterle.cz\/eshop\/wp-json\/wp\/v2\/product\/36224","targetHints":{"allow":["GET"]}}],"collection":[{"href":"https:\/\/eterle.cz\/eshop\/wp-json\/wp\/v2\/product"}],"about":[{"href":"https:\/\/eterle.cz\/eshop\/wp-json\/wp\/v2\/types\/product"}],"version-history":[{"count":1,"href":"https:\/\/eterle.cz\/eshop\/wp-json\/wp\/v2\/product\/36224\/revisions"}],"predecessor-version":[{"id":36225,"href":"https:\/\/eterle.cz\/eshop\/wp-json\/wp\/v2\/product\/36224\/revisions\/36225"}],"wp:featuredmedia":[{"embeddable":true,"href":"https:\/\/eterle.cz\/eshop\/wp-json\/wp\/v2\/media\/36226"}],"wp:attachment":[{"href":"https:\/\/eterle.cz\/eshop\/wp-json\/wp\/v2\/media?parent=36224"}],"wp:term":[{"taxonomy":"product_brand","embeddable":true,"href":"https:\/\/eterle.cz\/eshop\/wp-json\/wp\/v2\/product_brand?post=36224"},{"taxonomy":"product_cat","embeddable":true,"href":"https:\/\/eterle.cz\/eshop\/wp-json\/wp\/v2\/product_cat?post=36224"},{"taxonomy":"product_tag","embeddable":true,"href":"https:\/\/eterle.cz\/eshop\/wp-json\/wp\/v2\/product_tag?post=36224"}],"curies":[{"name":"wp","href":"https:\/\/api.w.org\/{rel}","templated":true}]}}