{"id":36236,"date":"2026-04-09T23:49:05","date_gmt":"2026-04-09T21:49:05","guid":{"rendered":"https:\/\/eterle.cz\/eshop\/produkt\/porcelanova-vaza-misen\/"},"modified":"2026-04-13T22:45:16","modified_gmt":"2026-04-13T20:45:16","slug":"porcelanova-vaza-misen","status":"publish","type":"product","link":"https:\/\/eterle.cz\/eshop\/produkt\/porcelanova-vaza-misen\/","title":{"rendered":"Porcel\u00e1nov\u00e1 v\u00e1za \/ M\u00ed\u0161e\u0148"},"content":{"rendered":"<p>M\u00ed\u0161e\u0148 &#8211; porcel\u00e1n, kter\u00fd nepot\u0159ebuje vysv\u011btlovat. Nen\u00e1padn\u00fd, ale sebev\u011bdom\u00fd kus pro ty, kdo v\u011bd\u00ed.<\/p>\n<p>V\u00e1za v \u010dist\u011b b\u00edl\u00e9 barv\u011b pracuje s jemn\u00fdm plastick\u00fdm dekorem a \u0161t\u00edhlou, elegantn\u00ed siluetou. Nep\u016fsob\u00ed ok\u00e1zale, jej\u00ed kvalita je sp\u00ed\u0161 v proporci, materi\u00e1lu a precizn\u00edm zpracov\u00e1n\u00ed.<\/p>\n<p>D\u00edky tvaru se dob\u0159e hod\u00ed pro vy\u0161\u0161\u00ed aran\u017em\u00e1, kde nech\u00e1 vyniknout samotn\u00e9 kv\u011btiny. Sama o sob\u011b pak funguje jako klidn\u00fd, ale velmi jist\u00fd prvek v interi\u00e9ru.<\/p>\n<p>Stav: velmi dobr\u00fd, m\u00edsty drobn\u00e1 patina &#8211; set\u0159en\u00e1 glazura<br \/>\nZna\u010dka: M\u00ed\u0161e\u0148<br \/>\nRozm\u011br<br \/>\nV\u00fd\u0161ka: 32,5 cm<br \/>\nPr\u016fm\u011br otvoru: 4,5 cm<\/p>\n<p>&nbsp;<\/p>\n","protected":false},"excerpt":{"rendered":"<p>M\u00ed\u0161e\u0148 &#8211; porcel\u00e1n, kter\u00fd nepot\u0159ebuje vysv\u011btlovat. Nen\u00e1padn\u00fd, ale sebev\u011bdom\u00fd kus pro ty, kdo v\u011bd\u00ed. V\u00e1za v \u010dist\u011b b\u00edl\u00e9 barv\u011b pracuje<\/p>\n","protected":false},"featured_media":36238,"template":"","meta":[],"product_brand":[],"product_cat":[95,94],"product_tag":[],"class_list":{"0":"post-36236","1":"product","2":"type-product","3":"status-publish","4":"has-post-thumbnail","6":"product_cat-novinky","7":"product_cat-vazy","9":"first","10":"instock","11":"purchasable","12":"product-type-simple"},"_links":{"self":[{"href":"https:\/\/eterle.cz\/eshop\/wp-json\/wp\/v2\/product\/36236","targetHints":{"allow":["GET"]}}],"collection":[{"href":"https:\/\/eterle.cz\/eshop\/wp-json\/wp\/v2\/product"}],"about":[{"href":"https:\/\/eterle.cz\/eshop\/wp-json\/wp\/v2\/types\/product"}],"version-history":[{"count":1,"href":"https:\/\/eterle.cz\/eshop\/wp-json\/wp\/v2\/product\/36236\/revisions"}],"predecessor-version":[{"id":36237,"href":"https:\/\/eterle.cz\/eshop\/wp-json\/wp\/v2\/product\/36236\/revisions\/36237"}],"wp:featuredmedia":[{"embeddable":true,"href":"https:\/\/eterle.cz\/eshop\/wp-json\/wp\/v2\/media\/36238"}],"wp:attachment":[{"href":"https:\/\/eterle.cz\/eshop\/wp-json\/wp\/v2\/media?parent=36236"}],"wp:term":[{"taxonomy":"product_brand","embeddable":true,"href":"https:\/\/eterle.cz\/eshop\/wp-json\/wp\/v2\/product_brand?post=36236"},{"taxonomy":"product_cat","embeddable":true,"href":"https:\/\/eterle.cz\/eshop\/wp-json\/wp\/v2\/product_cat?post=36236"},{"taxonomy":"product_tag","embeddable":true,"href":"https:\/\/eterle.cz\/eshop\/wp-json\/wp\/v2\/product_tag?post=36236"}],"curies":[{"name":"wp","href":"https:\/\/api.w.org\/{rel}","templated":true}]}}