{"id":36243,"date":"2026-04-09T23:49:21","date_gmt":"2026-04-09T21:49:21","guid":{"rendered":"https:\/\/eterle.cz\/eshop\/produkt\/sklenena-vaza-13\/"},"modified":"2026-04-13T22:45:16","modified_gmt":"2026-04-13T20:45:16","slug":"sklenena-vaza-13","status":"publish","type":"product","link":"https:\/\/eterle.cz\/eshop\/produkt\/sklenena-vaza-13\/","title":{"rendered":"Sklen\u011bn\u00e1 v\u00e1za"},"content":{"rendered":"<p>V\u00fdrazn\u00e1 sklen\u011bn\u00e1 v\u00e1za ve velk\u00e9m form\u00e1tu, kter\u00e1 pot\u0159ebuje sv\u016fj prostor. Kombinace syt\u011b modr\u00e9ho t\u011bla a spodn\u00ed \u010d\u00e1sti v kontrastn\u00ed jantarov\u00e9 barv\u011b z n\u00ed d\u011bl\u00e1 nep\u0159ehl\u00e9dnuteln\u00fd solit\u00e9r.<\/p>\n<p>Tvar je velkorys\u00fd, s \u0161iroce rozev\u0159en\u00fdm hrdlem, kter\u00e9 dob\u0159e pracuje s objemem. V\u00e1za je ide\u00e1ln\u00ed pro v\u011bt\u0161\u00ed aran\u017em\u00e1 \u2013 v\u011btve i v\u00fdrazn\u011bj\u0161\u00ed kytice v n\u00ed maj\u00ed dostatek prostoru a p\u0159irozen\u011b vyniknou.<\/p>\n<p>Je to kus, kter\u00fd na sebe p\u0159irozen\u011b strh\u00e1v\u00e1 pozornost a funguje jako dominantn\u00ed prvek interi\u00e9ru.<\/p>\n<p>Stav: velmi dobr\u00fd<br \/>\nRozm\u011br<br \/>\nV\u00fd\u0161ka: 64,5 cm<br \/>\nPr\u016fm\u011br otvoru: 29 cm<\/p>\n<p>&nbsp;<\/p>\n","protected":false},"excerpt":{"rendered":"<p>V\u00fdrazn\u00e1 sklen\u011bn\u00e1 v\u00e1za ve velk\u00e9m form\u00e1tu, kter\u00e1 pot\u0159ebuje sv\u016fj prostor. Kombinace syt\u011b modr\u00e9ho t\u011bla a spodn\u00ed \u010d\u00e1sti v kontrastn\u00ed jantarov\u00e9<\/p>\n","protected":false},"featured_media":36245,"template":"","meta":[],"product_brand":[],"product_cat":[95,94],"product_tag":[],"class_list":{"0":"post-36243","1":"product","2":"type-product","3":"status-publish","4":"has-post-thumbnail","6":"product_cat-novinky","7":"product_cat-vazy","8":"product_shipping_class-nadrozmerne","10":"first","11":"instock","12":"purchasable","13":"product-type-simple"},"_links":{"self":[{"href":"https:\/\/eterle.cz\/eshop\/wp-json\/wp\/v2\/product\/36243","targetHints":{"allow":["GET"]}}],"collection":[{"href":"https:\/\/eterle.cz\/eshop\/wp-json\/wp\/v2\/product"}],"about":[{"href":"https:\/\/eterle.cz\/eshop\/wp-json\/wp\/v2\/types\/product"}],"version-history":[{"count":1,"href":"https:\/\/eterle.cz\/eshop\/wp-json\/wp\/v2\/product\/36243\/revisions"}],"predecessor-version":[{"id":36244,"href":"https:\/\/eterle.cz\/eshop\/wp-json\/wp\/v2\/product\/36243\/revisions\/36244"}],"wp:featuredmedia":[{"embeddable":true,"href":"https:\/\/eterle.cz\/eshop\/wp-json\/wp\/v2\/media\/36245"}],"wp:attachment":[{"href":"https:\/\/eterle.cz\/eshop\/wp-json\/wp\/v2\/media?parent=36243"}],"wp:term":[{"taxonomy":"product_brand","embeddable":true,"href":"https:\/\/eterle.cz\/eshop\/wp-json\/wp\/v2\/product_brand?post=36243"},{"taxonomy":"product_cat","embeddable":true,"href":"https:\/\/eterle.cz\/eshop\/wp-json\/wp\/v2\/product_cat?post=36243"},{"taxonomy":"product_tag","embeddable":true,"href":"https:\/\/eterle.cz\/eshop\/wp-json\/wp\/v2\/product_tag?post=36243"}],"curies":[{"name":"wp","href":"https:\/\/api.w.org\/{rel}","templated":true}]}}