{"id":36249,"date":"2026-04-09T23:49:33","date_gmt":"2026-04-09T21:49:33","guid":{"rendered":"https:\/\/eterle.cz\/eshop\/produkt\/keramicka-vaza-4\/"},"modified":"2026-04-13T22:45:15","modified_gmt":"2026-04-13T20:45:15","slug":"keramicka-vaza-4","status":"publish","type":"product","link":"https:\/\/eterle.cz\/eshop\/produkt\/keramicka-vaza-4\/","title":{"rendered":"Keramick\u00e1 v\u00e1za"},"content":{"rendered":"<p>Keramick\u00e1 v\u00e1za s bohat\u00fdm plastick\u00fdm dekorem a v\u00fdraznou barevnost\u00ed, kter\u00e1 odkazuje na produkci st\u0159edoevropsk\u00e9 keramiky druh\u00e9 poloviny 20. stolet\u00ed. Ornament\u00e1ln\u00ed p\u00e1sy s rostlinn\u00fdmi motivy d\u00e1vaj\u00ed celku dekorativn\u00ed, ale st\u00e1le vyv\u00e1\u017een\u00fd charakter.<\/p>\n<p>Tvar je kompaktn\u00ed, s \u0161ir\u0161\u00edm t\u011blem a u\u017e\u0161\u00edm hrdlem, d\u00edky \u010demu\u017e dob\u0159e funguje i s voln\u011bj\u0161\u00edm aran\u017em\u00e1 \u2013 nap\u0159\u00edklad s v\u011btvemi, kter\u00e9 se mohou p\u0159irozen\u011b rozprost\u0159\u00edt do stran.<\/p>\n<p>Sv\u00fdm v\u00fdrazem p\u0159ipom\u00edn\u00e1 pr\u00e1ci Ditmara Urbacha, kde se kombinuje tradi\u010dn\u00ed dekor s v\u00fdrazn\u011bj\u0161\u00ed modelac\u00ed povrchu.<\/p>\n<p>Stav: dobr\u00fd, na jednom m\u00edst\u011b chyb\u00ed kus glazury, na jednom m\u00edste v doln\u00ed \u010d\u00e1sti je dobarvov\u00e1n asi 1,5 cm kousek v\u0161e viz foto<br \/>\nRozm\u011br<br \/>\nV\u00fd\u0161ka: 28 cm<br \/>\nPr\u016fm\u011br otvoru: 10,5 cm<\/p>\n<p>&nbsp;<\/p>\n","protected":false},"excerpt":{"rendered":"<p>Keramick\u00e1 v\u00e1za s bohat\u00fdm plastick\u00fdm dekorem a v\u00fdraznou barevnost\u00ed, kter\u00e1 odkazuje na produkci st\u0159edoevropsk\u00e9 keramiky druh\u00e9 poloviny 20. stolet\u00ed. Ornament\u00e1ln\u00ed<\/p>\n","protected":false},"featured_media":36251,"template":"","meta":[],"product_brand":[],"product_cat":[95,94],"product_tag":[],"class_list":{"0":"post-36249","1":"product","2":"type-product","3":"status-publish","4":"has-post-thumbnail","6":"product_cat-novinky","7":"product_cat-vazy","9":"first","10":"instock","11":"purchasable","12":"product-type-simple"},"_links":{"self":[{"href":"https:\/\/eterle.cz\/eshop\/wp-json\/wp\/v2\/product\/36249","targetHints":{"allow":["GET"]}}],"collection":[{"href":"https:\/\/eterle.cz\/eshop\/wp-json\/wp\/v2\/product"}],"about":[{"href":"https:\/\/eterle.cz\/eshop\/wp-json\/wp\/v2\/types\/product"}],"version-history":[{"count":1,"href":"https:\/\/eterle.cz\/eshop\/wp-json\/wp\/v2\/product\/36249\/revisions"}],"predecessor-version":[{"id":36250,"href":"https:\/\/eterle.cz\/eshop\/wp-json\/wp\/v2\/product\/36249\/revisions\/36250"}],"wp:featuredmedia":[{"embeddable":true,"href":"https:\/\/eterle.cz\/eshop\/wp-json\/wp\/v2\/media\/36251"}],"wp:attachment":[{"href":"https:\/\/eterle.cz\/eshop\/wp-json\/wp\/v2\/media?parent=36249"}],"wp:term":[{"taxonomy":"product_brand","embeddable":true,"href":"https:\/\/eterle.cz\/eshop\/wp-json\/wp\/v2\/product_brand?post=36249"},{"taxonomy":"product_cat","embeddable":true,"href":"https:\/\/eterle.cz\/eshop\/wp-json\/wp\/v2\/product_cat?post=36249"},{"taxonomy":"product_tag","embeddable":true,"href":"https:\/\/eterle.cz\/eshop\/wp-json\/wp\/v2\/product_tag?post=36249"}],"curies":[{"name":"wp","href":"https:\/\/api.w.org\/{rel}","templated":true}]}}