{"id":36261,"date":"2026-04-09T23:49:58","date_gmt":"2026-04-09T21:49:58","guid":{"rendered":"https:\/\/eterle.cz\/eshop\/produkt\/porcleanova-vaza-rosenthal-2\/"},"modified":"2026-04-13T22:45:15","modified_gmt":"2026-04-13T20:45:15","slug":"porcleanova-vaza-rosenthal-2","status":"publish","type":"product","link":"https:\/\/eterle.cz\/eshop\/produkt\/porcleanova-vaza-rosenthal-2\/","title":{"rendered":"Porcle\u00e1nov\u00e1 v\u00e1za \/ Rosenthal"},"content":{"rendered":"<p>Porcel\u00e1nov\u00e1 v\u00e1za z produkce Rosenthal v \u010dist\u011b b\u00edl\u00e9 barv\u011b. Kulat\u00fd, kompaktn\u00ed tvar p\u016fsob\u00ed velmi klidn\u011b a vyv\u00e1\u017een\u011b, bez zbyte\u010dn\u00fdch detail\u016f.<\/p>\n<p>Pr\u00e1v\u011b jednoduchost formy a kvalita porcel\u00e1nu jsou pro Rosenthal typick\u00e9 \u2013 v\u00e1za nep\u016fsob\u00ed ok\u00e1zale, ale stoj\u00ed na jistot\u011b proporce a materi\u00e1lu. D\u00edky tomu se snadno za\u010dlen\u00ed do r\u016fzn\u00fdch typ\u016f interi\u00e9r\u016f a funguje jako nen\u00e1padn\u00fd, kultivovan\u00fd prvek.<\/p>\n<p>Ni\u017e\u0161\u00ed, \u0161ir\u0161\u00ed tvar je ide\u00e1ln\u00ed pro men\u0161\u00ed a\u017e st\u0159edn\u00ed kytice, kter\u00e9 v n\u00ed p\u016fsob\u00ed kompaktn\u011b.<\/p>\n<p>Stav: velmi dobr\u00fd<br \/>\nZna\u010dka: Rosenthal<br \/>\nRozm\u011br<br \/>\nV\u00fd\u0161ka: 18 cm<br \/>\nPr\u016fm\u011br otvoru: 7 cm<\/p>\n<p>&nbsp;<\/p>\n","protected":false},"excerpt":{"rendered":"<p>Porcel\u00e1nov\u00e1 v\u00e1za z produkce Rosenthal v \u010dist\u011b b\u00edl\u00e9 barv\u011b. Kulat\u00fd, kompaktn\u00ed tvar p\u016fsob\u00ed velmi klidn\u011b a vyv\u00e1\u017een\u011b, bez zbyte\u010dn\u00fdch detail\u016f.<\/p>\n","protected":false},"featured_media":36263,"template":"","meta":[],"product_brand":[],"product_cat":[95,94],"product_tag":[],"class_list":{"0":"post-36261","1":"product","2":"type-product","3":"status-publish","4":"has-post-thumbnail","6":"product_cat-novinky","7":"product_cat-vazy","9":"first","10":"instock","11":"purchasable","12":"product-type-simple"},"_links":{"self":[{"href":"https:\/\/eterle.cz\/eshop\/wp-json\/wp\/v2\/product\/36261","targetHints":{"allow":["GET"]}}],"collection":[{"href":"https:\/\/eterle.cz\/eshop\/wp-json\/wp\/v2\/product"}],"about":[{"href":"https:\/\/eterle.cz\/eshop\/wp-json\/wp\/v2\/types\/product"}],"version-history":[{"count":1,"href":"https:\/\/eterle.cz\/eshop\/wp-json\/wp\/v2\/product\/36261\/revisions"}],"predecessor-version":[{"id":36262,"href":"https:\/\/eterle.cz\/eshop\/wp-json\/wp\/v2\/product\/36261\/revisions\/36262"}],"wp:featuredmedia":[{"embeddable":true,"href":"https:\/\/eterle.cz\/eshop\/wp-json\/wp\/v2\/media\/36263"}],"wp:attachment":[{"href":"https:\/\/eterle.cz\/eshop\/wp-json\/wp\/v2\/media?parent=36261"}],"wp:term":[{"taxonomy":"product_brand","embeddable":true,"href":"https:\/\/eterle.cz\/eshop\/wp-json\/wp\/v2\/product_brand?post=36261"},{"taxonomy":"product_cat","embeddable":true,"href":"https:\/\/eterle.cz\/eshop\/wp-json\/wp\/v2\/product_cat?post=36261"},{"taxonomy":"product_tag","embeddable":true,"href":"https:\/\/eterle.cz\/eshop\/wp-json\/wp\/v2\/product_tag?post=36261"}],"curies":[{"name":"wp","href":"https:\/\/api.w.org\/{rel}","templated":true}]}}