{"id":36266,"date":"2026-04-09T23:50:07","date_gmt":"2026-04-09T21:50:07","guid":{"rendered":"https:\/\/eterle.cz\/eshop\/produkt\/porcelanova-vaza-furstenberg\/"},"modified":"2026-04-13T22:45:15","modified_gmt":"2026-04-13T20:45:15","slug":"porcelanova-vaza-furstenberg","status":"publish","type":"product","link":"https:\/\/eterle.cz\/eshop\/produkt\/porcelanova-vaza-furstenberg\/","title":{"rendered":"Porcel\u00e1nov\u00e1 v\u00e1za \/ F\u00fcrstenberg"},"content":{"rendered":"<p>Porcel\u00e1nov\u00e1 v\u00e1za z produkce F\u00fcrstenberg v \u010dist\u011b b\u00edl\u00e9 barv\u011b s jemn\u00fdm dekorativn\u00edm prvkem v podob\u011b tenk\u00fdch zlat\u00fdch lini\u00ed. Tvar je m\u011bkce modelovan\u00fd, s lehce zvln\u011bnou siluetou, kter\u00e1 p\u016fsob\u00ed p\u0159irozen\u011b a elegantn\u011b.<\/p>\n<p>F\u00fcrstenberg pat\u0159\u00ed mezi tradi\u010dn\u00ed n\u011bmeck\u00e9 porcel\u00e1nky s dlouhou histori\u00ed, kde se d\u016fraz klade na kvalitu zpracov\u00e1n\u00ed a kultivovan\u00fd detail. I zde je dekor velmi st\u0159\u00eddm\u00fd \u2013 jen n\u011bkolik lini\u00ed, kter\u00e9 nen\u00e1padn\u011b o\u017eivuj\u00ed jinak \u010dist\u00fd tvar.<\/p>\n<p>V\u00e1za dob\u0159e funguje pro st\u0159edn\u011b velk\u00e1 aran\u017em\u00e1, kter\u00e1 v n\u00ed dr\u017e\u00ed tvar, ale nep\u016fsob\u00ed sv\u00e1zan\u011b.<\/p>\n<p>Stav: velmi dobr\u00fd<br \/>\nZna\u010dka: F\u00fcrstenberg<br \/>\nRozm\u011br<br \/>\nV\u00fd\u0161ka: 26 cm<br \/>\nRozm\u011br otvoru: 8 cm x 7 cm<\/p>\n<p>&nbsp;<\/p>\n","protected":false},"excerpt":{"rendered":"<p>Porcel\u00e1nov\u00e1 v\u00e1za z produkce F\u00fcrstenberg v \u010dist\u011b b\u00edl\u00e9 barv\u011b s jemn\u00fdm dekorativn\u00edm prvkem v podob\u011b tenk\u00fdch zlat\u00fdch lini\u00ed. Tvar je<\/p>\n","protected":false},"featured_media":36268,"template":"","meta":[],"product_brand":[],"product_cat":[95,94],"product_tag":[],"class_list":{"0":"post-36266","1":"product","2":"type-product","3":"status-publish","4":"has-post-thumbnail","6":"product_cat-novinky","7":"product_cat-vazy","9":"first","10":"instock","11":"purchasable","12":"product-type-simple"},"_links":{"self":[{"href":"https:\/\/eterle.cz\/eshop\/wp-json\/wp\/v2\/product\/36266","targetHints":{"allow":["GET"]}}],"collection":[{"href":"https:\/\/eterle.cz\/eshop\/wp-json\/wp\/v2\/product"}],"about":[{"href":"https:\/\/eterle.cz\/eshop\/wp-json\/wp\/v2\/types\/product"}],"version-history":[{"count":1,"href":"https:\/\/eterle.cz\/eshop\/wp-json\/wp\/v2\/product\/36266\/revisions"}],"predecessor-version":[{"id":36267,"href":"https:\/\/eterle.cz\/eshop\/wp-json\/wp\/v2\/product\/36266\/revisions\/36267"}],"wp:featuredmedia":[{"embeddable":true,"href":"https:\/\/eterle.cz\/eshop\/wp-json\/wp\/v2\/media\/36268"}],"wp:attachment":[{"href":"https:\/\/eterle.cz\/eshop\/wp-json\/wp\/v2\/media?parent=36266"}],"wp:term":[{"taxonomy":"product_brand","embeddable":true,"href":"https:\/\/eterle.cz\/eshop\/wp-json\/wp\/v2\/product_brand?post=36266"},{"taxonomy":"product_cat","embeddable":true,"href":"https:\/\/eterle.cz\/eshop\/wp-json\/wp\/v2\/product_cat?post=36266"},{"taxonomy":"product_tag","embeddable":true,"href":"https:\/\/eterle.cz\/eshop\/wp-json\/wp\/v2\/product_tag?post=36266"}],"curies":[{"name":"wp","href":"https:\/\/api.w.org\/{rel}","templated":true}]}}