{"id":36272,"date":"2026-04-09T23:50:20","date_gmt":"2026-04-09T21:50:20","guid":{"rendered":"https:\/\/eterle.cz\/eshop\/produkt\/porcelanova-vaza-thomas-11\/"},"modified":"2026-04-13T22:45:15","modified_gmt":"2026-04-13T20:45:15","slug":"porcelanova-vaza-thomas-11","status":"publish","type":"product","link":"https:\/\/eterle.cz\/eshop\/produkt\/porcelanova-vaza-thomas-11\/","title":{"rendered":"Porcel\u00e1nov\u00e1 v\u00e1za \/ Thomas"},"content":{"rendered":"<p>Porcel\u00e1nov\u00e1 v\u00e1za z produkce Thomas v b\u00edl\u00e9 barv\u011b s jemn\u00fdm zlat\u00fdm dekorem. \u0160t\u00edhl\u00fd, lehce se roz\u0161i\u0159uj\u00edc\u00ed tvar p\u016fsob\u00ed elegantn\u011b a dob\u0159e pracuje s v\u00fd\u0161kou aran\u017em\u00e1.<\/p>\n<p>Dekor je tvo\u0159en drobn\u00fdmi, pravideln\u011b rytmizovan\u00fdmi liniemi, kter\u00e9 na povrchu vytv\u00e1\u0159ej\u00ed jemnou strukturu a p\u0159i dopadu sv\u011btla p\u016fsob\u00ed velmi subtiln\u011b. Nejde o v\u00fdrazn\u00fd ornament, sp\u00ed\u0161e o detail, kter\u00fd o\u017eivuje jinak \u010dist\u00fd tvar.<\/p>\n<p>Thomas, jako sou\u010d\u00e1st rodiny Rosenthal, je zn\u00e1m\u00fd schopnost\u00ed kombinovat jednoduchou formu s kultivovan\u00fdm dekorem. V\u00e1za tak p\u016fsob\u00ed klidn\u011b, ale z\u00e1rove\u0148 m\u00e1 dostatek charakteru.<\/p>\n<p>D\u00edky sv\u00e9mu tvaru je vhodn\u00e1 p\u0159edev\u0161\u00edm pro vy\u0161\u0161\u00ed, voln\u011bj\u0161\u00ed aran\u017em\u00e1, kter\u00e1 v n\u00ed p\u0159irozen\u011b vyniknou.<\/p>\n<p>Stav: velmi dobr\u00fd, v horn\u00ed \u010d\u00e1sti je na jend\u00e9 stran\u011b p\u0159eru\u0161en zlat\u00fd dekor<br \/>\nZna\u010dka: Thomas<br \/>\nRozm\u011br<br \/>\nV\u00fd\u0161ka: 30,5 cm<br \/>\nPr\u016fm\u011br otvoru: 7,5 cm<\/p>\n<p>&nbsp;<\/p>\n","protected":false},"excerpt":{"rendered":"<p>Porcel\u00e1nov\u00e1 v\u00e1za z produkce Thomas v b\u00edl\u00e9 barv\u011b s jemn\u00fdm zlat\u00fdm dekorem. \u0160t\u00edhl\u00fd, lehce se roz\u0161i\u0159uj\u00edc\u00ed tvar p\u016fsob\u00ed elegantn\u011b a<\/p>\n","protected":false},"featured_media":36274,"template":"","meta":[],"product_brand":[],"product_cat":[95,94],"product_tag":[],"class_list":{"0":"post-36272","1":"product","2":"type-product","3":"status-publish","4":"has-post-thumbnail","6":"product_cat-novinky","7":"product_cat-vazy","9":"first","10":"instock","11":"purchasable","12":"product-type-simple"},"_links":{"self":[{"href":"https:\/\/eterle.cz\/eshop\/wp-json\/wp\/v2\/product\/36272","targetHints":{"allow":["GET"]}}],"collection":[{"href":"https:\/\/eterle.cz\/eshop\/wp-json\/wp\/v2\/product"}],"about":[{"href":"https:\/\/eterle.cz\/eshop\/wp-json\/wp\/v2\/types\/product"}],"version-history":[{"count":1,"href":"https:\/\/eterle.cz\/eshop\/wp-json\/wp\/v2\/product\/36272\/revisions"}],"predecessor-version":[{"id":36273,"href":"https:\/\/eterle.cz\/eshop\/wp-json\/wp\/v2\/product\/36272\/revisions\/36273"}],"wp:featuredmedia":[{"embeddable":true,"href":"https:\/\/eterle.cz\/eshop\/wp-json\/wp\/v2\/media\/36274"}],"wp:attachment":[{"href":"https:\/\/eterle.cz\/eshop\/wp-json\/wp\/v2\/media?parent=36272"}],"wp:term":[{"taxonomy":"product_brand","embeddable":true,"href":"https:\/\/eterle.cz\/eshop\/wp-json\/wp\/v2\/product_brand?post=36272"},{"taxonomy":"product_cat","embeddable":true,"href":"https:\/\/eterle.cz\/eshop\/wp-json\/wp\/v2\/product_cat?post=36272"},{"taxonomy":"product_tag","embeddable":true,"href":"https:\/\/eterle.cz\/eshop\/wp-json\/wp\/v2\/product_tag?post=36272"}],"curies":[{"name":"wp","href":"https:\/\/api.w.org\/{rel}","templated":true}]}}