{"id":36278,"date":"2026-04-09T23:50:33","date_gmt":"2026-04-09T21:50:33","guid":{"rendered":"https:\/\/eterle.cz\/eshop\/produkt\/sklenena-vaza-sklarna-chribska\/"},"modified":"2026-04-13T22:45:15","modified_gmt":"2026-04-13T20:45:15","slug":"sklenena-vaza-sklarna-chribska","status":"publish","type":"product","link":"https:\/\/eterle.cz\/eshop\/produkt\/sklenena-vaza-sklarna-chribska\/","title":{"rendered":"Sklen\u011bn\u00e1 v\u00e1za \/ Skl\u00e1rna Ch\u0159ibsk\u00e1"},"content":{"rendered":"<p>Sklen\u011bn\u00e1 v\u00e1za z produkce skl\u00e1rny Ch\u0159ibsk\u00e1 s dynamicky se roz\u0161i\u0159uj\u00edc\u00ed siluetou zakon\u010denou zvln\u011bn\u00fdm okrajem. Typick\u00fd p\u0159\u00edklad pr\u00e1ce s hutn\u00edm sklem, kde tvar i barevnost vznikaj\u00ed p\u0159\u00edmo p\u0159i formov\u00e1n\u00ed materi\u00e1lu.<\/p>\n<p>\u010cir\u00e9 sklo je dopln\u011bno jemn\u00fdm r\u016f\u017eovo a\u017e v\u00ednov\u011b fialov\u00fdm zabarven\u00edm, kter\u00e9 je zintenzivn\u011bno v horn\u00ed \u010d\u00e1sti. P\u0159i dopadu sv\u011btla dod\u00e1v\u00e1 v\u00e1ze hloubku. Plastick\u00e9 tvarov\u00e1n\u00ed nav\u00edc vytv\u00e1\u0159\u00ed v\u00fdraznou hru odlesk\u016f a sv\u011btla.<\/p>\n<p>V\u00e1za je vhodn\u00e1 sp\u00ed\u0161e pro vy\u0161\u0161\u00ed, subtiln\u011bj\u0161\u00ed aran\u017em\u00e1. Z\u00e1rove\u0148 jde o kus, kter\u00fd ocen\u00ed i sb\u011bratel\u00e9 hutn\u00edho skla, kde pr\u00e1v\u011b kombinace tvaru, techniky a barevnosti hraje z\u00e1sadn\u00ed roli.<\/p>\n<p>Stav: velmi dobr\u00fd<br \/>\nZna\u010dka: Skl\u00e1rna Ch\u0159ibsk\u00e1<br \/>\nRozm\u011br<br \/>\nV\u00fd\u0161ka: 38,5 cm<br \/>\nP+J13+J15<\/p>\n<p>&nbsp;<\/p>\n","protected":false},"excerpt":{"rendered":"<p>Sklen\u011bn\u00e1 v\u00e1za z produkce skl\u00e1rny Ch\u0159ibsk\u00e1 s dynamicky se roz\u0161i\u0159uj\u00edc\u00ed siluetou zakon\u010denou zvln\u011bn\u00fdm okrajem. Typick\u00fd p\u0159\u00edklad pr\u00e1ce s hutn\u00edm sklem,<\/p>\n","protected":false},"featured_media":36280,"template":"","meta":[],"product_brand":[],"product_cat":[95,94],"product_tag":[],"class_list":{"0":"post-36278","1":"product","2":"type-product","3":"status-publish","4":"has-post-thumbnail","6":"product_cat-novinky","7":"product_cat-vazy","9":"first","10":"instock","11":"purchasable","12":"product-type-simple"},"_links":{"self":[{"href":"https:\/\/eterle.cz\/eshop\/wp-json\/wp\/v2\/product\/36278","targetHints":{"allow":["GET"]}}],"collection":[{"href":"https:\/\/eterle.cz\/eshop\/wp-json\/wp\/v2\/product"}],"about":[{"href":"https:\/\/eterle.cz\/eshop\/wp-json\/wp\/v2\/types\/product"}],"version-history":[{"count":1,"href":"https:\/\/eterle.cz\/eshop\/wp-json\/wp\/v2\/product\/36278\/revisions"}],"predecessor-version":[{"id":36279,"href":"https:\/\/eterle.cz\/eshop\/wp-json\/wp\/v2\/product\/36278\/revisions\/36279"}],"wp:featuredmedia":[{"embeddable":true,"href":"https:\/\/eterle.cz\/eshop\/wp-json\/wp\/v2\/media\/36280"}],"wp:attachment":[{"href":"https:\/\/eterle.cz\/eshop\/wp-json\/wp\/v2\/media?parent=36278"}],"wp:term":[{"taxonomy":"product_brand","embeddable":true,"href":"https:\/\/eterle.cz\/eshop\/wp-json\/wp\/v2\/product_brand?post=36278"},{"taxonomy":"product_cat","embeddable":true,"href":"https:\/\/eterle.cz\/eshop\/wp-json\/wp\/v2\/product_cat?post=36278"},{"taxonomy":"product_tag","embeddable":true,"href":"https:\/\/eterle.cz\/eshop\/wp-json\/wp\/v2\/product_tag?post=36278"}],"curies":[{"name":"wp","href":"https:\/\/api.w.org\/{rel}","templated":true}]}}