{"id":36284,"date":"2026-04-09T23:50:46","date_gmt":"2026-04-09T21:50:46","guid":{"rendered":"https:\/\/eterle.cz\/eshop\/produkt\/sklenena-vaza-14\/"},"modified":"2026-04-13T22:45:15","modified_gmt":"2026-04-13T20:45:15","slug":"sklenena-vaza-14","status":"publish","type":"product","link":"https:\/\/eterle.cz\/eshop\/produkt\/sklenena-vaza-14\/","title":{"rendered":"Sklen\u011bn\u00e1 v\u00e1za"},"content":{"rendered":"<p>V\u00e1za z hutn\u00edho \u010dir\u00e9ho skla s v\u00fdrazn\u011b tvarovan\u00fdm, rozev\u0159en\u00fdm hrdlem. Organick\u00e1 silueta s m\u011bkce modelovan\u00fdmi okraji p\u016fsob\u00ed \u017eiv\u011b a dob\u0159e pracuje se sv\u011btlem i odlesky.<\/p>\n<p>Tvar vznik\u00e1 p\u0159\u00edmo p\u0159i pr\u00e1ci, co\u017e je pro hutn\u00ed sklo typick\u00e9 \u2013 ka\u017ed\u00fd kus tak nese jemn\u00e9 odchylky a p\u0159irozenou nepravidelnost. Pr\u00e1v\u011b v tom je jeho charakter.<\/p>\n<p>D\u00edky u\u017e\u0161\u00edmu t\u011blu je vhodn\u00e1 sp\u00ed\u0161e pro vy\u0161\u0161\u00ed, voln\u011bj\u0161\u00ed aran\u017em\u00e1. Sb\u011bratel\u00e9 hutn\u00edho skla v\u00e1zu ale ocen\u00ed i bez kv\u011btin.<\/p>\n<p>Stav: velmi dobr\u00fd<br \/>\nRozm\u011br<br \/>\nV\u00fd\u0161ka: 42 cm<br \/>\nPr\u016fm\u011br otvoru: 14,5 cm<\/p>\n<p>&nbsp;<\/p>\n","protected":false},"excerpt":{"rendered":"<p>V\u00e1za z hutn\u00edho \u010dir\u00e9ho skla s v\u00fdrazn\u011b tvarovan\u00fdm, rozev\u0159en\u00fdm hrdlem. Organick\u00e1 silueta s m\u011bkce modelovan\u00fdmi okraji p\u016fsob\u00ed \u017eiv\u011b a dob\u0159e<\/p>\n","protected":false},"featured_media":36286,"template":"","meta":[],"product_brand":[],"product_cat":[95,94],"product_tag":[],"class_list":{"0":"post-36284","1":"product","2":"type-product","3":"status-publish","4":"has-post-thumbnail","6":"product_cat-novinky","7":"product_cat-vazy","9":"first","10":"instock","11":"purchasable","12":"product-type-simple"},"_links":{"self":[{"href":"https:\/\/eterle.cz\/eshop\/wp-json\/wp\/v2\/product\/36284","targetHints":{"allow":["GET"]}}],"collection":[{"href":"https:\/\/eterle.cz\/eshop\/wp-json\/wp\/v2\/product"}],"about":[{"href":"https:\/\/eterle.cz\/eshop\/wp-json\/wp\/v2\/types\/product"}],"version-history":[{"count":1,"href":"https:\/\/eterle.cz\/eshop\/wp-json\/wp\/v2\/product\/36284\/revisions"}],"predecessor-version":[{"id":36285,"href":"https:\/\/eterle.cz\/eshop\/wp-json\/wp\/v2\/product\/36284\/revisions\/36285"}],"wp:featuredmedia":[{"embeddable":true,"href":"https:\/\/eterle.cz\/eshop\/wp-json\/wp\/v2\/media\/36286"}],"wp:attachment":[{"href":"https:\/\/eterle.cz\/eshop\/wp-json\/wp\/v2\/media?parent=36284"}],"wp:term":[{"taxonomy":"product_brand","embeddable":true,"href":"https:\/\/eterle.cz\/eshop\/wp-json\/wp\/v2\/product_brand?post=36284"},{"taxonomy":"product_cat","embeddable":true,"href":"https:\/\/eterle.cz\/eshop\/wp-json\/wp\/v2\/product_cat?post=36284"},{"taxonomy":"product_tag","embeddable":true,"href":"https:\/\/eterle.cz\/eshop\/wp-json\/wp\/v2\/product_tag?post=36284"}],"curies":[{"name":"wp","href":"https:\/\/api.w.org\/{rel}","templated":true}]}}