{"id":36599,"date":"2026-04-21T21:43:36","date_gmt":"2026-04-21T19:43:36","guid":{"rendered":"https:\/\/eterle.cz\/eshop\/produkt\/kreslo-po-renovaci-smidek\/"},"modified":"2026-04-21T22:00:56","modified_gmt":"2026-04-21T20:00:56","slug":"kreslo-po-renovaci-smidek","status":"publish","type":"product","link":"https:\/\/eterle.cz\/eshop\/produkt\/kreslo-po-renovaci-smidek\/","title":{"rendered":"K\u0159eslo po renovaci \/ \u0160m\u00eddek"},"content":{"rendered":"<p>\u010caloun\u011bn\u00e9 k\u0159eslo ze 60. let minul\u00e9ho stolet\u00ed dle n\u00e1vrhu Jaroslava \u0160m\u00eddka pro spole\u010dnost Ton, kde je pro v\u00fdrobu d\u00e1le upravoval Anton\u00edn \u0160uman. K\u0159eslo \u2013 model 6951 \u2013 pro\u0161lo celkovou renovac\u00ed. Nov\u00e9 \u010daloun\u011bn\u00ed kombinuje l\u00e1tku s rostlinn\u00fdm motivem a jednobarevnou l\u00e1tku spodn\u00edho lemu v odst\u00ednu odpov\u00eddaj\u00edc\u00edm barv\u011b list\u016f. D\u0159evo konstrukce je provedeno v tmav\u00e9m t\u00f3nu. Celek p\u016fsob\u00ed v\u00fdrazn\u011bji ne\u017e na\u0161e obvykl\u00e9 realizace, ale st\u00e1le si zachov\u00e1v\u00e1 klidn\u00fd, sv\u011b\u017e\u00ed charakter.<\/p>\n<p>Stav: po celkov\u00e9 renovaci<br \/>\nZna\u010dka: Jaroslav \u0160m\u00eddek pro Ton<br \/>\nRozm\u011br<br \/>\nV\u00fd\u0161ka: 84 cm<br \/>\n\u0160\u00ed\u0159ka: 61 cm<br \/>\nV\u00fd\u0161ka sed\u00e1ku: 45 cm<br \/>\nHloubka: 80 cm<\/p>\n<p>&nbsp;<\/p>\n","protected":false},"excerpt":{"rendered":"<p>\u010caloun\u011bn\u00e9 k\u0159eslo ze 60. let minul\u00e9ho stolet\u00ed dle n\u00e1vrhu Jaroslava \u0160m\u00eddka pro spole\u010dnost Ton, kde je pro v\u00fdrobu d\u00e1le upravoval<\/p>\n","protected":false},"featured_media":36601,"template":"","meta":[],"product_brand":[],"product_cat":[164,95,130],"product_tag":[],"class_list":{"0":"post-36599","1":"product","2":"type-product","3":"status-publish","4":"has-post-thumbnail","6":"product_cat-kresla","7":"product_cat-novinky","8":"product_cat-nabytek","9":"product_shipping_class-nadrozmerne","11":"first","12":"instock","13":"purchasable","14":"product-type-simple"},"_links":{"self":[{"href":"https:\/\/eterle.cz\/eshop\/wp-json\/wp\/v2\/product\/36599","targetHints":{"allow":["GET"]}}],"collection":[{"href":"https:\/\/eterle.cz\/eshop\/wp-json\/wp\/v2\/product"}],"about":[{"href":"https:\/\/eterle.cz\/eshop\/wp-json\/wp\/v2\/types\/product"}],"version-history":[{"count":1,"href":"https:\/\/eterle.cz\/eshop\/wp-json\/wp\/v2\/product\/36599\/revisions"}],"predecessor-version":[{"id":36600,"href":"https:\/\/eterle.cz\/eshop\/wp-json\/wp\/v2\/product\/36599\/revisions\/36600"}],"wp:featuredmedia":[{"embeddable":true,"href":"https:\/\/eterle.cz\/eshop\/wp-json\/wp\/v2\/media\/36601"}],"wp:attachment":[{"href":"https:\/\/eterle.cz\/eshop\/wp-json\/wp\/v2\/media?parent=36599"}],"wp:term":[{"taxonomy":"product_brand","embeddable":true,"href":"https:\/\/eterle.cz\/eshop\/wp-json\/wp\/v2\/product_brand?post=36599"},{"taxonomy":"product_cat","embeddable":true,"href":"https:\/\/eterle.cz\/eshop\/wp-json\/wp\/v2\/product_cat?post=36599"},{"taxonomy":"product_tag","embeddable":true,"href":"https:\/\/eterle.cz\/eshop\/wp-json\/wp\/v2\/product_tag?post=36599"}],"curies":[{"name":"wp","href":"https:\/\/api.w.org\/{rel}","templated":true}]}}