{"id":36608,"date":"2026-04-21T21:43:56","date_gmt":"2026-04-21T19:43:56","guid":{"rendered":"https:\/\/eterle.cz\/eshop\/produkt\/kreslo-kostka\/"},"modified":"2026-04-21T22:00:55","modified_gmt":"2026-04-21T20:00:55","slug":"kreslo-kostka","status":"publish","type":"product","link":"https:\/\/eterle.cz\/eshop\/produkt\/kreslo-kostka\/","title":{"rendered":"K\u0159eslo kostka"},"content":{"rendered":"<p>K\u0159eslo s pevnou d\u0159ev\u011bnou konstrukc\u00ed a jednoduch\u00fdm, p\u0159\u00edmo\u010dar\u00fdm tvarem, kter\u00e9 odkazuje na praktick\u00fd n\u00e1bytek druh\u00e9 poloviny 20. stolet\u00ed. Robustn\u011bj\u0161\u00ed proporce mu d\u00e1vaj\u00ed stabiln\u00ed, klidn\u00fd v\u00fdraz.<br \/>\nNov\u00e1 l\u00e1tka v kostkovan\u00e9m vzoru p\u0159in\u00e1\u0161\u00ed lehkou inspiraci horsk\u00fdmi interi\u00e9ry a chalup\u00e1\u0159skou estetikou, z\u00e1rove\u0148 ale d\u00edky tlumen\u00e9 barevnosti nep\u016fsob\u00ed tematicky ani ru\u0161iv\u011b. Celek tak dob\u0159e funguje nejen v rekrea\u010dn\u00edm prost\u0159ed\u00ed, ale i v b\u011b\u017en\u00e9m interi\u00e9ru, kde m\u016f\u017ee vytvo\u0159it p\u0159\u00edjemn\u00fd kontrast k \u010dist\u0161\u00edm, modern\u011bj\u0161\u00edm prvk\u016fm.<\/p>\n<p>Stav: nov\u00e1 l\u00e1tka, d\u0159evo p\u016fvodn\u00ed<br \/>\nRozm\u011br<br \/>\nV\u00fd\u0161ka: 90 cm<br \/>\n\u0160\u00ed\u0159ka: 60 cm<br \/>\nV\u00fd\u0161ka sed\u00e1ku: 50 cm<br \/>\nHloubka sed\u00e1ku: 45 cm<br \/>\nHloubka: 63 cm<\/p>\n<p>&nbsp;<\/p>\n","protected":false},"excerpt":{"rendered":"<p>K\u0159eslo s pevnou d\u0159ev\u011bnou konstrukc\u00ed a jednoduch\u00fdm, p\u0159\u00edmo\u010dar\u00fdm tvarem, kter\u00e9 odkazuje na praktick\u00fd n\u00e1bytek druh\u00e9 poloviny 20. stolet\u00ed. Robustn\u011bj\u0161\u00ed proporce<\/p>\n","protected":false},"featured_media":36610,"template":"","meta":[],"product_brand":[],"product_cat":[164,95,130],"product_tag":[],"class_list":{"0":"post-36608","1":"product","2":"type-product","3":"status-publish","4":"has-post-thumbnail","6":"product_cat-kresla","7":"product_cat-novinky","8":"product_cat-nabytek","9":"product_shipping_class-nadrozmerne","11":"first","12":"instock","13":"purchasable","14":"product-type-simple"},"_links":{"self":[{"href":"https:\/\/eterle.cz\/eshop\/wp-json\/wp\/v2\/product\/36608","targetHints":{"allow":["GET"]}}],"collection":[{"href":"https:\/\/eterle.cz\/eshop\/wp-json\/wp\/v2\/product"}],"about":[{"href":"https:\/\/eterle.cz\/eshop\/wp-json\/wp\/v2\/types\/product"}],"version-history":[{"count":1,"href":"https:\/\/eterle.cz\/eshop\/wp-json\/wp\/v2\/product\/36608\/revisions"}],"predecessor-version":[{"id":36609,"href":"https:\/\/eterle.cz\/eshop\/wp-json\/wp\/v2\/product\/36608\/revisions\/36609"}],"wp:featuredmedia":[{"embeddable":true,"href":"https:\/\/eterle.cz\/eshop\/wp-json\/wp\/v2\/media\/36610"}],"wp:attachment":[{"href":"https:\/\/eterle.cz\/eshop\/wp-json\/wp\/v2\/media?parent=36608"}],"wp:term":[{"taxonomy":"product_brand","embeddable":true,"href":"https:\/\/eterle.cz\/eshop\/wp-json\/wp\/v2\/product_brand?post=36608"},{"taxonomy":"product_cat","embeddable":true,"href":"https:\/\/eterle.cz\/eshop\/wp-json\/wp\/v2\/product_cat?post=36608"},{"taxonomy":"product_tag","embeddable":true,"href":"https:\/\/eterle.cz\/eshop\/wp-json\/wp\/v2\/product_tag?post=36608"}],"curies":[{"name":"wp","href":"https:\/\/api.w.org\/{rel}","templated":true}]}}