{"id":36655,"date":"2026-04-21T21:45:41","date_gmt":"2026-04-21T19:45:41","guid":{"rendered":"https:\/\/eterle.cz\/eshop\/produkt\/ulozna-skrinka-lipa\/"},"modified":"2026-04-21T22:00:55","modified_gmt":"2026-04-21T20:00:55","slug":"ulozna-skrinka-lipa","status":"publish","type":"product","link":"https:\/\/eterle.cz\/eshop\/produkt\/ulozna-skrinka-lipa\/","title":{"rendered":"\u00dalo\u017en\u00e1 sk\u0159\u00ed\u0148ka \/ L\u00edpa"},"content":{"rendered":"<p>\u00dalo\u017en\u00e1 sk\u0159\u00ed\u0148ka \/ knihovna z produkce dru\u017estva L\u00cdPA, \u00dast\u00ed nad Labem, datovan\u00e1 do roku 1969. Typick\u00fd p\u0159\u00edklad \u010deskoslovensk\u00e9ho n\u00e1bytku konce 60. let, kde se spojuje prakti\u010dnost s \u010dist\u00fdm, funk\u010dn\u00edm v\u00fdrazem.<\/p>\n<p>Sestava pracuje s jednoduchou, p\u0159ehlednou konstrukc\u00ed \u2013 spodn\u00ed \u010d\u00e1st kombinuje uzav\u0159en\u00fd \u00falo\u017en\u00fd prostor se z\u00e1suvkami, horn\u00ed n\u00e1stavec nab\u00edz\u00ed otev\u0159en\u00e9 police i uzav\u00edratelnou \u010d\u00e1st. V\u0161e je \u0159e\u0161eno \u00fa\u010deln\u011b, bez zbyte\u010dn\u00e9 dekorace, s d\u016frazem na ka\u017edodenn\u00ed pou\u017e\u00edv\u00e1n\u00ed.<\/p>\n<p>D\u00fdhov\u00e1n\u00ed v tepl\u00e9m odst\u00ednu d\u0159eva dod\u00e1v\u00e1 kusu p\u0159\u00edjemn\u00fd charakter a zjem\u0148uje jinak racion\u00e1ln\u00ed tvar. Typick\u00e9 jsou i drobn\u00e9 detaily, jako zapu\u0161t\u011bn\u00e9 \u00fachyty, kter\u00e9 neru\u0161\u00ed celkovou linii.<\/p>\n<p>Dnes se uplatn\u00ed p\u0159edev\u0161\u00edm v ob\u00e1vac\u00edm nebo d\u011btsk\u00e9m pokoji \u2013 jako knihovna a \u00falo\u017en\u00e1 sk\u0159\u00ed\u0148ka.<\/p>\n<p>Stav: p\u016fvodn\u00ed, zachoval\u00fd, s drobn\u00fdmi stopami \u010dasu<br \/>\nRozm\u011br<br \/>\nV\u00fd\u0161ka: 175 cm<br \/>\n\u0160\u00ed\u0159ka: 114 cm<br \/>\nHloubka: 49 cm<\/p>\n<p>&nbsp;<\/p>\n","protected":false},"excerpt":{"rendered":"<p>\u00dalo\u017en\u00e1 sk\u0159\u00ed\u0148ka \/ knihovna z produkce dru\u017estva L\u00cdPA, \u00dast\u00ed nad Labem, datovan\u00e1 do roku 1969. Typick\u00fd p\u0159\u00edklad \u010deskoslovensk\u00e9ho n\u00e1bytku konce<\/p>\n","protected":false},"featured_media":36657,"template":"","meta":[],"product_brand":[],"product_cat":[95,130,125],"product_tag":[],"class_list":{"0":"post-36655","1":"product","2":"type-product","3":"status-publish","4":"has-post-thumbnail","6":"product_cat-novinky","7":"product_cat-nabytek","8":"product_cat-komody-a-skrine","9":"product_shipping_class-nadrozmerne","11":"first","12":"instock","13":"purchasable","14":"product-type-simple"},"_links":{"self":[{"href":"https:\/\/eterle.cz\/eshop\/wp-json\/wp\/v2\/product\/36655","targetHints":{"allow":["GET"]}}],"collection":[{"href":"https:\/\/eterle.cz\/eshop\/wp-json\/wp\/v2\/product"}],"about":[{"href":"https:\/\/eterle.cz\/eshop\/wp-json\/wp\/v2\/types\/product"}],"version-history":[{"count":1,"href":"https:\/\/eterle.cz\/eshop\/wp-json\/wp\/v2\/product\/36655\/revisions"}],"predecessor-version":[{"id":36656,"href":"https:\/\/eterle.cz\/eshop\/wp-json\/wp\/v2\/product\/36655\/revisions\/36656"}],"wp:featuredmedia":[{"embeddable":true,"href":"https:\/\/eterle.cz\/eshop\/wp-json\/wp\/v2\/media\/36657"}],"wp:attachment":[{"href":"https:\/\/eterle.cz\/eshop\/wp-json\/wp\/v2\/media?parent=36655"}],"wp:term":[{"taxonomy":"product_brand","embeddable":true,"href":"https:\/\/eterle.cz\/eshop\/wp-json\/wp\/v2\/product_brand?post=36655"},{"taxonomy":"product_cat","embeddable":true,"href":"https:\/\/eterle.cz\/eshop\/wp-json\/wp\/v2\/product_cat?post=36655"},{"taxonomy":"product_tag","embeddable":true,"href":"https:\/\/eterle.cz\/eshop\/wp-json\/wp\/v2\/product_tag?post=36655"}],"curies":[{"name":"wp","href":"https:\/\/api.w.org\/{rel}","templated":true}]}}