{"id":36665,"date":"2026-04-21T21:46:03","date_gmt":"2026-04-21T19:46:03","guid":{"rendered":"https:\/\/eterle.cz\/eshop\/produkt\/skrinka-s-knihovnou-lipa\/"},"modified":"2026-04-21T22:00:55","modified_gmt":"2026-04-21T20:00:55","slug":"skrinka-s-knihovnou-lipa","status":"publish","type":"product","link":"https:\/\/eterle.cz\/eshop\/produkt\/skrinka-s-knihovnou-lipa\/","title":{"rendered":"Sk\u0159\u00ed\u0148ka s knihovnou \/ L\u00edpa"},"content":{"rendered":"<p>Knihovna se sk\u0159\u00ed\u0148kou z produkce dru\u017estva L\u00cdPA, \u00dast\u00ed nad Labem, datovan\u00e1 do roku 1969. Typick\u00fd p\u0159\u00edklad \u010deskoslovensk\u00e9ho n\u00e1bytku konce 60. let, kde se spojuje prakti\u010dnost s \u010dist\u00fdm, funk\u010dn\u00edm v\u00fdrazem.<\/p>\n<p>Celek je \u0159e\u0161en jako kompaktn\u00ed sestava \u2013 spodn\u00ed \u010d\u00e1st nab\u00edz\u00ed velkorys\u00fd uzav\u0159en\u00fd \u00falo\u017en\u00fd prostor, horn\u00ed \u010d\u00e1st pak otev\u0159en\u00e9 police dopln\u011bn\u00e9 prosklenou posuvnou \u010d\u00e1st\u00ed. P\u016fsob\u00ed p\u0159ehledn\u011b a z\u00e1rove\u0148 vzdu\u0161n\u011b d\u00edky subtiln\u00edm noh\u00e1m a odleh\u010den\u00e9 horn\u00ed linii.<\/p>\n<p>D\u00fdhov\u00e1n\u00ed v tepl\u00e9m odst\u00ednu d\u0159eva dod\u00e1v\u00e1 kusu p\u0159\u00edjemn\u00fd charakter a zjem\u0148uje jinak racion\u00e1ln\u00ed tvar. Typick\u00e9 jsou i drobn\u00e9 detaily, jako zapu\u0161t\u011bn\u00e9 \u00fachyty, kter\u00e9 neru\u0161\u00ed celkov\u00fd v\u00fdraz.<\/p>\n<p>Dnes se p\u0159irozen\u011b uplatn\u00ed v ob\u00fdvac\u00edm prostoru \u2013 jako knihovna, \u00falo\u017en\u00e1 sk\u0159\u00ed\u0148ka nebo kombinovan\u00fd kus na knihy, dekorace i ka\u017edodenn\u00ed v\u011bci.<\/p>\n<p>Stav: p\u016fvodn\u00ed, zachoval\u00fd<br \/>\nRozm\u011br<br \/>\nV\u00fd\u0161ka: 175 cm<br \/>\n\u0160\u00ed\u0159ka: 169 cm<br \/>\nHloubka: 49 cm<\/p>\n<p>&nbsp;<\/p>\n","protected":false},"excerpt":{"rendered":"<p>Knihovna se sk\u0159\u00ed\u0148kou z produkce dru\u017estva L\u00cdPA, \u00dast\u00ed nad Labem, datovan\u00e1 do roku 1969. Typick\u00fd p\u0159\u00edklad \u010deskoslovensk\u00e9ho n\u00e1bytku konce 60.<\/p>\n","protected":false},"featured_media":36667,"template":"","meta":[],"product_brand":[],"product_cat":[95,130,125],"product_tag":[],"class_list":{"0":"post-36665","1":"product","2":"type-product","3":"status-publish","4":"has-post-thumbnail","6":"product_cat-novinky","7":"product_cat-nabytek","8":"product_cat-komody-a-skrine","9":"product_shipping_class-nadrozmerne","11":"first","12":"instock","13":"purchasable","14":"product-type-simple"},"_links":{"self":[{"href":"https:\/\/eterle.cz\/eshop\/wp-json\/wp\/v2\/product\/36665","targetHints":{"allow":["GET"]}}],"collection":[{"href":"https:\/\/eterle.cz\/eshop\/wp-json\/wp\/v2\/product"}],"about":[{"href":"https:\/\/eterle.cz\/eshop\/wp-json\/wp\/v2\/types\/product"}],"version-history":[{"count":1,"href":"https:\/\/eterle.cz\/eshop\/wp-json\/wp\/v2\/product\/36665\/revisions"}],"predecessor-version":[{"id":36666,"href":"https:\/\/eterle.cz\/eshop\/wp-json\/wp\/v2\/product\/36665\/revisions\/36666"}],"wp:featuredmedia":[{"embeddable":true,"href":"https:\/\/eterle.cz\/eshop\/wp-json\/wp\/v2\/media\/36667"}],"wp:attachment":[{"href":"https:\/\/eterle.cz\/eshop\/wp-json\/wp\/v2\/media?parent=36665"}],"wp:term":[{"taxonomy":"product_brand","embeddable":true,"href":"https:\/\/eterle.cz\/eshop\/wp-json\/wp\/v2\/product_brand?post=36665"},{"taxonomy":"product_cat","embeddable":true,"href":"https:\/\/eterle.cz\/eshop\/wp-json\/wp\/v2\/product_cat?post=36665"},{"taxonomy":"product_tag","embeddable":true,"href":"https:\/\/eterle.cz\/eshop\/wp-json\/wp\/v2\/product_tag?post=36665"}],"curies":[{"name":"wp","href":"https:\/\/api.w.org\/{rel}","templated":true}]}}