{"id":36676,"date":"2026-04-21T21:46:26","date_gmt":"2026-04-21T19:46:26","guid":{"rendered":"https:\/\/eterle.cz\/eshop\/produkt\/kresilko-thonet-3\/"},"modified":"2026-04-21T21:59:42","modified_gmt":"2026-04-21T19:59:42","slug":"kresilko-thonet-3","status":"publish","type":"product","link":"https:\/\/eterle.cz\/eshop\/produkt\/kresilko-thonet-3\/","title":{"rendered":"K\u0159es\u00edlko \/ Thonet"},"content":{"rendered":"<p>\u010caloun\u011bn\u00e9 k\u0159eslo z oh\u00fdban\u00e9ho d\u0159eva, typologicky vych\u00e1zej\u00edc\u00ed z ikonick\u00fdch model\u016f Thonet B-9, zn\u00e1m\u00fdch tak\u00e9 jako \u201eCorbusier chair\u201c.<\/p>\n<p>Charakteristick\u00fd je plynul\u00fd oblouk, kter\u00fd spojuje op\u011bradlo a podru\u010dky do jednoho tvaru \u2013 jeden z nejv\u00fdrazn\u011bj\u0161\u00edch princip\u016f technologie oh\u00fdban\u00e9ho d\u0159eva.<\/p>\n<p>Oproti subtiln\u011bj\u0161\u00edm p\u016fvodn\u00edm model\u016fm p\u016fsob\u00ed toto proveden\u00ed pln\u011bji a robustn\u011bji, bl\u00ed\u017ee produkci st\u0159edn\u00ed Evropy 40. a 50. let.<\/p>\n<p>Je to kus, kter\u00fd v sob\u011b nese siln\u00fd designov\u00fd odkaz.<\/p>\n<p>Stav: d\u0159evo po renovaci, \u010daloun\u011bn\u00ed p\u016fvodn\u00ed, zachoval\u00e9<br \/>\nZna\u010dka: Thonet<br \/>\nRozm\u011br<br \/>\nV\u00fd\u0161ka: 77 cm<br \/>\n\u0160\u00ed\u0159ka: 58,5 cm<br \/>\nHloubka: 55 cm<br \/>\nV\u00fd\u0161ka sed\u00e1ku: 46 cm<\/p>\n<p>&nbsp;<\/p>\n","protected":false},"excerpt":{"rendered":"<p>\u010caloun\u011bn\u00e9 k\u0159eslo z oh\u00fdban\u00e9ho d\u0159eva, typologicky vych\u00e1zej\u00edc\u00ed z ikonick\u00fdch model\u016f Thonet B-9, zn\u00e1m\u00fdch tak\u00e9 jako \u201eCorbusier chair\u201c. Charakteristick\u00fd je plynul\u00fd<\/p>\n","protected":false},"featured_media":36678,"template":"","meta":[],"product_brand":[],"product_cat":[95,130,121],"product_tag":[],"class_list":{"0":"post-36676","1":"product","2":"type-product","3":"status-publish","4":"has-post-thumbnail","6":"product_cat-novinky","7":"product_cat-nabytek","8":"product_cat-zidle","9":"product_shipping_class-nadrozmerne","11":"first","12":"instock","13":"purchasable","14":"product-type-simple"},"_links":{"self":[{"href":"https:\/\/eterle.cz\/eshop\/wp-json\/wp\/v2\/product\/36676","targetHints":{"allow":["GET"]}}],"collection":[{"href":"https:\/\/eterle.cz\/eshop\/wp-json\/wp\/v2\/product"}],"about":[{"href":"https:\/\/eterle.cz\/eshop\/wp-json\/wp\/v2\/types\/product"}],"version-history":[{"count":1,"href":"https:\/\/eterle.cz\/eshop\/wp-json\/wp\/v2\/product\/36676\/revisions"}],"predecessor-version":[{"id":36677,"href":"https:\/\/eterle.cz\/eshop\/wp-json\/wp\/v2\/product\/36676\/revisions\/36677"}],"wp:featuredmedia":[{"embeddable":true,"href":"https:\/\/eterle.cz\/eshop\/wp-json\/wp\/v2\/media\/36678"}],"wp:attachment":[{"href":"https:\/\/eterle.cz\/eshop\/wp-json\/wp\/v2\/media?parent=36676"}],"wp:term":[{"taxonomy":"product_brand","embeddable":true,"href":"https:\/\/eterle.cz\/eshop\/wp-json\/wp\/v2\/product_brand?post=36676"},{"taxonomy":"product_cat","embeddable":true,"href":"https:\/\/eterle.cz\/eshop\/wp-json\/wp\/v2\/product_cat?post=36676"},{"taxonomy":"product_tag","embeddable":true,"href":"https:\/\/eterle.cz\/eshop\/wp-json\/wp\/v2\/product_tag?post=36676"}],"curies":[{"name":"wp","href":"https:\/\/api.w.org\/{rel}","templated":true}]}}