{"id":36685,"date":"2026-04-21T21:46:46","date_gmt":"2026-04-21T19:46:46","guid":{"rendered":"https:\/\/eterle.cz\/eshop\/produkt\/opalovy-lustr\/"},"modified":"2026-04-21T21:59:41","modified_gmt":"2026-04-21T19:59:41","slug":"opalovy-lustr","status":"publish","type":"product","link":"https:\/\/eterle.cz\/eshop\/produkt\/opalovy-lustr\/","title":{"rendered":"Op\u00e1lov\u00fd lustr"},"content":{"rendered":"<p>Tvarov\u011b v\u00fdrazn\u00e9 z\u00e1v\u011bsn\u00e9 sv\u00edtidlo s plastick\u00fdm dekorem, kter\u00fd vynik\u00e1 zejm\u00e9na p\u0159i rozsv\u00edcen\u00ed. B\u00edl\u00e1 op\u00e1lov\u00e1 sklen\u011bn\u00e1 st\u00ednidla s geometrick\u00fdm reli\u00e9fem byla obl\u00edben\u00e1 zejm\u00e9na v 60. a 70. letech a dodnes zaujmou svou struktur\u00e1ln\u00ed hrou sv\u011btla a st\u00ednu. Tento model sv\u00fdm tvarem p\u0159ipom\u00edn\u00e1 pap\u00edrovou skl\u00e1danku origami.<\/p>\n<p>Stav: nov\u00e1 elektroinstalace<br \/>\nRozm\u011br<br \/>\nCelkov\u00e1 d\u00e9lka: 61 cm<br \/>\nD\u00e9lka ty\u010de: 37 cm<br \/>\nP\u016fm\u011br: 30 cm<\/p>\n<p>&nbsp;<\/p>\n","protected":false},"excerpt":{"rendered":"<p>Tvarov\u011b v\u00fdrazn\u00e9 z\u00e1v\u011bsn\u00e9 sv\u00edtidlo s plastick\u00fdm dekorem, kter\u00fd vynik\u00e1 zejm\u00e9na p\u0159i rozsv\u00edcen\u00ed. B\u00edl\u00e1 op\u00e1lov\u00e1 sklen\u011bn\u00e1 st\u00ednidla s geometrick\u00fdm reli\u00e9fem byla<\/p>\n","protected":false},"featured_media":36687,"template":"","meta":[],"product_brand":[],"product_cat":[95,79,140],"product_tag":[],"class_list":{"0":"post-36685","1":"product","2":"type-product","3":"status-publish","4":"has-post-thumbnail","6":"product_cat-novinky","7":"product_cat-svetla","8":"product_cat-lustry","9":"product_shipping_class-nadrozmerne","11":"first","12":"instock","13":"purchasable","14":"product-type-simple"},"_links":{"self":[{"href":"https:\/\/eterle.cz\/eshop\/wp-json\/wp\/v2\/product\/36685","targetHints":{"allow":["GET"]}}],"collection":[{"href":"https:\/\/eterle.cz\/eshop\/wp-json\/wp\/v2\/product"}],"about":[{"href":"https:\/\/eterle.cz\/eshop\/wp-json\/wp\/v2\/types\/product"}],"version-history":[{"count":1,"href":"https:\/\/eterle.cz\/eshop\/wp-json\/wp\/v2\/product\/36685\/revisions"}],"predecessor-version":[{"id":36686,"href":"https:\/\/eterle.cz\/eshop\/wp-json\/wp\/v2\/product\/36685\/revisions\/36686"}],"wp:featuredmedia":[{"embeddable":true,"href":"https:\/\/eterle.cz\/eshop\/wp-json\/wp\/v2\/media\/36687"}],"wp:attachment":[{"href":"https:\/\/eterle.cz\/eshop\/wp-json\/wp\/v2\/media?parent=36685"}],"wp:term":[{"taxonomy":"product_brand","embeddable":true,"href":"https:\/\/eterle.cz\/eshop\/wp-json\/wp\/v2\/product_brand?post=36685"},{"taxonomy":"product_cat","embeddable":true,"href":"https:\/\/eterle.cz\/eshop\/wp-json\/wp\/v2\/product_cat?post=36685"},{"taxonomy":"product_tag","embeddable":true,"href":"https:\/\/eterle.cz\/eshop\/wp-json\/wp\/v2\/product_tag?post=36685"}],"curies":[{"name":"wp","href":"https:\/\/api.w.org\/{rel}","templated":true}]}}