{"id":36701,"date":"2026-04-21T21:47:20","date_gmt":"2026-04-21T19:47:20","guid":{"rendered":"https:\/\/eterle.cz\/eshop\/produkt\/lustr-siska-3\/"},"modified":"2026-04-21T21:59:41","modified_gmt":"2026-04-21T19:59:41","slug":"lustr-siska-3","status":"publish","type":"product","link":"https:\/\/eterle.cz\/eshop\/produkt\/lustr-siska-3\/","title":{"rendered":"Lustr &#8222;\u0161i\u0161ka&#8220;"},"content":{"rendered":"<p>Lustr z matn\u00e9ho lisovan\u00e9ho skla, kter\u00fd sv\u00fdm podlouhl\u00fdm tvarem a strukturovan\u00fdm reli\u00e9fem p\u0159ipom\u00edn\u00e1 lesn\u00ed \u0161i\u0161ku. Svisl\u00e9 \u017eebrov\u00e1n\u00ed a p\u00e1s s plastick\u00fdm optick\u00fdm dekorem dod\u00e1vaj\u00ed lamp\u011b so\u0161nou eleganci.<\/p>\n<p>Stav: nov\u00e1 elektroinstalace, chrom lehk\u00e1 patina<br \/>\nRozm\u011br<br \/>\nCelkov\u00e1 v\u00fd\u0161ka: 82 cm<br \/>\nD\u00e9lka ty\u010de: 50 cm<br \/>\nP\u016fm\u011br: 26 cm<\/p>\n<p>&nbsp;<\/p>\n","protected":false},"excerpt":{"rendered":"<p>Lustr z matn\u00e9ho lisovan\u00e9ho skla, kter\u00fd sv\u00fdm podlouhl\u00fdm tvarem a strukturovan\u00fdm reli\u00e9fem p\u0159ipom\u00edn\u00e1 lesn\u00ed \u0161i\u0161ku. Svisl\u00e9 \u017eebrov\u00e1n\u00ed a p\u00e1s s<\/p>\n","protected":false},"featured_media":36703,"template":"","meta":[],"product_brand":[],"product_cat":[95,79,140],"product_tag":[],"class_list":{"0":"post-36701","1":"product","2":"type-product","3":"status-publish","4":"has-post-thumbnail","6":"product_cat-novinky","7":"product_cat-svetla","8":"product_cat-lustry","9":"product_shipping_class-nadrozmerne","11":"first","12":"instock","13":"purchasable","14":"product-type-simple"},"_links":{"self":[{"href":"https:\/\/eterle.cz\/eshop\/wp-json\/wp\/v2\/product\/36701","targetHints":{"allow":["GET"]}}],"collection":[{"href":"https:\/\/eterle.cz\/eshop\/wp-json\/wp\/v2\/product"}],"about":[{"href":"https:\/\/eterle.cz\/eshop\/wp-json\/wp\/v2\/types\/product"}],"version-history":[{"count":1,"href":"https:\/\/eterle.cz\/eshop\/wp-json\/wp\/v2\/product\/36701\/revisions"}],"predecessor-version":[{"id":36702,"href":"https:\/\/eterle.cz\/eshop\/wp-json\/wp\/v2\/product\/36701\/revisions\/36702"}],"wp:featuredmedia":[{"embeddable":true,"href":"https:\/\/eterle.cz\/eshop\/wp-json\/wp\/v2\/media\/36703"}],"wp:attachment":[{"href":"https:\/\/eterle.cz\/eshop\/wp-json\/wp\/v2\/media?parent=36701"}],"wp:term":[{"taxonomy":"product_brand","embeddable":true,"href":"https:\/\/eterle.cz\/eshop\/wp-json\/wp\/v2\/product_brand?post=36701"},{"taxonomy":"product_cat","embeddable":true,"href":"https:\/\/eterle.cz\/eshop\/wp-json\/wp\/v2\/product_cat?post=36701"},{"taxonomy":"product_tag","embeddable":true,"href":"https:\/\/eterle.cz\/eshop\/wp-json\/wp\/v2\/product_tag?post=36701"}],"curies":[{"name":"wp","href":"https:\/\/api.w.org\/{rel}","templated":true}]}}