{"id":36710,"date":"2026-04-21T21:47:40","date_gmt":"2026-04-21T19:47:40","guid":{"rendered":"https:\/\/eterle.cz\/eshop\/produkt\/lustr-opalove-sklo-12\/"},"modified":"2026-04-21T21:59:41","modified_gmt":"2026-04-21T19:59:41","slug":"lustr-opalove-sklo-12","status":"publish","type":"product","link":"https:\/\/eterle.cz\/eshop\/produkt\/lustr-opalove-sklo-12\/","title":{"rendered":"Lustr op\u00e1lov\u00e9 sklo"},"content":{"rendered":"<p>Lustr z op\u00e1lov\u00e9ho skla s lehce modelovan\u00fdm tvarem. Silueta nen\u00ed striktn\u011b geometrick\u00e1, naopak m\u00e1 jemn\u011b organick\u00fd charakter, d\u00edky kter\u00e9mu sv\u011btlo p\u016fsob\u00ed m\u011bkce a p\u0159irozen\u011b.Op\u00e1lov\u00e9 sklo zaji\u0161\u0165uje p\u0159\u00edjemn\u011b rozpt\u00fdlen\u00e9, neosl\u0148uj\u00edc\u00ed sv\u011btlo, kter\u00e9 se dob\u0159e uplatn\u00ed v obytn\u00e9m interi\u00e9ru. Jde o sv\u00edtidlo vych\u00e1zej\u00edc\u00ed z produkce 60. a 70. let, kdy se vedle funk\u010dnosti za\u010d\u00edn\u00e1 v\u00edce pracovat i s plasticitou skla a jemn\u00fdm tvarov\u00e1n\u00edm.<\/p>\n<p>Stav: nov\u00e1 elektroinstalace<br \/>\nRozm\u011br<br \/>\nCelkov\u00e1 v\u00fd\u0161ka: 68 cm<br \/>\nD\u00e9lka ty\u010de: 39 cm<br \/>\nP\u016fm\u011br: 24 cm<\/p>\n<p>&nbsp;<\/p>\n","protected":false},"excerpt":{"rendered":"<p>Lustr z op\u00e1lov\u00e9ho skla s lehce modelovan\u00fdm tvarem. Silueta nen\u00ed striktn\u011b geometrick\u00e1, naopak m\u00e1 jemn\u011b organick\u00fd charakter, d\u00edky kter\u00e9mu sv\u011btlo<\/p>\n","protected":false},"featured_media":36712,"template":"","meta":[],"product_brand":[],"product_cat":[95,79,140],"product_tag":[],"class_list":{"0":"post-36710","1":"product","2":"type-product","3":"status-publish","4":"has-post-thumbnail","6":"product_cat-novinky","7":"product_cat-svetla","8":"product_cat-lustry","9":"product_shipping_class-nadrozmerne","11":"first","12":"instock","13":"purchasable","14":"product-type-simple"},"_links":{"self":[{"href":"https:\/\/eterle.cz\/eshop\/wp-json\/wp\/v2\/product\/36710","targetHints":{"allow":["GET"]}}],"collection":[{"href":"https:\/\/eterle.cz\/eshop\/wp-json\/wp\/v2\/product"}],"about":[{"href":"https:\/\/eterle.cz\/eshop\/wp-json\/wp\/v2\/types\/product"}],"version-history":[{"count":1,"href":"https:\/\/eterle.cz\/eshop\/wp-json\/wp\/v2\/product\/36710\/revisions"}],"predecessor-version":[{"id":36711,"href":"https:\/\/eterle.cz\/eshop\/wp-json\/wp\/v2\/product\/36710\/revisions\/36711"}],"wp:featuredmedia":[{"embeddable":true,"href":"https:\/\/eterle.cz\/eshop\/wp-json\/wp\/v2\/media\/36712"}],"wp:attachment":[{"href":"https:\/\/eterle.cz\/eshop\/wp-json\/wp\/v2\/media?parent=36710"}],"wp:term":[{"taxonomy":"product_brand","embeddable":true,"href":"https:\/\/eterle.cz\/eshop\/wp-json\/wp\/v2\/product_brand?post=36710"},{"taxonomy":"product_cat","embeddable":true,"href":"https:\/\/eterle.cz\/eshop\/wp-json\/wp\/v2\/product_cat?post=36710"},{"taxonomy":"product_tag","embeddable":true,"href":"https:\/\/eterle.cz\/eshop\/wp-json\/wp\/v2\/product_tag?post=36710"}],"curies":[{"name":"wp","href":"https:\/\/api.w.org\/{rel}","templated":true}]}}