{"id":36717,"date":"2026-04-21T21:47:55","date_gmt":"2026-04-21T19:47:55","guid":{"rendered":"https:\/\/eterle.cz\/eshop\/produkt\/lustr-trumpeta\/"},"modified":"2026-04-21T21:59:41","modified_gmt":"2026-04-21T19:59:41","slug":"lustr-trumpeta","status":"publish","type":"product","link":"https:\/\/eterle.cz\/eshop\/produkt\/lustr-trumpeta\/","title":{"rendered":"Lustr &#8222;trumpeta&#8220;"},"content":{"rendered":"<p>Z\u00e1v\u011bsn\u00e9 sv\u00edtidlo z op\u00e1lov\u00e9ho skla s jednoduch\u00fdm, vertik\u00e1ln\u00edm t\u011blem, kter\u00e9 se sm\u011brem dol\u016f roz\u0161i\u0159uje do tvaru p\u0159ipom\u00ednaj\u00edc\u00edho trumpetu. Tvar je \u010dist\u00fd a p\u0159ehledn\u00fd, dopln\u011bn\u00fd jemn\u00fdm spir\u00e1lov\u00fdm dekorem na povrchu.Kombinace op\u00e1lov\u00e9ho skla a mosazn\u00e9ho prvku v horn\u00ed \u010d\u00e1sti odpov\u00edd\u00e1 produkci 60. a 70. let, kdy se pracovalo s jednoduchou formou dopln\u011bnou o detail v materi\u00e1lu.<\/p>\n<p>Stav: kov s patinou, elektroinstalace p\u016fvodn\u00ed &#8211; jako nov\u00e1 (funk\u010dn\u00ed)<br \/>\nRozm\u011br<br \/>\nCelkov\u00e1 v\u00fd\u0161ka: 128 cm<br \/>\nD\u00e9lka \u0159et\u011bzu: 87 cm<br \/>\nV\u00fd\u0161ka st\u00ednidla: 40 cm<br \/>\nP\u016fm\u011br: 24 cm<\/p>\n<p>&nbsp;<\/p>\n","protected":false},"excerpt":{"rendered":"<p>Z\u00e1v\u011bsn\u00e9 sv\u00edtidlo z op\u00e1lov\u00e9ho skla s jednoduch\u00fdm, vertik\u00e1ln\u00edm t\u011blem, kter\u00e9 se sm\u011brem dol\u016f roz\u0161i\u0159uje do tvaru p\u0159ipom\u00ednaj\u00edc\u00edho trumpetu. Tvar je<\/p>\n","protected":false},"featured_media":36719,"template":"","meta":[],"product_brand":[],"product_cat":[95,79,140],"product_tag":[],"class_list":{"0":"post-36717","1":"product","2":"type-product","3":"status-publish","4":"has-post-thumbnail","6":"product_cat-novinky","7":"product_cat-svetla","8":"product_cat-lustry","9":"product_shipping_class-nadrozmerne","11":"first","12":"instock","13":"purchasable","14":"product-type-simple"},"_links":{"self":[{"href":"https:\/\/eterle.cz\/eshop\/wp-json\/wp\/v2\/product\/36717","targetHints":{"allow":["GET"]}}],"collection":[{"href":"https:\/\/eterle.cz\/eshop\/wp-json\/wp\/v2\/product"}],"about":[{"href":"https:\/\/eterle.cz\/eshop\/wp-json\/wp\/v2\/types\/product"}],"version-history":[{"count":1,"href":"https:\/\/eterle.cz\/eshop\/wp-json\/wp\/v2\/product\/36717\/revisions"}],"predecessor-version":[{"id":36718,"href":"https:\/\/eterle.cz\/eshop\/wp-json\/wp\/v2\/product\/36717\/revisions\/36718"}],"wp:featuredmedia":[{"embeddable":true,"href":"https:\/\/eterle.cz\/eshop\/wp-json\/wp\/v2\/media\/36719"}],"wp:attachment":[{"href":"https:\/\/eterle.cz\/eshop\/wp-json\/wp\/v2\/media?parent=36717"}],"wp:term":[{"taxonomy":"product_brand","embeddable":true,"href":"https:\/\/eterle.cz\/eshop\/wp-json\/wp\/v2\/product_brand?post=36717"},{"taxonomy":"product_cat","embeddable":true,"href":"https:\/\/eterle.cz\/eshop\/wp-json\/wp\/v2\/product_cat?post=36717"},{"taxonomy":"product_tag","embeddable":true,"href":"https:\/\/eterle.cz\/eshop\/wp-json\/wp\/v2\/product_tag?post=36717"}],"curies":[{"name":"wp","href":"https:\/\/api.w.org\/{rel}","templated":true}]}}