{"id":36726,"date":"2026-04-21T21:48:16","date_gmt":"2026-04-21T19:48:16","guid":{"rendered":"https:\/\/eterle.cz\/eshop\/produkt\/lustr-vafle\/"},"modified":"2026-04-21T21:59:41","modified_gmt":"2026-04-21T19:59:41","slug":"lustr-vafle","status":"publish","type":"product","link":"https:\/\/eterle.cz\/eshop\/produkt\/lustr-vafle\/","title":{"rendered":"Lustr &#8222;vafle&#8220;"},"content":{"rendered":"<p>Z\u00e1v\u011bsn\u00e9 sv\u00edtidlo z op\u00e1lov\u00e9ho skla s v\u00fdrazn\u011b strukturovan\u00fdm povrchem, kter\u00fd lehce p\u0159ipom\u00edn\u00e1 texturu vafle. Plastick\u00fd dekor dod\u00e1v\u00e1 jinak jednoduch\u00e9mu tvaru hloubku, ani\u017e by p\u016fsobil dekorativn\u011b p\u0159ehnan\u011b. Celek tak p\u016fsob\u00ed vyv\u00e1\u017een\u011b a \u010dist\u011b, s lehk\u00fdm odkazem na estetiku 60. a 70. let.<\/p>\n<p>Stav: nov\u00e1 elektroinstalace, kryt na lustru drobn\u00e1 koroze<br \/>\nRozm\u011br<br \/>\nCelkov\u00e1 v\u00fd\u0161ka: 110 cm<br \/>\nD\u00e9lka ty\u010de: 82 cm (mo\u017eno zkr\u00e1tit za p\u0159\u00edplatek 500,-)<br \/>\nP\u016fm\u011br: 31 cm<\/p>\n<p>&nbsp;<\/p>\n","protected":false},"excerpt":{"rendered":"<p>Z\u00e1v\u011bsn\u00e9 sv\u00edtidlo z op\u00e1lov\u00e9ho skla s v\u00fdrazn\u011b strukturovan\u00fdm povrchem, kter\u00fd lehce p\u0159ipom\u00edn\u00e1 texturu vafle. Plastick\u00fd dekor dod\u00e1v\u00e1 jinak jednoduch\u00e9mu tvaru<\/p>\n","protected":false},"featured_media":36728,"template":"","meta":[],"product_brand":[],"product_cat":[95,79,140],"product_tag":[],"class_list":{"0":"post-36726","1":"product","2":"type-product","3":"status-publish","4":"has-post-thumbnail","6":"product_cat-novinky","7":"product_cat-svetla","8":"product_cat-lustry","9":"product_shipping_class-nadrozmerne","11":"first","12":"instock","13":"purchasable","14":"product-type-simple"},"_links":{"self":[{"href":"https:\/\/eterle.cz\/eshop\/wp-json\/wp\/v2\/product\/36726","targetHints":{"allow":["GET"]}}],"collection":[{"href":"https:\/\/eterle.cz\/eshop\/wp-json\/wp\/v2\/product"}],"about":[{"href":"https:\/\/eterle.cz\/eshop\/wp-json\/wp\/v2\/types\/product"}],"version-history":[{"count":1,"href":"https:\/\/eterle.cz\/eshop\/wp-json\/wp\/v2\/product\/36726\/revisions"}],"predecessor-version":[{"id":36727,"href":"https:\/\/eterle.cz\/eshop\/wp-json\/wp\/v2\/product\/36726\/revisions\/36727"}],"wp:featuredmedia":[{"embeddable":true,"href":"https:\/\/eterle.cz\/eshop\/wp-json\/wp\/v2\/media\/36728"}],"wp:attachment":[{"href":"https:\/\/eterle.cz\/eshop\/wp-json\/wp\/v2\/media?parent=36726"}],"wp:term":[{"taxonomy":"product_brand","embeddable":true,"href":"https:\/\/eterle.cz\/eshop\/wp-json\/wp\/v2\/product_brand?post=36726"},{"taxonomy":"product_cat","embeddable":true,"href":"https:\/\/eterle.cz\/eshop\/wp-json\/wp\/v2\/product_cat?post=36726"},{"taxonomy":"product_tag","embeddable":true,"href":"https:\/\/eterle.cz\/eshop\/wp-json\/wp\/v2\/product_tag?post=36726"}],"curies":[{"name":"wp","href":"https:\/\/api.w.org\/{rel}","templated":true}]}}