{"id":36737,"date":"2026-04-21T21:48:42","date_gmt":"2026-04-21T19:48:42","guid":{"rendered":"https:\/\/eterle.cz\/eshop\/produkt\/lustr-makronka\/"},"modified":"2026-04-21T21:59:41","modified_gmt":"2026-04-21T19:59:41","slug":"lustr-makronka","status":"publish","type":"product","link":"https:\/\/eterle.cz\/eshop\/produkt\/lustr-makronka\/","title":{"rendered":"Lustr &#8222;makronka&#8220;"},"content":{"rendered":"<p>Z\u00e1v\u011bsn\u00e9 sv\u00edtidlo z op\u00e1lov\u00e9ho skla s v\u00fdraznou, lehce organickou kresbou, kter\u00e1 p\u0159ipom\u00edn\u00e1 italsk\u00e9 skl\u00e1\u0159stv\u00ed 60.-70. let minul\u00e9ho stolet\u00ed. <\/p>\n<p>M\u011bkk\u00fd, zaoblen\u00fd tvar evkuj\u00edc\u00ed makronku dopl\u0148uje nepravideln\u00fd dekor ve skle, kter\u00fd se po rozsv\u00edcen\u00ed kr\u00e1sn\u011b prokresl\u00ed a vytv\u00e1\u0159\u00ed \u017eivou, prom\u011bnlivou strukturu.<\/p>\n<p>Celek p\u016fsob\u00ed hrav\u011b, ale z\u00e1rove\u0148 kultivovan\u011b \u2013 typ sv\u00edtidla, kter\u00fd funguje jako jemn\u00fd solit\u00e9r a dob\u0159e se kombinuje i s modern\u00edm interi\u00e9rem.<\/p>\n<p>Stav: nov\u00e1 elektroinstalace<br \/>\nRozm\u011br<br \/>\nCelkov\u00e1 v\u00fd\u0161ka: 88 cm<br \/>\nD\u00e9lka ty\u010de: 65 cm<br \/>\nP\u016fm\u011br: 49 cm<\/p>\n<p>&nbsp;<\/p>\n","protected":false},"excerpt":{"rendered":"<p>Z\u00e1v\u011bsn\u00e9 sv\u00edtidlo z op\u00e1lov\u00e9ho skla s v\u00fdraznou, lehce organickou kresbou, kter\u00e1 p\u0159ipom\u00edn\u00e1 italsk\u00e9 skl\u00e1\u0159stv\u00ed 60.-70. let minul\u00e9ho stolet\u00ed. M\u011bkk\u00fd, zaoblen\u00fd<\/p>\n","protected":false},"featured_media":36739,"template":"","meta":[],"product_brand":[],"product_cat":[95,79,140],"product_tag":[],"class_list":{"0":"post-36737","1":"product","2":"type-product","3":"status-publish","4":"has-post-thumbnail","6":"product_cat-novinky","7":"product_cat-svetla","8":"product_cat-lustry","9":"product_shipping_class-nadrozmerne","11":"first","12":"instock","13":"purchasable","14":"product-type-simple"},"_links":{"self":[{"href":"https:\/\/eterle.cz\/eshop\/wp-json\/wp\/v2\/product\/36737","targetHints":{"allow":["GET"]}}],"collection":[{"href":"https:\/\/eterle.cz\/eshop\/wp-json\/wp\/v2\/product"}],"about":[{"href":"https:\/\/eterle.cz\/eshop\/wp-json\/wp\/v2\/types\/product"}],"version-history":[{"count":1,"href":"https:\/\/eterle.cz\/eshop\/wp-json\/wp\/v2\/product\/36737\/revisions"}],"predecessor-version":[{"id":36738,"href":"https:\/\/eterle.cz\/eshop\/wp-json\/wp\/v2\/product\/36737\/revisions\/36738"}],"wp:featuredmedia":[{"embeddable":true,"href":"https:\/\/eterle.cz\/eshop\/wp-json\/wp\/v2\/media\/36739"}],"wp:attachment":[{"href":"https:\/\/eterle.cz\/eshop\/wp-json\/wp\/v2\/media?parent=36737"}],"wp:term":[{"taxonomy":"product_brand","embeddable":true,"href":"https:\/\/eterle.cz\/eshop\/wp-json\/wp\/v2\/product_brand?post=36737"},{"taxonomy":"product_cat","embeddable":true,"href":"https:\/\/eterle.cz\/eshop\/wp-json\/wp\/v2\/product_cat?post=36737"},{"taxonomy":"product_tag","embeddable":true,"href":"https:\/\/eterle.cz\/eshop\/wp-json\/wp\/v2\/product_tag?post=36737"}],"curies":[{"name":"wp","href":"https:\/\/api.w.org\/{rel}","templated":true}]}}