{"id":36746,"date":"2026-04-21T21:49:03","date_gmt":"2026-04-21T19:49:03","guid":{"rendered":"https:\/\/eterle.cz\/eshop\/produkt\/lustr-kaca\/"},"modified":"2026-04-21T21:59:41","modified_gmt":"2026-04-21T19:59:41","slug":"lustr-kaca","status":"publish","type":"product","link":"https:\/\/eterle.cz\/eshop\/produkt\/lustr-kaca\/","title":{"rendered":"Lustr &#8222;k\u00e1\u010da&#8220;"},"content":{"rendered":"<p>Lustr z op\u00e1lov\u00e9ho skla sv\u00fdm zaoblen\u00fdm tvarem p\u0159ipom\u00edn\u00e1 d\u011btskou k\u00e1\u010du. Nep\u016fsob\u00ed v\u0161ak d\u011btinsky, naopak velmi elegantn\u011b. Horn\u00ed \u010d\u00e1st se spir\u00e1lovit\u00fdmi linkami p\u0159id\u00e1v\u00e1 jemn\u00fd dekorativn\u00ed detail a d\u00e1v\u00e1 celku charakter.<\/p>\n<p>Po rozsv\u00edcen\u00ed p\u016fsob\u00ed velmi p\u0159\u00edjemn\u011b \u2013 sv\u011btlo je m\u011bkk\u00e9, rozpt\u00fdlen\u00e9 a zv\u00fdraz\u0148uje kresbu ve skle. Je to kus, kter\u00fd prostor sp\u00ed\u0161 kultivuje ne\u017e ovl\u00e1d\u00e1, ale p\u0159esto v n\u011bm z\u016fstane \u010diteln\u00fd.<\/p>\n<p>Stav: p\u016fvodn\u00ed a funk\u010dn\u00ed elektroinstalace<br \/>\nRozm\u011br<br \/>\nCelkov\u00e1 v\u00fd\u0161ka: 73 cm<br \/>\nD\u00e9lka ty\u010de: 48 cm<br \/>\nP\u016fm\u011br: 29 cm<\/p>\n<p>&nbsp;<\/p>\n","protected":false},"excerpt":{"rendered":"<p>Lustr z op\u00e1lov\u00e9ho skla sv\u00fdm zaoblen\u00fdm tvarem p\u0159ipom\u00edn\u00e1 d\u011btskou k\u00e1\u010du. Nep\u016fsob\u00ed v\u0161ak d\u011btinsky, naopak velmi elegantn\u011b. Horn\u00ed \u010d\u00e1st se spir\u00e1lovit\u00fdmi<\/p>\n","protected":false},"featured_media":36748,"template":"","meta":[],"product_brand":[],"product_cat":[95,79,140],"product_tag":[],"class_list":{"0":"post-36746","1":"product","2":"type-product","3":"status-publish","4":"has-post-thumbnail","6":"product_cat-novinky","7":"product_cat-svetla","8":"product_cat-lustry","9":"product_shipping_class-nadrozmerne","11":"first","12":"instock","13":"purchasable","14":"product-type-simple"},"_links":{"self":[{"href":"https:\/\/eterle.cz\/eshop\/wp-json\/wp\/v2\/product\/36746","targetHints":{"allow":["GET"]}}],"collection":[{"href":"https:\/\/eterle.cz\/eshop\/wp-json\/wp\/v2\/product"}],"about":[{"href":"https:\/\/eterle.cz\/eshop\/wp-json\/wp\/v2\/types\/product"}],"version-history":[{"count":1,"href":"https:\/\/eterle.cz\/eshop\/wp-json\/wp\/v2\/product\/36746\/revisions"}],"predecessor-version":[{"id":36747,"href":"https:\/\/eterle.cz\/eshop\/wp-json\/wp\/v2\/product\/36746\/revisions\/36747"}],"wp:featuredmedia":[{"embeddable":true,"href":"https:\/\/eterle.cz\/eshop\/wp-json\/wp\/v2\/media\/36748"}],"wp:attachment":[{"href":"https:\/\/eterle.cz\/eshop\/wp-json\/wp\/v2\/media?parent=36746"}],"wp:term":[{"taxonomy":"product_brand","embeddable":true,"href":"https:\/\/eterle.cz\/eshop\/wp-json\/wp\/v2\/product_brand?post=36746"},{"taxonomy":"product_cat","embeddable":true,"href":"https:\/\/eterle.cz\/eshop\/wp-json\/wp\/v2\/product_cat?post=36746"},{"taxonomy":"product_tag","embeddable":true,"href":"https:\/\/eterle.cz\/eshop\/wp-json\/wp\/v2\/product_tag?post=36746"}],"curies":[{"name":"wp","href":"https:\/\/api.w.org\/{rel}","templated":true}]}}