{"id":36754,"date":"2026-04-21T21:49:20","date_gmt":"2026-04-21T19:49:20","guid":{"rendered":"https:\/\/eterle.cz\/eshop\/produkt\/lustr-meduza\/"},"modified":"2026-04-21T21:59:41","modified_gmt":"2026-04-21T19:59:41","slug":"lustr-meduza","status":"publish","type":"product","link":"https:\/\/eterle.cz\/eshop\/produkt\/lustr-meduza\/","title":{"rendered":"Lustr &#8222;med\u00faza&#8220;"},"content":{"rendered":"<p>Lustr z op\u00e1lov\u00e9ho skla s jemn\u011b zvln\u011bn\u00fdm zbarven\u00fdm nokrajem. Pr\u00e1v\u011b tato linie mu d\u00e1v\u00e1 charakter \u2013 okraj se lehce vln\u00ed a tvar p\u016fsob\u00ed skoro organicky, trochu jako rozvln\u011bn\u00e1 silueta med\u00fazy.<\/p>\n<p>D\u00edky tomu nep\u016fsob\u00ed staticky ani p\u0159\u00edsn\u011b geometricky, ale naopak \u017eiv\u011b a v\u00fdrazn\u011bji. Barevn\u00fd p\u0159echod sm\u011brem ke spodn\u00ed hran\u011b nav\u00edc dod\u00e1v\u00e1 tvaru hloubku a zv\u00fdraz\u0148uje jeho profil.<\/p>\n<p>Po rozsv\u00edcen\u00ed se jantarov\u00fd t\u00f3n je\u0161t\u011b prohloub\u00ed a sv\u011btlo z\u00edsk\u00e1 teplej\u0161\u00ed odst\u00edn. Sklo ho rozptyluje rovnom\u011brn\u011b a vytv\u00e1\u0159\u00ed p\u0159\u00edjemnou, m\u011bkkou atmosf\u00e9ru.<\/p>\n<p>Stav: nov\u00e1 elektroinstalace<br \/>\nRozm\u011br<br \/>\nCelkov\u00e1 v\u00fd\u0161ka: 82 cm<br \/>\nD\u00e9lka ty\u010de: 62 cm<br \/>\nP\u016fm\u011br: 37 cm<\/p>\n<p>&nbsp;<\/p>\n","protected":false},"excerpt":{"rendered":"<p>Lustr z op\u00e1lov\u00e9ho skla s jemn\u011b zvln\u011bn\u00fdm zbarven\u00fdm nokrajem. Pr\u00e1v\u011b tato linie mu d\u00e1v\u00e1 charakter \u2013 okraj se lehce vln\u00ed<\/p>\n","protected":false},"featured_media":36756,"template":"","meta":[],"product_brand":[],"product_cat":[95,79,140],"product_tag":[],"class_list":{"0":"post-36754","1":"product","2":"type-product","3":"status-publish","4":"has-post-thumbnail","6":"product_cat-novinky","7":"product_cat-svetla","8":"product_cat-lustry","9":"product_shipping_class-nadrozmerne","11":"first","12":"instock","13":"purchasable","14":"product-type-simple"},"_links":{"self":[{"href":"https:\/\/eterle.cz\/eshop\/wp-json\/wp\/v2\/product\/36754","targetHints":{"allow":["GET"]}}],"collection":[{"href":"https:\/\/eterle.cz\/eshop\/wp-json\/wp\/v2\/product"}],"about":[{"href":"https:\/\/eterle.cz\/eshop\/wp-json\/wp\/v2\/types\/product"}],"version-history":[{"count":1,"href":"https:\/\/eterle.cz\/eshop\/wp-json\/wp\/v2\/product\/36754\/revisions"}],"predecessor-version":[{"id":36755,"href":"https:\/\/eterle.cz\/eshop\/wp-json\/wp\/v2\/product\/36754\/revisions\/36755"}],"wp:featuredmedia":[{"embeddable":true,"href":"https:\/\/eterle.cz\/eshop\/wp-json\/wp\/v2\/media\/36756"}],"wp:attachment":[{"href":"https:\/\/eterle.cz\/eshop\/wp-json\/wp\/v2\/media?parent=36754"}],"wp:term":[{"taxonomy":"product_brand","embeddable":true,"href":"https:\/\/eterle.cz\/eshop\/wp-json\/wp\/v2\/product_brand?post=36754"},{"taxonomy":"product_cat","embeddable":true,"href":"https:\/\/eterle.cz\/eshop\/wp-json\/wp\/v2\/product_cat?post=36754"},{"taxonomy":"product_tag","embeddable":true,"href":"https:\/\/eterle.cz\/eshop\/wp-json\/wp\/v2\/product_tag?post=36754"}],"curies":[{"name":"wp","href":"https:\/\/api.w.org\/{rel}","templated":true}]}}