{"id":36763,"date":"2026-04-21T21:49:41","date_gmt":"2026-04-21T19:49:41","guid":{"rendered":"https:\/\/eterle.cz\/eshop\/produkt\/lustr-17\/"},"modified":"2026-04-21T21:59:41","modified_gmt":"2026-04-21T19:59:41","slug":"lustr-17","status":"publish","type":"product","link":"https:\/\/eterle.cz\/eshop\/produkt\/lustr-17\/","title":{"rendered":"Lustr"},"content":{"rendered":"<p>Lustr s dvojic\u00ed lisovan\u00fdch op\u00e1lov\u00fdch st\u00ednidel, dopln\u011bn\u00fd konstrukc\u00ed z oh\u00fdban\u00e9ho d\u0159eva. Kombinace skla a d\u0159eva je typick\u00e1 pro \u010deskoslovensk\u00fd design 60. a 70. let, kdy se technick\u00e9 materi\u00e1ly p\u0159irozen\u011b dopl\u0148ovaly s teplej\u0161\u00edm, p\u0159\u00edrodn\u00edm prvkem.<\/p>\n<p>Rytmick\u00e1 struktura skla vytv\u00e1\u0159\u00ed po rozsv\u00edcen\u00ed jemnou kresbu sv\u011btla, zat\u00edmco d\u0159ev\u011bn\u00e9 obj\u00edmky d\u00e1vaj\u00ed celku v\u00fdraz a lehce architektonick\u00fd charakter.<\/p>\n<p>Stav: nov\u00e1 elektroinstalace<br \/>\nZna\u010dka: D\u0159evo v.d. Humpolec<br \/>\nRozm\u011br<br \/>\nCelkov\u00e1 v\u00fd\u0161ka: 47 cm<br \/>\nD\u00e9lka ty\u010de: 28 cm<br \/>\n\u0160\u00ed\u0159ka: 53 cm<br \/>\nHloubka: 25 cm<\/p>\n<p>&nbsp;<\/p>\n","protected":false},"excerpt":{"rendered":"<p>Lustr s dvojic\u00ed lisovan\u00fdch op\u00e1lov\u00fdch st\u00ednidel, dopln\u011bn\u00fd konstrukc\u00ed z oh\u00fdban\u00e9ho d\u0159eva. Kombinace skla a d\u0159eva je typick\u00e1 pro \u010deskoslovensk\u00fd design<\/p>\n","protected":false},"featured_media":36765,"template":"","meta":[],"product_brand":[],"product_cat":[95,79,140],"product_tag":[],"class_list":{"0":"post-36763","1":"product","2":"type-product","3":"status-publish","4":"has-post-thumbnail","6":"product_cat-novinky","7":"product_cat-svetla","8":"product_cat-lustry","9":"product_shipping_class-nadrozmerne","11":"first","12":"instock","13":"purchasable","14":"product-type-simple"},"_links":{"self":[{"href":"https:\/\/eterle.cz\/eshop\/wp-json\/wp\/v2\/product\/36763","targetHints":{"allow":["GET"]}}],"collection":[{"href":"https:\/\/eterle.cz\/eshop\/wp-json\/wp\/v2\/product"}],"about":[{"href":"https:\/\/eterle.cz\/eshop\/wp-json\/wp\/v2\/types\/product"}],"version-history":[{"count":1,"href":"https:\/\/eterle.cz\/eshop\/wp-json\/wp\/v2\/product\/36763\/revisions"}],"predecessor-version":[{"id":36764,"href":"https:\/\/eterle.cz\/eshop\/wp-json\/wp\/v2\/product\/36763\/revisions\/36764"}],"wp:featuredmedia":[{"embeddable":true,"href":"https:\/\/eterle.cz\/eshop\/wp-json\/wp\/v2\/media\/36765"}],"wp:attachment":[{"href":"https:\/\/eterle.cz\/eshop\/wp-json\/wp\/v2\/media?parent=36763"}],"wp:term":[{"taxonomy":"product_brand","embeddable":true,"href":"https:\/\/eterle.cz\/eshop\/wp-json\/wp\/v2\/product_brand?post=36763"},{"taxonomy":"product_cat","embeddable":true,"href":"https:\/\/eterle.cz\/eshop\/wp-json\/wp\/v2\/product_cat?post=36763"},{"taxonomy":"product_tag","embeddable":true,"href":"https:\/\/eterle.cz\/eshop\/wp-json\/wp\/v2\/product_tag?post=36763"}],"curies":[{"name":"wp","href":"https:\/\/api.w.org\/{rel}","templated":true}]}}