{"id":36778,"date":"2026-04-21T21:50:12","date_gmt":"2026-04-21T19:50:12","guid":{"rendered":"https:\/\/eterle.cz\/eshop\/produkt\/starozitny-lustr\/"},"modified":"2026-04-21T21:59:40","modified_gmt":"2026-04-21T19:59:40","slug":"starozitny-lustr","status":"publish","type":"product","link":"https:\/\/eterle.cz\/eshop\/produkt\/starozitny-lustr\/","title":{"rendered":"Staro\u017eitn\u00fd lustr"},"content":{"rendered":"<p>Z\u00e1v\u011bsn\u00fd lustr s p\u011bti rameny, kter\u00fd sv\u00fdm v\u00fdrazem odkazuje sp\u00ed\u0161 k tradi\u010dn\u00edm staro\u017eitn\u00fdm sv\u00edtidl\u016fm ne\u017e k b\u011b\u017en\u00e9mu retro designu. Celkov\u00fd tvar m\u00e1 lehce z\u00e1meck\u00fd charakter, ale v jednodu\u0161\u0161\u00edm, m\u00e9n\u011b dekorativn\u00edm proveden\u00ed.<\/p>\n<p>Dominantn\u00edm prvkem jsou sv\u011bteln\u00e9 \u201esv\u00ed\u010dky\u201c, jejich\u017e \u017e\u00e1rovky p\u0159irozen\u011b navozuj\u00ed atmosf\u00e9ru klasick\u00e9ho sv\u00edcen\u00ed. V kombinaci s patinovanou kovovou konstrukc\u00ed a textiln\u00edm z\u00e1v\u011bsem se st\u0159apcem p\u016fsob\u00ed celek autenticky.<\/p>\n<p>Stav: p\u016fvodn\u00ed elektroinstalace<br \/>\nRozm\u011br<br \/>\nCelkov\u00e1 v\u00fd\u0161ka: 85 cm<br \/>\nD\u00e9lka ty\u010de: 45 cm<br \/>\nP\u016fm\u011br: 46 cm<\/p>\n<p>&nbsp;<\/p>\n","protected":false},"excerpt":{"rendered":"<p>Z\u00e1v\u011bsn\u00fd lustr s p\u011bti rameny, kter\u00fd sv\u00fdm v\u00fdrazem odkazuje sp\u00ed\u0161 k tradi\u010dn\u00edm staro\u017eitn\u00fdm sv\u00edtidl\u016fm ne\u017e k b\u011b\u017en\u00e9mu retro designu. Celkov\u00fd<\/p>\n","protected":false},"featured_media":36780,"template":"","meta":[],"product_brand":[],"product_cat":[95,79,140],"product_tag":[],"class_list":{"0":"post-36778","1":"product","2":"type-product","3":"status-publish","4":"has-post-thumbnail","6":"product_cat-novinky","7":"product_cat-svetla","8":"product_cat-lustry","9":"product_shipping_class-nadrozmerne","11":"first","12":"instock","13":"purchasable","14":"product-type-simple"},"_links":{"self":[{"href":"https:\/\/eterle.cz\/eshop\/wp-json\/wp\/v2\/product\/36778","targetHints":{"allow":["GET"]}}],"collection":[{"href":"https:\/\/eterle.cz\/eshop\/wp-json\/wp\/v2\/product"}],"about":[{"href":"https:\/\/eterle.cz\/eshop\/wp-json\/wp\/v2\/types\/product"}],"version-history":[{"count":1,"href":"https:\/\/eterle.cz\/eshop\/wp-json\/wp\/v2\/product\/36778\/revisions"}],"predecessor-version":[{"id":36779,"href":"https:\/\/eterle.cz\/eshop\/wp-json\/wp\/v2\/product\/36778\/revisions\/36779"}],"wp:featuredmedia":[{"embeddable":true,"href":"https:\/\/eterle.cz\/eshop\/wp-json\/wp\/v2\/media\/36780"}],"wp:attachment":[{"href":"https:\/\/eterle.cz\/eshop\/wp-json\/wp\/v2\/media?parent=36778"}],"wp:term":[{"taxonomy":"product_brand","embeddable":true,"href":"https:\/\/eterle.cz\/eshop\/wp-json\/wp\/v2\/product_brand?post=36778"},{"taxonomy":"product_cat","embeddable":true,"href":"https:\/\/eterle.cz\/eshop\/wp-json\/wp\/v2\/product_cat?post=36778"},{"taxonomy":"product_tag","embeddable":true,"href":"https:\/\/eterle.cz\/eshop\/wp-json\/wp\/v2\/product_tag?post=36778"}],"curies":[{"name":"wp","href":"https:\/\/api.w.org\/{rel}","templated":true}]}}