{"id":36788,"date":"2026-04-21T21:50:37","date_gmt":"2026-04-21T19:50:37","guid":{"rendered":"https:\/\/eterle.cz\/eshop\/produkt\/koule-s-kresbou\/"},"modified":"2026-04-22T08:47:25","modified_gmt":"2026-04-22T06:47:25","slug":"koule-s-kresbou","status":"publish","type":"product","link":"https:\/\/eterle.cz\/eshop\/produkt\/koule-s-kresbou\/","title":{"rendered":"Koule s kresbou"},"content":{"rendered":"<p>Lustr s kulat\u00fdm st\u00ednidlem z op\u00e1lov\u00e9ho skla, dopln\u011bn\u00e9 v\u00fdraznou nepravidelnou kresbou v tmav\u0161\u00edch t\u00f3nech. Pr\u00e1v\u011b tento dekor je hlavn\u00edm prvkem, ka\u017ed\u00e9 st\u00ednidlo je d\u00edky n\u011bmu origin\u00e1l. Jednoduch\u00fd tvar nech\u00e1v\u00e1 vyniknout materi\u00e1l i kresbu, kter\u00e1 se po rozsv\u00edcen\u00ed je\u0161t\u011b v\u00edc zv\u00fdrazn\u00ed a dod\u00e1 sv\u011btlu hloubku. Sv\u00edtidlo p\u016fsob\u00ed nen\u00e1padn\u011b, ale d\u00edky dekoru m\u00e1 dostatek charakteru, aby v interi\u00e9ru nezaniklo.<\/p>\n<p>Stav: nov\u00e1 elektroinstalace<br \/>\nRozm\u011br<br \/>\nCelkov\u00e1 v\u00fd\u0161ka: 106 cm<br \/>\nD\u00e9lka ty\u010de: 64 cm<br \/>\nP\u016fm\u011br: 40 cm<\/p>\n<p>&nbsp;<\/p>\n","protected":false},"excerpt":{"rendered":"<p>Lustr s kulat\u00fdm st\u00ednidlem z op\u00e1lov\u00e9ho skla, dopln\u011bn\u00e9 v\u00fdraznou nepravidelnou kresbou v tmav\u0161\u00edch t\u00f3nech. Pr\u00e1v\u011b tento dekor je hlavn\u00edm prvkem,<\/p>\n","protected":false},"featured_media":36790,"template":"","meta":[],"product_brand":[],"product_cat":[95,79,140],"product_tag":[],"class_list":{"0":"post-36788","1":"product","2":"type-product","3":"status-publish","4":"has-post-thumbnail","6":"product_cat-novinky","7":"product_cat-svetla","8":"product_cat-lustry","9":"product_shipping_class-nadrozmerne","11":"first","12":"outofstock","13":"purchasable","14":"product-type-simple"},"_links":{"self":[{"href":"https:\/\/eterle.cz\/eshop\/wp-json\/wp\/v2\/product\/36788","targetHints":{"allow":["GET"]}}],"collection":[{"href":"https:\/\/eterle.cz\/eshop\/wp-json\/wp\/v2\/product"}],"about":[{"href":"https:\/\/eterle.cz\/eshop\/wp-json\/wp\/v2\/types\/product"}],"version-history":[{"count":1,"href":"https:\/\/eterle.cz\/eshop\/wp-json\/wp\/v2\/product\/36788\/revisions"}],"predecessor-version":[{"id":36789,"href":"https:\/\/eterle.cz\/eshop\/wp-json\/wp\/v2\/product\/36788\/revisions\/36789"}],"wp:featuredmedia":[{"embeddable":true,"href":"https:\/\/eterle.cz\/eshop\/wp-json\/wp\/v2\/media\/36790"}],"wp:attachment":[{"href":"https:\/\/eterle.cz\/eshop\/wp-json\/wp\/v2\/media?parent=36788"}],"wp:term":[{"taxonomy":"product_brand","embeddable":true,"href":"https:\/\/eterle.cz\/eshop\/wp-json\/wp\/v2\/product_brand?post=36788"},{"taxonomy":"product_cat","embeddable":true,"href":"https:\/\/eterle.cz\/eshop\/wp-json\/wp\/v2\/product_cat?post=36788"},{"taxonomy":"product_tag","embeddable":true,"href":"https:\/\/eterle.cz\/eshop\/wp-json\/wp\/v2\/product_tag?post=36788"}],"curies":[{"name":"wp","href":"https:\/\/api.w.org\/{rel}","templated":true}]}}