{"id":36796,"date":"2026-04-21T21:50:55","date_gmt":"2026-04-21T19:50:55","guid":{"rendered":"https:\/\/eterle.cz\/eshop\/produkt\/lustr-koule-ruzovka\/"},"modified":"2026-04-21T21:59:40","modified_gmt":"2026-04-21T19:59:40","slug":"lustr-koule-ruzovka","status":"publish","type":"product","link":"https:\/\/eterle.cz\/eshop\/produkt\/lustr-koule-ruzovka\/","title":{"rendered":"Lustr koule &#8222;r\u016f\u017eovka&#8220;"},"content":{"rendered":"<p>Lustr s kulat\u00fdm st\u00ednidlem z op\u00e1lov\u00e9ho skla v jemn\u011b nar\u016f\u017eov\u011bl\u00e9m odst\u00ednu. Pr\u00e1v\u011b barva je jeho hlavn\u00ed p\u0159ednost\u00ed \u2013 nen\u00ed \u010dist\u011b b\u00edl\u00e1, ale m\u00e1 teplej\u0161\u00ed, a\u017e nar\u016f\u017eov\u011bl\u00fd, kter\u00fd v interi\u00e9ru p\u016fsob\u00ed p\u0159\u00edjemn\u011b a klidn\u011b. Jednoduch\u00fd tvar nech\u00e1v\u00e1 vyniknout materi\u00e1l i sv\u011btlo samotn\u00e9. Po rozsv\u00edcen\u00ed vytv\u00e1\u0159\u00ed m\u011bkk\u00e9, rovnom\u011brn\u011b rozpt\u00fdlen\u00e9 sv\u011btlo bez ostr\u00fdch st\u00edn\u016f. Ide\u00e1ln\u00ed pro ty, kte\u0159\u00ed se boj\u00ed v\u00fdrazn\u00fdch barev, ale n\u011bco jemn\u00e9ho pro zv\u00fdrazn\u011bn\u00ed by sei do bytu pustili.<\/p>\n<p>Stav: nov\u00e1 elektroinstalace<br \/>\nRozm\u011br<br \/>\nCelkov\u00e1 v\u00fd\u0161ka: 94 cm<br \/>\nD\u00e9lka ty\u010de: 60 cm<br \/>\nP\u016fm\u011br: 35 cm<\/p>\n<p>&nbsp;<\/p>\n","protected":false},"excerpt":{"rendered":"<p>Lustr s kulat\u00fdm st\u00ednidlem z op\u00e1lov\u00e9ho skla v jemn\u011b nar\u016f\u017eov\u011bl\u00e9m odst\u00ednu. Pr\u00e1v\u011b barva je jeho hlavn\u00ed p\u0159ednost\u00ed \u2013 nen\u00ed \u010dist\u011b<\/p>\n","protected":false},"featured_media":36798,"template":"","meta":[],"product_brand":[],"product_cat":[95,79,140],"product_tag":[],"class_list":{"0":"post-36796","1":"product","2":"type-product","3":"status-publish","4":"has-post-thumbnail","6":"product_cat-novinky","7":"product_cat-svetla","8":"product_cat-lustry","9":"product_shipping_class-nadrozmerne","11":"first","12":"instock","13":"purchasable","14":"product-type-simple"},"_links":{"self":[{"href":"https:\/\/eterle.cz\/eshop\/wp-json\/wp\/v2\/product\/36796","targetHints":{"allow":["GET"]}}],"collection":[{"href":"https:\/\/eterle.cz\/eshop\/wp-json\/wp\/v2\/product"}],"about":[{"href":"https:\/\/eterle.cz\/eshop\/wp-json\/wp\/v2\/types\/product"}],"version-history":[{"count":1,"href":"https:\/\/eterle.cz\/eshop\/wp-json\/wp\/v2\/product\/36796\/revisions"}],"predecessor-version":[{"id":36797,"href":"https:\/\/eterle.cz\/eshop\/wp-json\/wp\/v2\/product\/36796\/revisions\/36797"}],"wp:featuredmedia":[{"embeddable":true,"href":"https:\/\/eterle.cz\/eshop\/wp-json\/wp\/v2\/media\/36798"}],"wp:attachment":[{"href":"https:\/\/eterle.cz\/eshop\/wp-json\/wp\/v2\/media?parent=36796"}],"wp:term":[{"taxonomy":"product_brand","embeddable":true,"href":"https:\/\/eterle.cz\/eshop\/wp-json\/wp\/v2\/product_brand?post=36796"},{"taxonomy":"product_cat","embeddable":true,"href":"https:\/\/eterle.cz\/eshop\/wp-json\/wp\/v2\/product_cat?post=36796"},{"taxonomy":"product_tag","embeddable":true,"href":"https:\/\/eterle.cz\/eshop\/wp-json\/wp\/v2\/product_tag?post=36796"}],"curies":[{"name":"wp","href":"https:\/\/api.w.org\/{rel}","templated":true}]}}