{"id":36804,"date":"2026-04-21T21:51:13","date_gmt":"2026-04-21T19:51:13","guid":{"rendered":"https:\/\/eterle.cz\/eshop\/produkt\/lustr-talir-9\/"},"modified":"2026-04-21T21:59:40","modified_gmt":"2026-04-21T19:59:40","slug":"lustr-talir-9","status":"publish","type":"product","link":"https:\/\/eterle.cz\/eshop\/produkt\/lustr-talir-9\/","title":{"rendered":"Lustr &#8222;tal\u00ed\u0159&#8220;"},"content":{"rendered":"<p>Retro lustr \u201etal\u00ed\u0159\u201c v bruselsk\u00e9m stylu z 60 let s ploch\u00fdm sklen\u011bn\u00fdm st\u00ednidlem v tepl\u00e9m oran\u017eovo-\u010derven\u00e9m t\u00f3nu. Sklo je zdoben\u00e9 nepravidelnou kresbou, kter\u00e1 p\u0159ipom\u00edn\u00e1 mramorov\u00e1n\u00ed a d\u00e1v\u00e1 ka\u017ed\u00e9mu kusu v\u00fdrazn\u00fd, lehce dekorativn\u00ed charakter.<\/p>\n<p>Jednoduch\u00fd tvar nech\u00e1v\u00e1 vyniknout pr\u00e1v\u011b materi\u00e1l a kresbu. Po rozsv\u00edcen\u00ed se barva v\u00fdrazn\u011b prohloub\u00ed a sv\u011btlo z\u00edsk\u00e1 syt\u00fd, jantarov\u00fd odst\u00edn, kter\u00fd m\u016f\u017ee evokovat nasv\u00edcen\u00fd k\u00e1men nebo onyx \u2013 podobn\u011b jako u ikonick\u00fdch interi\u00e9r\u016f funkcionalistick\u00e9 architektury.<\/p>\n<p>V\u00fdrazn\u00fd kus, kter\u00fd dob\u0159e funguje nad j\u00eddeln\u00edm stolem nebo jako dominantn\u00ed sv\u011btlo v prostoru.<\/p>\n<p>Stav: nov\u00e1 elektroinstalace, kovov\u00e1 \u010d\u00e1st zn\u00e1mky koroze<br \/>\nRozm\u011br<br \/>\nCelkov\u00e1 v\u00fd\u0161ka: 40 cm<br \/>\nD\u00e9lka ty\u010de: 28 cm<br \/>\nP\u016fm\u011br: 50 cm<\/p>\n<p>&nbsp;<\/p>\n","protected":false},"excerpt":{"rendered":"<p>Retro lustr \u201etal\u00ed\u0159\u201c v bruselsk\u00e9m stylu z 60 let s ploch\u00fdm sklen\u011bn\u00fdm st\u00ednidlem v tepl\u00e9m oran\u017eovo-\u010derven\u00e9m t\u00f3nu. Sklo je zdoben\u00e9<\/p>\n","protected":false},"featured_media":36806,"template":"","meta":[],"product_brand":[],"product_cat":[95,79,140],"product_tag":[],"class_list":{"0":"post-36804","1":"product","2":"type-product","3":"status-publish","4":"has-post-thumbnail","6":"product_cat-novinky","7":"product_cat-svetla","8":"product_cat-lustry","9":"product_shipping_class-nadrozmerne","11":"first","12":"instock","13":"purchasable","14":"product-type-simple"},"_links":{"self":[{"href":"https:\/\/eterle.cz\/eshop\/wp-json\/wp\/v2\/product\/36804","targetHints":{"allow":["GET"]}}],"collection":[{"href":"https:\/\/eterle.cz\/eshop\/wp-json\/wp\/v2\/product"}],"about":[{"href":"https:\/\/eterle.cz\/eshop\/wp-json\/wp\/v2\/types\/product"}],"version-history":[{"count":1,"href":"https:\/\/eterle.cz\/eshop\/wp-json\/wp\/v2\/product\/36804\/revisions"}],"predecessor-version":[{"id":36805,"href":"https:\/\/eterle.cz\/eshop\/wp-json\/wp\/v2\/product\/36804\/revisions\/36805"}],"wp:featuredmedia":[{"embeddable":true,"href":"https:\/\/eterle.cz\/eshop\/wp-json\/wp\/v2\/media\/36806"}],"wp:attachment":[{"href":"https:\/\/eterle.cz\/eshop\/wp-json\/wp\/v2\/media?parent=36804"}],"wp:term":[{"taxonomy":"product_brand","embeddable":true,"href":"https:\/\/eterle.cz\/eshop\/wp-json\/wp\/v2\/product_brand?post=36804"},{"taxonomy":"product_cat","embeddable":true,"href":"https:\/\/eterle.cz\/eshop\/wp-json\/wp\/v2\/product_cat?post=36804"},{"taxonomy":"product_tag","embeddable":true,"href":"https:\/\/eterle.cz\/eshop\/wp-json\/wp\/v2\/product_tag?post=36804"}],"curies":[{"name":"wp","href":"https:\/\/api.w.org\/{rel}","templated":true}]}}