{"id":36811,"date":"2026-04-21T21:51:27","date_gmt":"2026-04-21T19:51:27","guid":{"rendered":"https:\/\/eterle.cz\/eshop\/produkt\/lustr-pusinka\/"},"modified":"2026-04-21T21:59:40","modified_gmt":"2026-04-21T19:59:40","slug":"lustr-pusinka","status":"publish","type":"product","link":"https:\/\/eterle.cz\/eshop\/produkt\/lustr-pusinka\/","title":{"rendered":"Lustr &#8222;pusinka&#8220;"},"content":{"rendered":"<p>Lustr z op\u00e1lov\u00e9ho skla, kter\u00fd zaujme neobvykl\u00fdm tvarem i zaj\u00edmavou kombinac\u00ed materi\u00e1l\u016f. Jemn\u011b \u017eebrovan\u00e9 st\u00ednidlo se rozev\u00edr\u00e1 do m\u011bkk\u00e9, plastick\u00e9 siluety, kter\u00e1 m\u016f\u017ee vzd\u00e1len\u011b p\u0159ipomenout francouzsk\u00e9 pusinky. Kontrast dopl\u0148uje kovov\u00e1 konstrukce s p\u0159irozenou patinou, kter\u00e1 celku dod\u00e1v\u00e1 pevnost a lehce industri\u00e1ln\u00ed akcent. Zaj\u00edmav\u00fdm detailem je tak\u00e9 plasticky tvarovan\u00fd st\u0159ed st\u00ednidla s motivem kv\u011btu \u2013 nen\u00e1padn\u00fd prvek, kter\u00fd ale dod\u00e1v\u00e1 lustru osobitost.<\/p>\n<p>Stav: p\u016fvodn\u00ed elektroinstalace pln\u011b funk\u010dn\u00ed, ty\u010d koroze<br \/>\nRozm\u011br<br \/>\nCelkov\u00e1 v\u00fd\u0161ka: 51 cm<br \/>\nD\u00e9lka ty\u010de: 20 cm<br \/>\nP\u016fm\u011br: 42 cm<\/p>\n<p>&nbsp;<\/p>\n","protected":false},"excerpt":{"rendered":"<p>Lustr z op\u00e1lov\u00e9ho skla, kter\u00fd zaujme neobvykl\u00fdm tvarem i zaj\u00edmavou kombinac\u00ed materi\u00e1l\u016f. Jemn\u011b \u017eebrovan\u00e9 st\u00ednidlo se rozev\u00edr\u00e1 do m\u011bkk\u00e9, plastick\u00e9<\/p>\n","protected":false},"featured_media":36813,"template":"","meta":[],"product_brand":[],"product_cat":[95,79,140],"product_tag":[],"class_list":{"0":"post-36811","1":"product","2":"type-product","3":"status-publish","4":"has-post-thumbnail","6":"product_cat-novinky","7":"product_cat-svetla","8":"product_cat-lustry","9":"product_shipping_class-nadrozmerne","11":"first","12":"instock","13":"purchasable","14":"product-type-simple"},"_links":{"self":[{"href":"https:\/\/eterle.cz\/eshop\/wp-json\/wp\/v2\/product\/36811","targetHints":{"allow":["GET"]}}],"collection":[{"href":"https:\/\/eterle.cz\/eshop\/wp-json\/wp\/v2\/product"}],"about":[{"href":"https:\/\/eterle.cz\/eshop\/wp-json\/wp\/v2\/types\/product"}],"version-history":[{"count":1,"href":"https:\/\/eterle.cz\/eshop\/wp-json\/wp\/v2\/product\/36811\/revisions"}],"predecessor-version":[{"id":36812,"href":"https:\/\/eterle.cz\/eshop\/wp-json\/wp\/v2\/product\/36811\/revisions\/36812"}],"wp:featuredmedia":[{"embeddable":true,"href":"https:\/\/eterle.cz\/eshop\/wp-json\/wp\/v2\/media\/36813"}],"wp:attachment":[{"href":"https:\/\/eterle.cz\/eshop\/wp-json\/wp\/v2\/media?parent=36811"}],"wp:term":[{"taxonomy":"product_brand","embeddable":true,"href":"https:\/\/eterle.cz\/eshop\/wp-json\/wp\/v2\/product_brand?post=36811"},{"taxonomy":"product_cat","embeddable":true,"href":"https:\/\/eterle.cz\/eshop\/wp-json\/wp\/v2\/product_cat?post=36811"},{"taxonomy":"product_tag","embeddable":true,"href":"https:\/\/eterle.cz\/eshop\/wp-json\/wp\/v2\/product_tag?post=36811"}],"curies":[{"name":"wp","href":"https:\/\/api.w.org\/{rel}","templated":true}]}}