{"id":36828,"date":"2026-04-21T21:52:04","date_gmt":"2026-04-21T19:52:04","guid":{"rendered":"https:\/\/eterle.cz\/eshop\/produkt\/lustr-instala-decin\/"},"modified":"2026-04-21T21:59:40","modified_gmt":"2026-04-21T19:59:40","slug":"lustr-instala-decin","status":"publish","type":"product","link":"https:\/\/eterle.cz\/eshop\/produkt\/lustr-instala-decin\/","title":{"rendered":"Lustr \/ Instala D\u011b\u010d\u00edn"},"content":{"rendered":"<p>Z\u00e1v\u011bsn\u00fd lustr kombinuj\u00edc\u00ed d\u0159evo, kov a lisovan\u00e9 sklo, typick\u00fd pro \u010deskoslovenskou produkci 60.\u201370. let, pravd\u011bpodobn\u011b z d\u00edlny Instala D\u011b\u010d\u00edn.<\/p>\n<p>Jednotliv\u00e1 st\u00ednidla maj\u00ed podobu sklen\u011bn\u00fdch kostek s plastick\u00fdm dekorem, kter\u00fd pracuje se sv\u011btlem i strukturou. Pravideln\u00fd rastr a kruhov\u00fd motiv na \u010deln\u00edch stran\u00e1ch vytv\u00e1\u0159ej\u00ed zaj\u00edmavou hru detailu, kter\u00e1 vynikne zejm\u00e9na po rozsv\u00edcen\u00ed.<\/p>\n<p>D\u0159ev\u011bn\u00e9 prvky konstrukci zm\u011bk\u010duj\u00ed a dod\u00e1vaj\u00ed j\u00ed p\u0159irozen\u00fd, lehce dom\u00e1c\u00ed charakter, zat\u00edmco kov dr\u017e\u00ed cel\u00fd tvar v \u010dist\u00e9, funk\u010dn\u00ed linii.<\/p>\n<p>Stav: p\u016fvodn\u00ed elektroinstalace, pln\u011b funk\u010dn\u00ed<br \/>\nZna\u010dka: Instala D\u011b\u010d\u00edn<br \/>\nRozm\u011br<br \/>\nCelkov\u00e1 v\u00fd\u0161ka: 67 cm<br \/>\nD\u00e9lka ty\u010de: 60 cm<br \/>\n\u0160\u00ed\u0159ka: 80 cm<br \/>\nHloubka: 43 cm<\/p>\n<p>&nbsp;<\/p>\n","protected":false},"excerpt":{"rendered":"<p>Z\u00e1v\u011bsn\u00fd lustr kombinuj\u00edc\u00ed d\u0159evo, kov a lisovan\u00e9 sklo, typick\u00fd pro \u010deskoslovenskou produkci 60.\u201370. let, pravd\u011bpodobn\u011b z d\u00edlny Instala D\u011b\u010d\u00edn. Jednotliv\u00e1<\/p>\n","protected":false},"featured_media":36830,"template":"","meta":[],"product_brand":[],"product_cat":[95,79,140],"product_tag":[],"class_list":{"0":"post-36828","1":"product","2":"type-product","3":"status-publish","4":"has-post-thumbnail","6":"product_cat-novinky","7":"product_cat-svetla","8":"product_cat-lustry","9":"product_shipping_class-nadrozmerne","11":"first","12":"instock","13":"purchasable","14":"product-type-simple"},"_links":{"self":[{"href":"https:\/\/eterle.cz\/eshop\/wp-json\/wp\/v2\/product\/36828","targetHints":{"allow":["GET"]}}],"collection":[{"href":"https:\/\/eterle.cz\/eshop\/wp-json\/wp\/v2\/product"}],"about":[{"href":"https:\/\/eterle.cz\/eshop\/wp-json\/wp\/v2\/types\/product"}],"version-history":[{"count":1,"href":"https:\/\/eterle.cz\/eshop\/wp-json\/wp\/v2\/product\/36828\/revisions"}],"predecessor-version":[{"id":36829,"href":"https:\/\/eterle.cz\/eshop\/wp-json\/wp\/v2\/product\/36828\/revisions\/36829"}],"wp:featuredmedia":[{"embeddable":true,"href":"https:\/\/eterle.cz\/eshop\/wp-json\/wp\/v2\/media\/36830"}],"wp:attachment":[{"href":"https:\/\/eterle.cz\/eshop\/wp-json\/wp\/v2\/media?parent=36828"}],"wp:term":[{"taxonomy":"product_brand","embeddable":true,"href":"https:\/\/eterle.cz\/eshop\/wp-json\/wp\/v2\/product_brand?post=36828"},{"taxonomy":"product_cat","embeddable":true,"href":"https:\/\/eterle.cz\/eshop\/wp-json\/wp\/v2\/product_cat?post=36828"},{"taxonomy":"product_tag","embeddable":true,"href":"https:\/\/eterle.cz\/eshop\/wp-json\/wp\/v2\/product_tag?post=36828"}],"curies":[{"name":"wp","href":"https:\/\/api.w.org\/{rel}","templated":true}]}}