{"id":36837,"date":"2026-04-21T21:52:22","date_gmt":"2026-04-21T19:52:22","guid":{"rendered":"https:\/\/eterle.cz\/eshop\/produkt\/funkcionalisticky-lustr-snadrik\/"},"modified":"2026-04-21T21:59:40","modified_gmt":"2026-04-21T19:59:40","slug":"funkcionalisticky-lustr-snadrik","status":"publish","type":"product","link":"https:\/\/eterle.cz\/eshop\/produkt\/funkcionalisticky-lustr-snadrik\/","title":{"rendered":"Funkcionalistick\u00fd lustr \/ Snadrik"},"content":{"rendered":"<p>Lustr vych\u00e1zej\u00edc\u00ed z funkcionalismu, postaven\u00fd na jednoduch\u00e9, ale v\u00fdrazn\u00e9 kruhov\u00e9 kompozici. Kombinuje kovovou konstrukci s op\u00e1lov\u00fdmi sklen\u011bn\u00fdmi miskami, kter\u00e9 p\u016fsob\u00ed lehce a vyv\u00e1\u017een\u011b.<\/p>\n<p>\u010cist\u00e9 linie a opakov\u00e1n\u00ed tvaru d\u00e1vaj\u00ed lustru klidn\u00fd, racion\u00e1ln\u00ed charakter, zat\u00edmco m\u011bkk\u00e9 sv\u011btlo op\u00e1lov\u00e9ho skla celek zjem\u0148uje. V\u00fdsledkem je nad\u010dasov\u00e9 sv\u00edtidlo, kter\u00e9 funguje jak v minimalistick\u00e9m interi\u00e9ru, tak jako kontrastn\u00ed prvek v historick\u00e9m prostoru.<\/p>\n<p>Pravd\u011bpodobn\u011b vyroben firmou Sandrik zalo\u017eenou v roce 1895 na Slovensku v Doln\u00edch Hamrech<\/p>\n<p>Stav: nov\u00e1 elektroinstalace<br \/>\nZna\u010dka: pravd\u011bpodobn\u011b Sandrik<br \/>\nRozm\u011br<br \/>\nCelkov\u00e1 v\u00fd\u0161ka: 79 cm<br \/>\nD\u00e9lka ty\u010de: 57 cm<br \/>\nP\u016fm\u011br: 60 cm<\/p>\n<p>&nbsp;<\/p>\n","protected":false},"excerpt":{"rendered":"<p>Lustr vych\u00e1zej\u00edc\u00ed z funkcionalismu, postaven\u00fd na jednoduch\u00e9, ale v\u00fdrazn\u00e9 kruhov\u00e9 kompozici. Kombinuje kovovou konstrukci s op\u00e1lov\u00fdmi sklen\u011bn\u00fdmi miskami, kter\u00e9 p\u016fsob\u00ed<\/p>\n","protected":false},"featured_media":36839,"template":"","meta":[],"product_brand":[],"product_cat":[95,79,140],"product_tag":[],"class_list":{"0":"post-36837","1":"product","2":"type-product","3":"status-publish","4":"has-post-thumbnail","6":"product_cat-novinky","7":"product_cat-svetla","8":"product_cat-lustry","9":"product_shipping_class-nadrozmerne","11":"first","12":"instock","13":"purchasable","14":"product-type-simple"},"_links":{"self":[{"href":"https:\/\/eterle.cz\/eshop\/wp-json\/wp\/v2\/product\/36837","targetHints":{"allow":["GET"]}}],"collection":[{"href":"https:\/\/eterle.cz\/eshop\/wp-json\/wp\/v2\/product"}],"about":[{"href":"https:\/\/eterle.cz\/eshop\/wp-json\/wp\/v2\/types\/product"}],"version-history":[{"count":1,"href":"https:\/\/eterle.cz\/eshop\/wp-json\/wp\/v2\/product\/36837\/revisions"}],"predecessor-version":[{"id":36838,"href":"https:\/\/eterle.cz\/eshop\/wp-json\/wp\/v2\/product\/36837\/revisions\/36838"}],"wp:featuredmedia":[{"embeddable":true,"href":"https:\/\/eterle.cz\/eshop\/wp-json\/wp\/v2\/media\/36839"}],"wp:attachment":[{"href":"https:\/\/eterle.cz\/eshop\/wp-json\/wp\/v2\/media?parent=36837"}],"wp:term":[{"taxonomy":"product_brand","embeddable":true,"href":"https:\/\/eterle.cz\/eshop\/wp-json\/wp\/v2\/product_brand?post=36837"},{"taxonomy":"product_cat","embeddable":true,"href":"https:\/\/eterle.cz\/eshop\/wp-json\/wp\/v2\/product_cat?post=36837"},{"taxonomy":"product_tag","embeddable":true,"href":"https:\/\/eterle.cz\/eshop\/wp-json\/wp\/v2\/product_tag?post=36837"}],"curies":[{"name":"wp","href":"https:\/\/api.w.org\/{rel}","templated":true}]}}