{"id":36846,"date":"2026-04-21T21:52:41","date_gmt":"2026-04-21T19:52:41","guid":{"rendered":"https:\/\/eterle.cz\/eshop\/produkt\/sestiramenny-lustr-2\/"},"modified":"2026-04-21T21:58:55","modified_gmt":"2026-04-21T19:58:55","slug":"sestiramenny-lustr-2","status":"publish","type":"product","link":"https:\/\/eterle.cz\/eshop\/produkt\/sestiramenny-lustr-2\/","title":{"rendered":"\u0160estiramenn\u00fd lustr"},"content":{"rendered":"<p>Lustr z p\u0159elomu 40. a 50. let, ve kter\u00e9m se potk\u00e1v\u00e1 dozn\u00edvaj\u00edc\u00ed elegance art deca s nastupuj\u00edc\u00ed st\u0159\u00eddmost\u00ed funkcionalismu. Jemn\u011b tvarovan\u00e1 ramena d\u00e1vaj\u00ed celku lehk\u00fd pohyb, zat\u00edmco sklen\u011bn\u00e9 kal\u00ed\u0161ky v jednoduch\u00e9m ku\u017eelov\u00e9m tvaru u\u017e sm\u011b\u0159uj\u00ed k \u010dist\u0161\u00edm, prakti\u010dt\u011bj\u0161\u00edm form\u00e1m.<\/p>\n<p>Zaj\u00edmav\u00fdm detailem je sklo s lehce kou\u0159ov\u00fdm, a\u017e perle\u0165ov\u00fdm n\u00e1dechem, kter\u00e9 p\u0159i rozsv\u00edcen\u00ed vytv\u00e1\u0159\u00ed m\u011bkk\u00e9, tlumen\u00e9 sv\u011btlo a dod\u00e1v\u00e1 lustru p\u0159\u00edjemn\u011b intimn\u00ed atmosf\u00e9ru.<\/p>\n<p>Celek p\u016fsob\u00ed elegantn\u011b, ale ne ok\u00e1zale \u2013 p\u0159esn\u011b ten typ sv\u00edtidla, kter\u00fd funguje dlouhodob\u011b a nep\u016fsob\u00ed t\u011b\u017ece ani v men\u0161\u00edm prostoru.<\/p>\n<p>Stav: p\u016fvodn\u00ed elektroinstalace &#8211; pln\u011b funk\u010dn\u00ed, jedno st\u00ednidlo lehce \u0161t\u00edpl\u00e9<br \/>\nRozm\u011br<br \/>\nCelkov\u00e1 v\u00fd\u0161ka: 86 cm<br \/>\nD\u00e9lka ty\u010de: 83 cm<br \/>\nP\u016fm\u011br: 79 cm<br \/>\nPr\u016fm\u011br st\u00ednidla: 17,5 cm<\/p>\n<p>&nbsp;<\/p>\n","protected":false},"excerpt":{"rendered":"<p>Lustr z p\u0159elomu 40. a 50. let, ve kter\u00e9m se potk\u00e1v\u00e1 dozn\u00edvaj\u00edc\u00ed elegance art deca s nastupuj\u00edc\u00ed st\u0159\u00eddmost\u00ed funkcionalismu. Jemn\u011b<\/p>\n","protected":false},"featured_media":36848,"template":"","meta":[],"product_brand":[],"product_cat":[95,79,140],"product_tag":[],"class_list":{"0":"post-36846","1":"product","2":"type-product","3":"status-publish","4":"has-post-thumbnail","6":"product_cat-novinky","7":"product_cat-svetla","8":"product_cat-lustry","9":"product_shipping_class-nadrozmerne","11":"first","12":"instock","13":"purchasable","14":"product-type-simple"},"_links":{"self":[{"href":"https:\/\/eterle.cz\/eshop\/wp-json\/wp\/v2\/product\/36846","targetHints":{"allow":["GET"]}}],"collection":[{"href":"https:\/\/eterle.cz\/eshop\/wp-json\/wp\/v2\/product"}],"about":[{"href":"https:\/\/eterle.cz\/eshop\/wp-json\/wp\/v2\/types\/product"}],"version-history":[{"count":1,"href":"https:\/\/eterle.cz\/eshop\/wp-json\/wp\/v2\/product\/36846\/revisions"}],"predecessor-version":[{"id":36847,"href":"https:\/\/eterle.cz\/eshop\/wp-json\/wp\/v2\/product\/36846\/revisions\/36847"}],"wp:featuredmedia":[{"embeddable":true,"href":"https:\/\/eterle.cz\/eshop\/wp-json\/wp\/v2\/media\/36848"}],"wp:attachment":[{"href":"https:\/\/eterle.cz\/eshop\/wp-json\/wp\/v2\/media?parent=36846"}],"wp:term":[{"taxonomy":"product_brand","embeddable":true,"href":"https:\/\/eterle.cz\/eshop\/wp-json\/wp\/v2\/product_brand?post=36846"},{"taxonomy":"product_cat","embeddable":true,"href":"https:\/\/eterle.cz\/eshop\/wp-json\/wp\/v2\/product_cat?post=36846"},{"taxonomy":"product_tag","embeddable":true,"href":"https:\/\/eterle.cz\/eshop\/wp-json\/wp\/v2\/product_tag?post=36846"}],"curies":[{"name":"wp","href":"https:\/\/api.w.org\/{rel}","templated":true}]}}