{"id":36856,"date":"2026-04-21T21:53:04","date_gmt":"2026-04-21T19:53:04","guid":{"rendered":"https:\/\/eterle.cz\/eshop\/produkt\/lustr-18\/"},"modified":"2026-04-21T21:58:54","modified_gmt":"2026-04-21T19:58:54","slug":"lustr-18","status":"publish","type":"product","link":"https:\/\/eterle.cz\/eshop\/produkt\/lustr-18\/","title":{"rendered":"Lustr"},"content":{"rendered":"<p>Lustr z 50. let, postaven\u00fd na jednoduch\u00e9 a velmi p\u0159\u00edjemn\u00e9 kombinaci kovu a op\u00e1lov\u00e9ho skla. Dominantn\u00edm prvkem jsou sklen\u011bn\u00e9 misky s m\u011bkce zaoblen\u00fdm tvarem, kter\u00e9 se pravideln\u011b rozv\u00edraj\u00ed kolem centr\u00e1ln\u00ed osy.<\/p>\n<p>Tvar je st\u0159\u00eddm\u00fd, bez zbyte\u010dn\u00e9 dekorativnosti, a p\u016fsob\u00ed klidn\u011b a vyv\u00e1\u017een\u011b. Kovov\u00e1 konstrukce z\u016fst\u00e1v\u00e1 v pozad\u00ed a nech\u00e1v\u00e1 vyniknout samotn\u00e9 sklo.<\/p>\n<p>Zaj\u00edmav\u00e1 je i barevnost \u2013 ve vypnut\u00e9m stavu m\u00e1 sklo jemn\u00fd odst\u00edn \u201ebutter yellow\u201c, kter\u00fd p\u0159i rozsv\u00edcen\u00ed p\u0159ech\u00e1z\u00ed do syt\u011bj\u0161\u00ed, teple \u017elut\u00e9. Sv\u011btlo je m\u011bkk\u00e9 a rozpt\u00fdlen\u00e9, p\u0159\u00edjemn\u00e9 pro ka\u017edodenn\u00ed pou\u017eit\u00ed.<\/p>\n<p>Stav: nov\u00e1 elektroinstalace<br \/>\nRozm\u011br<br \/>\nCelkov\u00e1 v\u00fd\u0161ka: 70 cm<br \/>\nD\u00e9lka ty\u010de: 40 cm<br \/>\nP\u016fm\u011br: 52 cm<\/p>\n<p>&nbsp;<\/p>\n","protected":false},"excerpt":{"rendered":"<p>Lustr z 50. let, postaven\u00fd na jednoduch\u00e9 a velmi p\u0159\u00edjemn\u00e9 kombinaci kovu a op\u00e1lov\u00e9ho skla. Dominantn\u00edm prvkem jsou sklen\u011bn\u00e9 misky<\/p>\n","protected":false},"featured_media":36858,"template":"","meta":[],"product_brand":[],"product_cat":[95,79,140],"product_tag":[],"class_list":{"0":"post-36856","1":"product","2":"type-product","3":"status-publish","4":"has-post-thumbnail","6":"product_cat-novinky","7":"product_cat-svetla","8":"product_cat-lustry","9":"product_shipping_class-nadrozmerne","11":"first","12":"instock","13":"purchasable","14":"product-type-simple"},"_links":{"self":[{"href":"https:\/\/eterle.cz\/eshop\/wp-json\/wp\/v2\/product\/36856","targetHints":{"allow":["GET"]}}],"collection":[{"href":"https:\/\/eterle.cz\/eshop\/wp-json\/wp\/v2\/product"}],"about":[{"href":"https:\/\/eterle.cz\/eshop\/wp-json\/wp\/v2\/types\/product"}],"version-history":[{"count":1,"href":"https:\/\/eterle.cz\/eshop\/wp-json\/wp\/v2\/product\/36856\/revisions"}],"predecessor-version":[{"id":36857,"href":"https:\/\/eterle.cz\/eshop\/wp-json\/wp\/v2\/product\/36856\/revisions\/36857"}],"wp:featuredmedia":[{"embeddable":true,"href":"https:\/\/eterle.cz\/eshop\/wp-json\/wp\/v2\/media\/36858"}],"wp:attachment":[{"href":"https:\/\/eterle.cz\/eshop\/wp-json\/wp\/v2\/media?parent=36856"}],"wp:term":[{"taxonomy":"product_brand","embeddable":true,"href":"https:\/\/eterle.cz\/eshop\/wp-json\/wp\/v2\/product_brand?post=36856"},{"taxonomy":"product_cat","embeddable":true,"href":"https:\/\/eterle.cz\/eshop\/wp-json\/wp\/v2\/product_cat?post=36856"},{"taxonomy":"product_tag","embeddable":true,"href":"https:\/\/eterle.cz\/eshop\/wp-json\/wp\/v2\/product_tag?post=36856"}],"curies":[{"name":"wp","href":"https:\/\/api.w.org\/{rel}","templated":true}]}}