{"id":36864,"date":"2026-04-21T21:53:22","date_gmt":"2026-04-21T19:53:22","guid":{"rendered":"https:\/\/eterle.cz\/eshop\/produkt\/stojaci-lampa-italie\/"},"modified":"2026-04-21T21:58:54","modified_gmt":"2026-04-21T19:58:54","slug":"stojaci-lampa-italie","status":"publish","type":"product","link":"https:\/\/eterle.cz\/eshop\/produkt\/stojaci-lampa-italie\/","title":{"rendered":"Stojac\u00ed lampa  \/ It\u00e1lie"},"content":{"rendered":"<p>Stojac\u00ed lampa pravd\u011bpodobn\u011b italsk\u00e9 provenience ze 70. let, kter\u00e1 zaujme p\u0159edev\u0161\u00edm sv\u00fdm v\u00fdrazn\u00fdm plastov\u00fdm st\u00ednidlem s jemn\u00fdm mramorov\u00e1n\u00edm. Povrch p\u0159ipom\u00ednaj\u00edc\u00ed alabastr d\u00e1v\u00e1 sv\u011btlu m\u011bkk\u00fd, teple rozpt\u00fdlen\u00fd charakter.<\/p>\n<p>Konstrukce kombinuje chromovan\u00fd kov s lakovan\u00fdm podstavcem a elegantn\u011b zahnut\u00fdm ramenem, kter\u00e9 dod\u00e1v\u00e1 cel\u00e9 lamp\u011b lehkost a m\u00edrn\u011b architektonick\u00fd v\u00fdraz.<\/p>\n<p>Ve vypnut\u00e9m stavu p\u016fsob\u00ed st\u00ednidlo kr\u00e9mov\u011b a\u017e slonovinov\u011b, po rozsv\u00edcen\u00ed se rozsv\u00edt\u00ed do tepl\u00fdch medov\u00fdch t\u00f3n\u016f a vytv\u00e1\u0159\u00ed p\u0159\u00edjemn\u011b klidnou atmosf\u00e9ru.<\/p>\n<p>Celek stoj\u00ed na pomez\u00ed funk\u010dn\u00edho designu a jemn\u00e9 dekorativnosti, typick\u00e9 pro italskou produkci 70. let.<\/p>\n<p>Stav: nov\u00e1 elektroinstalace<br \/>\nRozm\u011br<br \/>\nCelkov\u00e1 v\u00fd\u0161ka: 79 cm<br \/>\nD\u00e9lka ty\u010de: 57 cm<br \/>\nP\u016fm\u011br: 60 cm<\/p>\n<p>&nbsp;<\/p>\n","protected":false},"excerpt":{"rendered":"<p>Stojac\u00ed lampa pravd\u011bpodobn\u011b italsk\u00e9 provenience ze 70. let, kter\u00e1 zaujme p\u0159edev\u0161\u00edm sv\u00fdm v\u00fdrazn\u00fdm plastov\u00fdm st\u00ednidlem s jemn\u00fdm mramorov\u00e1n\u00edm. Povrch p\u0159ipom\u00ednaj\u00edc\u00ed<\/p>\n","protected":false},"featured_media":36866,"template":"","meta":[],"product_brand":[],"product_cat":[95,79,142],"product_tag":[],"class_list":{"0":"post-36864","1":"product","2":"type-product","3":"status-publish","4":"has-post-thumbnail","6":"product_cat-novinky","7":"product_cat-svetla","8":"product_cat-stojaci-lampy","9":"product_shipping_class-nadrozmerne","11":"first","12":"instock","13":"purchasable","14":"product-type-simple"},"_links":{"self":[{"href":"https:\/\/eterle.cz\/eshop\/wp-json\/wp\/v2\/product\/36864","targetHints":{"allow":["GET"]}}],"collection":[{"href":"https:\/\/eterle.cz\/eshop\/wp-json\/wp\/v2\/product"}],"about":[{"href":"https:\/\/eterle.cz\/eshop\/wp-json\/wp\/v2\/types\/product"}],"version-history":[{"count":1,"href":"https:\/\/eterle.cz\/eshop\/wp-json\/wp\/v2\/product\/36864\/revisions"}],"predecessor-version":[{"id":36865,"href":"https:\/\/eterle.cz\/eshop\/wp-json\/wp\/v2\/product\/36864\/revisions\/36865"}],"wp:featuredmedia":[{"embeddable":true,"href":"https:\/\/eterle.cz\/eshop\/wp-json\/wp\/v2\/media\/36866"}],"wp:attachment":[{"href":"https:\/\/eterle.cz\/eshop\/wp-json\/wp\/v2\/media?parent=36864"}],"wp:term":[{"taxonomy":"product_brand","embeddable":true,"href":"https:\/\/eterle.cz\/eshop\/wp-json\/wp\/v2\/product_brand?post=36864"},{"taxonomy":"product_cat","embeddable":true,"href":"https:\/\/eterle.cz\/eshop\/wp-json\/wp\/v2\/product_cat?post=36864"},{"taxonomy":"product_tag","embeddable":true,"href":"https:\/\/eterle.cz\/eshop\/wp-json\/wp\/v2\/product_tag?post=36864"}],"curies":[{"name":"wp","href":"https:\/\/api.w.org\/{rel}","templated":true}]}}