{"id":36906,"date":"2026-04-21T21:54:48","date_gmt":"2026-04-21T19:54:48","guid":{"rendered":"https:\/\/eterle.cz\/eshop\/produkt\/stojaci-lampa-11\/"},"modified":"2026-04-21T21:58:54","modified_gmt":"2026-04-21T19:58:54","slug":"stojaci-lampa-11","status":"publish","type":"product","link":"https:\/\/eterle.cz\/eshop\/produkt\/stojaci-lampa-11\/","title":{"rendered":"Stojac\u00ed lampa"},"content":{"rendered":"<p>Stojac\u00ed lampa s obloukov\u00fdm ramenem, kter\u00e1 vych\u00e1z\u00ed z ikonick\u00fdch n\u00e1vrh\u016f 60. a 70. let. Jednoduch\u00e1 chromovan\u00e1 konstrukce dopln\u011bn\u00e1 mramorovou podstavou nese polokulov\u00e9 st\u00ednidlo, kter\u00e9 sm\u011bruje sv\u011btlo p\u0159esn\u011b tam, kde je pot\u0159eba.<\/p>\n<p>Typick\u00e1 je pr\u00e1v\u011b vyv\u00e1\u017eenost celku \u2013 technicky p\u016fsob\u00edc\u00ed konstrukce na jedn\u00e9 stran\u011b a m\u011bkk\u00fd, klidn\u00fd tvar st\u00ednidla na stran\u011b druh\u00e9. Lampa tak nep\u016fsob\u00ed chladn\u011b, ale p\u0159irozen\u011b zapadne do interi\u00e9ru a vytvo\u0159\u00ed p\u0159\u00edjemn\u00e9, soust\u0159ed\u011bn\u00e9 sv\u011btlo.<\/p>\n<p>Inspirace italsk\u00fdm designem druh\u00e9 poloviny 20. stolet\u00ed je zde z\u0159ejm\u00e1, p\u0159edev\u0161\u00edm v samotn\u00e9m obloukov\u00e9m principu. D\u00edky tomu dob\u0159e funguje vedle k\u0159esla nebo pohovky, ale obstoj\u00ed i jako samostatn\u00fd solit\u00e9r v prostoru.<\/p>\n<p>Stav: elektroinstalace p\u016fvodn\u00ed, funk\u010dn\u00ed<br \/>\nRozm\u011br<br \/>\nCelkov\u00e1 v\u00fd\u0161ka: 168 cm<br \/>\nPr\u016fm\u011br z\u00e1kladny: 35 cm<br \/>\nHloubka max: 145 cm \/ min 95<\/p>\n<p>&nbsp;<\/p>\n","protected":false},"excerpt":{"rendered":"<p>Stojac\u00ed lampa s obloukov\u00fdm ramenem, kter\u00e1 vych\u00e1z\u00ed z ikonick\u00fdch n\u00e1vrh\u016f 60. a 70. let. Jednoduch\u00e1 chromovan\u00e1 konstrukce dopln\u011bn\u00e1 mramorovou podstavou<\/p>\n","protected":false},"featured_media":36908,"template":"","meta":[],"product_brand":[],"product_cat":[95,79,142],"product_tag":[],"class_list":{"0":"post-36906","1":"product","2":"type-product","3":"status-publish","4":"has-post-thumbnail","6":"product_cat-novinky","7":"product_cat-svetla","8":"product_cat-stojaci-lampy","9":"product_shipping_class-nadrozmerne","11":"first","12":"instock","13":"purchasable","14":"product-type-simple"},"_links":{"self":[{"href":"https:\/\/eterle.cz\/eshop\/wp-json\/wp\/v2\/product\/36906","targetHints":{"allow":["GET"]}}],"collection":[{"href":"https:\/\/eterle.cz\/eshop\/wp-json\/wp\/v2\/product"}],"about":[{"href":"https:\/\/eterle.cz\/eshop\/wp-json\/wp\/v2\/types\/product"}],"version-history":[{"count":1,"href":"https:\/\/eterle.cz\/eshop\/wp-json\/wp\/v2\/product\/36906\/revisions"}],"predecessor-version":[{"id":36907,"href":"https:\/\/eterle.cz\/eshop\/wp-json\/wp\/v2\/product\/36906\/revisions\/36907"}],"wp:featuredmedia":[{"embeddable":true,"href":"https:\/\/eterle.cz\/eshop\/wp-json\/wp\/v2\/media\/36908"}],"wp:attachment":[{"href":"https:\/\/eterle.cz\/eshop\/wp-json\/wp\/v2\/media?parent=36906"}],"wp:term":[{"taxonomy":"product_brand","embeddable":true,"href":"https:\/\/eterle.cz\/eshop\/wp-json\/wp\/v2\/product_brand?post=36906"},{"taxonomy":"product_cat","embeddable":true,"href":"https:\/\/eterle.cz\/eshop\/wp-json\/wp\/v2\/product_cat?post=36906"},{"taxonomy":"product_tag","embeddable":true,"href":"https:\/\/eterle.cz\/eshop\/wp-json\/wp\/v2\/product_tag?post=36906"}],"curies":[{"name":"wp","href":"https:\/\/api.w.org\/{rel}","templated":true}]}}