{"id":36916,"date":"2026-04-21T21:55:09","date_gmt":"2026-04-21T19:55:09","guid":{"rendered":"https:\/\/eterle.cz\/eshop\/produkt\/stolni-lampa-houba-2\/"},"modified":"2026-04-21T21:58:54","modified_gmt":"2026-04-21T19:58:54","slug":"stolni-lampa-houba-2","status":"publish","type":"product","link":"https:\/\/eterle.cz\/eshop\/produkt\/stolni-lampa-houba-2\/","title":{"rendered":"Stoln\u00ed lampa &#8222;houba&#8220;"},"content":{"rendered":"<p>Stoln\u00ed lampa velmi pravd\u011bpodobn\u011b poch\u00e1zej\u00edc\u00ed z produkce nizozemsk\u00e9 zna\u010dky Dijkstra Lampen. V jej\u00ed tvorb\u011b se v 70. letech objevuj\u00ed jednoduch\u00e9 geometrick\u00e9 tvary a kombinace kovu a plastu, co\u017e se prom\u00edt\u00e1 i do tohoto modelu.<\/p>\n<p>Z\u00e1klad tvo\u0159\u00ed \u010dist\u011b tvarovan\u00e9 t\u011blo v k\u00f3nick\u00e9 linii, na kter\u00e9 je posazen \u0161irok\u00fd tal\u00ed\u0159ov\u00fd prvek dopln\u011bn\u00fd dekorativn\u00edm sklen\u011bn\u00fdm detailem. Celek p\u016fsob\u00ed vyv\u00e1\u017een\u011b a z\u00e1rove\u0148 lehce hrav\u011b \u2013 p\u0159esn\u011b v duchu tehdej\u0161\u00ed produkce na pomez\u00ed modernismu a nastupuj\u00edc\u00edho \u201espace age\u201c designu.<\/p>\n<p>Nejde o autorsk\u00fd n\u00e1vrh konkr\u00e9tn\u00edho design\u00e9ra, ale o kvalitn\u00ed s\u00e9riovou v\u00fdrobu, kter\u00e1 dob\u0159e vystihuje estetiku sv\u00e9 doby. Lampa zaujme nejen sv\u00fdm v\u00fdrazem, ale i m\u011bkk\u00fdm, rozpt\u00fdlen\u00fdm sv\u011btlem, kter\u00e9 vytv\u00e1\u0159\u00ed p\u0159\u00edjemnou atmosf\u00e9ru.<\/p>\n<p>Stav: nov\u00e1 elektroinstalace<br \/>\nZna\u010dka:  pravd\u011bpodobn\u011b Dijkstra Lampen<br \/>\nRozm\u011br<br \/>\nCelkov\u00e1 v\u00fd\u0161ka: 50 cm<br \/>\nP\u016fm\u011br: 50 cm<\/p>\n<p>&nbsp;<\/p>\n","protected":false},"excerpt":{"rendered":"<p>Stoln\u00ed lampa velmi pravd\u011bpodobn\u011b poch\u00e1zej\u00edc\u00ed z produkce nizozemsk\u00e9 zna\u010dky Dijkstra Lampen. V jej\u00ed tvorb\u011b se v 70. letech objevuj\u00ed jednoduch\u00e9<\/p>\n","protected":false},"featured_media":36918,"template":"","meta":[],"product_brand":[],"product_cat":[95,79,141],"product_tag":[],"class_list":{"0":"post-36916","1":"product","2":"type-product","3":"status-publish","4":"has-post-thumbnail","6":"product_cat-novinky","7":"product_cat-svetla","8":"product_cat-stolni-lampy","9":"product_shipping_class-nadrozmerne","11":"first","12":"instock","13":"purchasable","14":"product-type-simple"},"_links":{"self":[{"href":"https:\/\/eterle.cz\/eshop\/wp-json\/wp\/v2\/product\/36916","targetHints":{"allow":["GET"]}}],"collection":[{"href":"https:\/\/eterle.cz\/eshop\/wp-json\/wp\/v2\/product"}],"about":[{"href":"https:\/\/eterle.cz\/eshop\/wp-json\/wp\/v2\/types\/product"}],"version-history":[{"count":1,"href":"https:\/\/eterle.cz\/eshop\/wp-json\/wp\/v2\/product\/36916\/revisions"}],"predecessor-version":[{"id":36917,"href":"https:\/\/eterle.cz\/eshop\/wp-json\/wp\/v2\/product\/36916\/revisions\/36917"}],"wp:featuredmedia":[{"embeddable":true,"href":"https:\/\/eterle.cz\/eshop\/wp-json\/wp\/v2\/media\/36918"}],"wp:attachment":[{"href":"https:\/\/eterle.cz\/eshop\/wp-json\/wp\/v2\/media?parent=36916"}],"wp:term":[{"taxonomy":"product_brand","embeddable":true,"href":"https:\/\/eterle.cz\/eshop\/wp-json\/wp\/v2\/product_brand?post=36916"},{"taxonomy":"product_cat","embeddable":true,"href":"https:\/\/eterle.cz\/eshop\/wp-json\/wp\/v2\/product_cat?post=36916"},{"taxonomy":"product_tag","embeddable":true,"href":"https:\/\/eterle.cz\/eshop\/wp-json\/wp\/v2\/product_tag?post=36916"}],"curies":[{"name":"wp","href":"https:\/\/api.w.org\/{rel}","templated":true}]}}