{"id":36922,"date":"2026-04-21T21:55:20","date_gmt":"2026-04-21T19:55:20","guid":{"rendered":"https:\/\/eterle.cz\/eshop\/produkt\/parove-stolni-lampicky-3\/"},"modified":"2026-04-21T21:58:54","modified_gmt":"2026-04-21T19:58:54","slug":"parove-stolni-lampicky-3","status":"publish","type":"product","link":"https:\/\/eterle.cz\/eshop\/produkt\/parove-stolni-lampicky-3\/","title":{"rendered":"P\u00e1rov\u00e9 stoln\u00ed lampi\u010dky"},"content":{"rendered":"<p>Dvojice stoln\u00edch lamp, kter\u00e9 na prvn\u00ed pohled p\u016fsob\u00ed velmi jednodu\u0161e, ale p\u0159i bli\u017e\u0161\u00edm pohledu vyniknou drobn\u00e9, promy\u0161len\u00e9 detaily.<\/p>\n<p>Tvarov\u011b odkazuj\u00ed k modernistick\u00fdm n\u00e1vrh\u016fm druh\u00e9 poloviny 20. stolet\u00ed, kde se pracovalo s element\u00e1rn\u00ed geometri\u00ed a d\u016frazem na funkci. Nejde o konkr\u00e9tn\u011b atribuovan\u00fd autorsk\u00fd n\u00e1vrh, ale o kvalitn\u00ed produkci sv\u00e9 doby, kter\u00e1 dnes p\u016fsob\u00ed nad\u010dasov\u011b.<\/p>\n<p>Prod\u00e1v\u00e1no jako p\u00e1r.<\/p>\n<p>Stav: p\u016fvodn\u00ed elektroinstalace &#8211; pln\u011b funk\u010dn\u00ed<br \/>\nRozm\u011br<br \/>\nCelkov\u00e1 v\u00fd\u0161ka: 22 cm<br \/>\nP\u016fm\u011br: 15 cm<\/p>\n<p>&nbsp;<\/p>\n","protected":false},"excerpt":{"rendered":"<p>Dvojice stoln\u00edch lamp, kter\u00e9 na prvn\u00ed pohled p\u016fsob\u00ed velmi jednodu\u0161e, ale p\u0159i bli\u017e\u0161\u00edm pohledu vyniknou drobn\u00e9, promy\u0161len\u00e9 detaily. Tvarov\u011b odkazuj\u00ed<\/p>\n","protected":false},"featured_media":36924,"template":"","meta":[],"product_brand":[],"product_cat":[95,79,141],"product_tag":[],"class_list":{"0":"post-36922","1":"product","2":"type-product","3":"status-publish","4":"has-post-thumbnail","6":"product_cat-novinky","7":"product_cat-svetla","8":"product_cat-stolni-lampy","9":"product_shipping_class-nadrozmerne","11":"first","12":"instock","13":"purchasable","14":"product-type-simple"},"_links":{"self":[{"href":"https:\/\/eterle.cz\/eshop\/wp-json\/wp\/v2\/product\/36922","targetHints":{"allow":["GET"]}}],"collection":[{"href":"https:\/\/eterle.cz\/eshop\/wp-json\/wp\/v2\/product"}],"about":[{"href":"https:\/\/eterle.cz\/eshop\/wp-json\/wp\/v2\/types\/product"}],"version-history":[{"count":1,"href":"https:\/\/eterle.cz\/eshop\/wp-json\/wp\/v2\/product\/36922\/revisions"}],"predecessor-version":[{"id":36923,"href":"https:\/\/eterle.cz\/eshop\/wp-json\/wp\/v2\/product\/36922\/revisions\/36923"}],"wp:featuredmedia":[{"embeddable":true,"href":"https:\/\/eterle.cz\/eshop\/wp-json\/wp\/v2\/media\/36924"}],"wp:attachment":[{"href":"https:\/\/eterle.cz\/eshop\/wp-json\/wp\/v2\/media?parent=36922"}],"wp:term":[{"taxonomy":"product_brand","embeddable":true,"href":"https:\/\/eterle.cz\/eshop\/wp-json\/wp\/v2\/product_brand?post=36922"},{"taxonomy":"product_cat","embeddable":true,"href":"https:\/\/eterle.cz\/eshop\/wp-json\/wp\/v2\/product_cat?post=36922"},{"taxonomy":"product_tag","embeddable":true,"href":"https:\/\/eterle.cz\/eshop\/wp-json\/wp\/v2\/product_tag?post=36922"}],"curies":[{"name":"wp","href":"https:\/\/api.w.org\/{rel}","templated":true}]}}