{"id":36928,"date":"2026-04-21T21:55:33","date_gmt":"2026-04-21T19:55:33","guid":{"rendered":"https:\/\/eterle.cz\/eshop\/produkt\/parove-lampicky-na-zed\/"},"modified":"2026-04-21T21:58:54","modified_gmt":"2026-04-21T19:58:54","slug":"parove-lampicky-na-zed","status":"publish","type":"product","link":"https:\/\/eterle.cz\/eshop\/produkt\/parove-lampicky-na-zed\/","title":{"rendered":"P\u00e1rov\u00e9 lampi\u010dky na ze\u010f"},"content":{"rendered":"<p>Dvojice n\u00e1st\u011bnn\u00fdch lamp s jemn\u011b tvarovan\u00fdm sklen\u011bn\u00fdm st\u00ednidlem a mosaznou konstrukc\u00ed, kter\u00e1 nese p\u0159irozenou patinu \u010dasu.<\/p>\n<p>Na prvn\u00ed pohled jednoduch\u00fd n\u00e1vrh dopl\u0148uj\u00ed drobn\u00e9 detaily \u2013 lehce lomen\u00fd tvar st\u00ednidla i subtiln\u00ed uchycen\u00ed na st\u011bnu. Celek p\u016fsob\u00ed vyv\u00e1\u017een\u011b a klidn\u011b, bez zbyte\u010dn\u00e9 dekorativnosti.<\/p>\n<p>Lampy vych\u00e1zej\u00ed z modernistick\u00e9 tradice druh\u00e9 poloviny 20. stolet\u00ed, kde hr\u00e1l hlavn\u00ed roli tvar, materi\u00e1l a funkce.<\/p>\n<p>Prod\u00e1v\u00e1no jako p\u00e1r.<\/p>\n<p>Stav: p\u016fvodn\u00ed elektroinstalace &#8211; pln\u011b funk\u010dn\u00ed<br \/>\nRozm\u011br<br \/>\nCelkov\u00e1 v\u00fd\u0161ka: 36 cm<br \/>\nP\u016fm\u011br st\u00ednidla: 10 cm<\/p>\n<p>&nbsp;<\/p>\n","protected":false},"excerpt":{"rendered":"<p>Dvojice n\u00e1st\u011bnn\u00fdch lamp s jemn\u011b tvarovan\u00fdm sklen\u011bn\u00fdm st\u00ednidlem a mosaznou konstrukc\u00ed, kter\u00e1 nese p\u0159irozenou patinu \u010dasu. Na prvn\u00ed pohled jednoduch\u00fd<\/p>\n","protected":false},"featured_media":36930,"template":"","meta":[],"product_brand":[],"product_cat":[95,79,141],"product_tag":[],"class_list":{"0":"post-36928","1":"product","2":"type-product","3":"status-publish","4":"has-post-thumbnail","6":"product_cat-novinky","7":"product_cat-svetla","8":"product_cat-stolni-lampy","9":"product_shipping_class-nadrozmerne","11":"first","12":"instock","13":"purchasable","14":"product-type-simple"},"_links":{"self":[{"href":"https:\/\/eterle.cz\/eshop\/wp-json\/wp\/v2\/product\/36928","targetHints":{"allow":["GET"]}}],"collection":[{"href":"https:\/\/eterle.cz\/eshop\/wp-json\/wp\/v2\/product"}],"about":[{"href":"https:\/\/eterle.cz\/eshop\/wp-json\/wp\/v2\/types\/product"}],"version-history":[{"count":1,"href":"https:\/\/eterle.cz\/eshop\/wp-json\/wp\/v2\/product\/36928\/revisions"}],"predecessor-version":[{"id":36929,"href":"https:\/\/eterle.cz\/eshop\/wp-json\/wp\/v2\/product\/36928\/revisions\/36929"}],"wp:featuredmedia":[{"embeddable":true,"href":"https:\/\/eterle.cz\/eshop\/wp-json\/wp\/v2\/media\/36930"}],"wp:attachment":[{"href":"https:\/\/eterle.cz\/eshop\/wp-json\/wp\/v2\/media?parent=36928"}],"wp:term":[{"taxonomy":"product_brand","embeddable":true,"href":"https:\/\/eterle.cz\/eshop\/wp-json\/wp\/v2\/product_brand?post=36928"},{"taxonomy":"product_cat","embeddable":true,"href":"https:\/\/eterle.cz\/eshop\/wp-json\/wp\/v2\/product_cat?post=36928"},{"taxonomy":"product_tag","embeddable":true,"href":"https:\/\/eterle.cz\/eshop\/wp-json\/wp\/v2\/product_tag?post=36928"}],"curies":[{"name":"wp","href":"https:\/\/api.w.org\/{rel}","templated":true}]}}