{"id":36936,"date":"2026-04-21T21:55:51","date_gmt":"2026-04-21T19:55:51","guid":{"rendered":"https:\/\/eterle.cz\/eshop\/produkt\/stolni-lampa-7\/"},"modified":"2026-04-21T21:58:54","modified_gmt":"2026-04-21T19:58:54","slug":"stolni-lampa-7","status":"publish","type":"product","link":"https:\/\/eterle.cz\/eshop\/produkt\/stolni-lampa-7\/","title":{"rendered":"Stoln\u00ed lampa"},"content":{"rendered":"<p>Stoln\u00ed lampa s v\u00fdraznou sklen\u011bnou koul\u00ed, kter\u00e1 p\u016fsob\u00ed trochu jako zmen\u0161en\u00e1 pouli\u010dn\u00ed lampa \u2013 nebo jako lehce \u201ekosmick\u00fd\u201c objekt z interi\u00e9r\u016f 60. a 70. let. Pr\u00e1v\u011b tehdy se pracovalo s jednoduchou geometri\u00ed a zv\u011bt\u0161en\u00fdm m\u011b\u0159\u00edtkem jednotliv\u00fdch prvk\u016f.<\/p>\n<p>Jemn\u011b strukturovan\u00e9, lehce t\u00f3novan\u00e9 sklo dod\u00e1v\u00e1 lamp\u011b charakter u\u017e ve vypnut\u00e9m stavu, po rozsv\u00edcen\u00ed pak vytv\u00e1\u0159\u00ed m\u011bkk\u00e9, rozpt\u00fdlen\u00e9 sv\u011btlo s lehce magickou atmosf\u00e9rou.<\/p>\n<p>\u0160t\u00edhl\u00e1 kovov\u00e1 podstava v b\u00edl\u00e9 barv\u011b s mosazn\u00fdmi detaily dr\u017e\u00ed celek vizu\u00e1ln\u011b \u010dist\u00fd a nech\u00e1v\u00e1 vyniknout samotnou kouli jako hlavn\u00ed motiv.<\/p>\n<p>Stav: p\u016fvodn\u00ed elektroinstalace &#8211; pln\u011b funk\u010dn\u00ed<br \/>\nRozm\u011br<br \/>\nCelkov\u00e1 v\u00fd\u0161ka: 74 cm<br \/>\nP\u016fm\u011br: 30 cm<\/p>\n<p>&nbsp;<\/p>\n","protected":false},"excerpt":{"rendered":"<p>Stoln\u00ed lampa s v\u00fdraznou sklen\u011bnou koul\u00ed, kter\u00e1 p\u016fsob\u00ed trochu jako zmen\u0161en\u00e1 pouli\u010dn\u00ed lampa \u2013 nebo jako lehce \u201ekosmick\u00fd\u201c objekt z<\/p>\n","protected":false},"featured_media":36938,"template":"","meta":[],"product_brand":[],"product_cat":[95,79,141],"product_tag":[],"class_list":{"0":"post-36936","1":"product","2":"type-product","3":"status-publish","4":"has-post-thumbnail","6":"product_cat-novinky","7":"product_cat-svetla","8":"product_cat-stolni-lampy","9":"product_shipping_class-nadrozmerne","11":"first","12":"instock","13":"purchasable","14":"product-type-simple"},"_links":{"self":[{"href":"https:\/\/eterle.cz\/eshop\/wp-json\/wp\/v2\/product\/36936","targetHints":{"allow":["GET"]}}],"collection":[{"href":"https:\/\/eterle.cz\/eshop\/wp-json\/wp\/v2\/product"}],"about":[{"href":"https:\/\/eterle.cz\/eshop\/wp-json\/wp\/v2\/types\/product"}],"version-history":[{"count":1,"href":"https:\/\/eterle.cz\/eshop\/wp-json\/wp\/v2\/product\/36936\/revisions"}],"predecessor-version":[{"id":36937,"href":"https:\/\/eterle.cz\/eshop\/wp-json\/wp\/v2\/product\/36936\/revisions\/36937"}],"wp:featuredmedia":[{"embeddable":true,"href":"https:\/\/eterle.cz\/eshop\/wp-json\/wp\/v2\/media\/36938"}],"wp:attachment":[{"href":"https:\/\/eterle.cz\/eshop\/wp-json\/wp\/v2\/media?parent=36936"}],"wp:term":[{"taxonomy":"product_brand","embeddable":true,"href":"https:\/\/eterle.cz\/eshop\/wp-json\/wp\/v2\/product_brand?post=36936"},{"taxonomy":"product_cat","embeddable":true,"href":"https:\/\/eterle.cz\/eshop\/wp-json\/wp\/v2\/product_cat?post=36936"},{"taxonomy":"product_tag","embeddable":true,"href":"https:\/\/eterle.cz\/eshop\/wp-json\/wp\/v2\/product_tag?post=36936"}],"curies":[{"name":"wp","href":"https:\/\/api.w.org\/{rel}","templated":true}]}}