{"id":36943,"date":"2026-04-21T21:56:06","date_gmt":"2026-04-21T19:56:06","guid":{"rendered":"https:\/\/eterle.cz\/eshop\/produkt\/stolni-lampa-bila-2\/"},"modified":"2026-04-21T21:58:53","modified_gmt":"2026-04-21T19:58:53","slug":"stolni-lampa-bila-2","status":"publish","type":"product","link":"https:\/\/eterle.cz\/eshop\/produkt\/stolni-lampa-bila-2\/","title":{"rendered":"Stoln\u00ed lampa (b\u00edl\u00e1)"},"content":{"rendered":"<p>Stoln\u00ed lampa s keramickou nohou v \u010dist\u011b b\u00edl\u00e9 glazu\u0159e, kter\u00e1 p\u016fsob\u00ed klidn\u011b a vyv\u00e1\u017een\u011b. Tvarov\u011b vych\u00e1z\u00ed z klasick\u00fdch siluet, ale d\u00edky zjednodu\u0161en\u00ed a hladk\u00e9mu povrchu dob\u0159e zapad\u00e1 do estetiky druh\u00e9 poloviny 20. stolet\u00ed.<\/p>\n<p>Textiln\u00ed st\u00ednidlo sv\u011btlo jemn\u011b rozptyluje a dod\u00e1v\u00e1 lamp\u011b m\u011bkk\u00fd, dom\u00e1c\u00ed charakter. Celek nep\u016fsob\u00ed ok\u00e1zale, sp\u00ed\u0161 nen\u00e1padn\u011b dopl\u0148uje interi\u00e9r a vytv\u00e1\u0159\u00ed p\u0159\u00edjemnou atmosf\u00e9ru.<\/p>\n<p>Typick\u00fd p\u0159\u00edklad kvalitn\u00ed dobov\u00e9 produkce, kter\u00e1 stoj\u00ed na proporci a materi\u00e1lu sp\u00ed\u0161 ne\u017e na v\u00fdrazn\u00e9m gestu.<\/p>\n<p>Stav: nov\u00e1 elektroinstalace<br \/>\nRozm\u011br<br \/>\nV\u00fd\u0161ka: 56 cm<br \/>\nPr\u016fm\u011br: 46 cm<\/p>\n<p>&nbsp;<\/p>\n","protected":false},"excerpt":{"rendered":"<p>Stoln\u00ed lampa s keramickou nohou v \u010dist\u011b b\u00edl\u00e9 glazu\u0159e, kter\u00e1 p\u016fsob\u00ed klidn\u011b a vyv\u00e1\u017een\u011b. Tvarov\u011b vych\u00e1z\u00ed z klasick\u00fdch siluet, ale<\/p>\n","protected":false},"featured_media":36945,"template":"","meta":[],"product_brand":[],"product_cat":[95,79,141],"product_tag":[],"class_list":{"0":"post-36943","1":"product","2":"type-product","3":"status-publish","4":"has-post-thumbnail","6":"product_cat-novinky","7":"product_cat-svetla","8":"product_cat-stolni-lampy","9":"product_shipping_class-nadrozmerne","11":"first","12":"instock","13":"purchasable","14":"product-type-simple"},"_links":{"self":[{"href":"https:\/\/eterle.cz\/eshop\/wp-json\/wp\/v2\/product\/36943","targetHints":{"allow":["GET"]}}],"collection":[{"href":"https:\/\/eterle.cz\/eshop\/wp-json\/wp\/v2\/product"}],"about":[{"href":"https:\/\/eterle.cz\/eshop\/wp-json\/wp\/v2\/types\/product"}],"version-history":[{"count":1,"href":"https:\/\/eterle.cz\/eshop\/wp-json\/wp\/v2\/product\/36943\/revisions"}],"predecessor-version":[{"id":36944,"href":"https:\/\/eterle.cz\/eshop\/wp-json\/wp\/v2\/product\/36943\/revisions\/36944"}],"wp:featuredmedia":[{"embeddable":true,"href":"https:\/\/eterle.cz\/eshop\/wp-json\/wp\/v2\/media\/36945"}],"wp:attachment":[{"href":"https:\/\/eterle.cz\/eshop\/wp-json\/wp\/v2\/media?parent=36943"}],"wp:term":[{"taxonomy":"product_brand","embeddable":true,"href":"https:\/\/eterle.cz\/eshop\/wp-json\/wp\/v2\/product_brand?post=36943"},{"taxonomy":"product_cat","embeddable":true,"href":"https:\/\/eterle.cz\/eshop\/wp-json\/wp\/v2\/product_cat?post=36943"},{"taxonomy":"product_tag","embeddable":true,"href":"https:\/\/eterle.cz\/eshop\/wp-json\/wp\/v2\/product_tag?post=36943"}],"curies":[{"name":"wp","href":"https:\/\/api.w.org\/{rel}","templated":true}]}}