{"id":36954,"date":"2026-04-21T21:56:29","date_gmt":"2026-04-21T19:56:29","guid":{"rendered":"https:\/\/eterle.cz\/eshop\/produkt\/parove-lampicky-ndr\/"},"modified":"2026-04-21T21:58:53","modified_gmt":"2026-04-21T19:58:53","slug":"parove-lampicky-ndr","status":"publish","type":"product","link":"https:\/\/eterle.cz\/eshop\/produkt\/parove-lampicky-ndr\/","title":{"rendered":"P\u00e1rov\u00e9 lampi\u010dky \/ NDR"},"content":{"rendered":"<p>Dvojice stoln\u00edch lamp p\u0159ezd\u00edvan\u00fdch \u201erakety\u201c, typick\u00fd motiv pozdn\u00edch 60. a 70. let, kdy design koketoval s estetikou kosmick\u00e9ho v\u011bku. Prot\u00e1hl\u00e9 op\u00e1lov\u00e9 sklo v kombinaci s jemnou dr\u00e1t\u011bnou konstrukc\u00ed p\u016fsob\u00ed lehce a z\u00e1rove\u0148 v\u00fdrazn\u011b.<\/p>\n<p>Po rozsv\u00edcen\u00ed se t\u011blo lampy m\u011bkce rozz\u00e1\u0159\u00ed a zv\u00fdrazn\u00ed svou siluetu, kter\u00e1 p\u0159ipom\u00edn\u00e1 stylizovan\u00fd start rakety.<\/p>\n<p>V\u00fdroba VEB Leuchtenbau Arnsdorf (NDR) \u2013 jeden z tehdej\u0161\u00edch st\u00e1tn\u00edch podnik\u016f zam\u011b\u0159en\u00fdch na osv\u011btlovac\u00ed techniku, jeho\u017e produkce se vyzna\u010dovala jednoduchost\u00ed, funk\u010dnost\u00ed a typick\u00fdm dobov\u00fdm v\u00fdrazem. Zachovan\u00fd p\u016fvodn\u00ed \u0161t\u00edtek. Prod\u00e1v\u00e1no jako p\u00e1r.<\/p>\n<p>Stav: p\u016fvodn\u00ed elektroinstalace &#8211; pln\u011b funk\u010dn\u00ed<br \/>\nZna\u010dka: VEB Leuchtenbau Arnsdorf (NDR)<br \/>\nRozm\u011br<br \/>\nCelkov\u00e1 v\u00fd\u0161ka: 39 cm<br \/>\nP\u016fm\u011br: 15 cm<\/p>\n<p>&nbsp;<\/p>\n","protected":false},"excerpt":{"rendered":"<p>Dvojice stoln\u00edch lamp p\u0159ezd\u00edvan\u00fdch \u201erakety\u201c, typick\u00fd motiv pozdn\u00edch 60. a 70. let, kdy design koketoval s estetikou kosmick\u00e9ho v\u011bku. Prot\u00e1hl\u00e9<\/p>\n","protected":false},"featured_media":36956,"template":"","meta":[],"product_brand":[],"product_cat":[95,79,141],"product_tag":[],"class_list":{"0":"post-36954","1":"product","2":"type-product","3":"status-publish","4":"has-post-thumbnail","6":"product_cat-novinky","7":"product_cat-svetla","8":"product_cat-stolni-lampy","9":"product_shipping_class-nadrozmerne","11":"first","12":"instock","13":"purchasable","14":"product-type-simple"},"_links":{"self":[{"href":"https:\/\/eterle.cz\/eshop\/wp-json\/wp\/v2\/product\/36954","targetHints":{"allow":["GET"]}}],"collection":[{"href":"https:\/\/eterle.cz\/eshop\/wp-json\/wp\/v2\/product"}],"about":[{"href":"https:\/\/eterle.cz\/eshop\/wp-json\/wp\/v2\/types\/product"}],"version-history":[{"count":1,"href":"https:\/\/eterle.cz\/eshop\/wp-json\/wp\/v2\/product\/36954\/revisions"}],"predecessor-version":[{"id":36955,"href":"https:\/\/eterle.cz\/eshop\/wp-json\/wp\/v2\/product\/36954\/revisions\/36955"}],"wp:featuredmedia":[{"embeddable":true,"href":"https:\/\/eterle.cz\/eshop\/wp-json\/wp\/v2\/media\/36956"}],"wp:attachment":[{"href":"https:\/\/eterle.cz\/eshop\/wp-json\/wp\/v2\/media?parent=36954"}],"wp:term":[{"taxonomy":"product_brand","embeddable":true,"href":"https:\/\/eterle.cz\/eshop\/wp-json\/wp\/v2\/product_brand?post=36954"},{"taxonomy":"product_cat","embeddable":true,"href":"https:\/\/eterle.cz\/eshop\/wp-json\/wp\/v2\/product_cat?post=36954"},{"taxonomy":"product_tag","embeddable":true,"href":"https:\/\/eterle.cz\/eshop\/wp-json\/wp\/v2\/product_tag?post=36954"}],"curies":[{"name":"wp","href":"https:\/\/api.w.org\/{rel}","templated":true}]}}