{"id":36961,"date":"2026-04-21T21:56:45","date_gmt":"2026-04-21T19:56:45","guid":{"rendered":"https:\/\/eterle.cz\/eshop\/produkt\/stolni-lampicka-pohar\/"},"modified":"2026-04-21T21:58:53","modified_gmt":"2026-04-21T19:58:53","slug":"stolni-lampicka-pohar","status":"publish","type":"product","link":"https:\/\/eterle.cz\/eshop\/produkt\/stolni-lampicka-pohar\/","title":{"rendered":"Stoln\u00ed lampi\u010dka &#8222;poh\u00e1r&#8220;"},"content":{"rendered":"<p>Stoln\u00ed lampa s v\u00fdrazn\u00fdm \u201ehoubov\u00fdm\u201c tvarem, typick\u00fdm pro 70. l\u00e9ta a jejich hravou pr\u00e1ci s objemem, inspirovanou estetikou space age. Kombinace podstavy v jantarov\u00e9 barv\u011b a op\u00e1lov\u00e9ho st\u00ednidla p\u016fsob\u00ed kompaktn\u011b a z\u00e1rove\u0148 velmi v\u00fdrazn\u011b.<\/p>\n<p>Po rozsv\u00edcen\u00ed se ob\u011b \u010d\u00e1sti vizu\u00e1ln\u011b propoj\u00ed \u2013 sv\u011btlo prostupuje horn\u00edm st\u00ednidlem i horn\u00ed hranou podstavy, tak\u017ee celek p\u0159ipom\u00edn\u00e1 kompaktn\u00ed, lehce \u201esocha\u0159sk\u00fd\u201c objekt, trochu jako stylizovan\u00fd poh\u00e1r.<\/p>\n<p>Dobov\u00e1 produkce, kde se funk\u010dn\u00ed sv\u00edtidlo p\u0159irozen\u011b posouv\u00e1 do role v\u00fdrazn\u00e9ho solit\u00e9ru.<\/p>\n<p>Stav: p\u016fvodn\u00ed elektroinstalace &#8211; pln\u011b funk\u010dn\u00ed<br \/>\nRozm\u011br<br \/>\nCelkov\u00e1 v\u00fd\u0161ka: 32 cm<br \/>\nP\u016fm\u011br: 18 cm<\/p>\n<p>&nbsp;<\/p>\n","protected":false},"excerpt":{"rendered":"<p>Stoln\u00ed lampa s v\u00fdrazn\u00fdm \u201ehoubov\u00fdm\u201c tvarem, typick\u00fdm pro 70. l\u00e9ta a jejich hravou pr\u00e1ci s objemem, inspirovanou estetikou space age.<\/p>\n","protected":false},"featured_media":36963,"template":"","meta":[],"product_brand":[],"product_cat":[95,79,141],"product_tag":[],"class_list":{"0":"post-36961","1":"product","2":"type-product","3":"status-publish","4":"has-post-thumbnail","6":"product_cat-novinky","7":"product_cat-svetla","8":"product_cat-stolni-lampy","9":"product_shipping_class-nadrozmerne","11":"first","12":"instock","13":"purchasable","14":"product-type-simple"},"_links":{"self":[{"href":"https:\/\/eterle.cz\/eshop\/wp-json\/wp\/v2\/product\/36961","targetHints":{"allow":["GET"]}}],"collection":[{"href":"https:\/\/eterle.cz\/eshop\/wp-json\/wp\/v2\/product"}],"about":[{"href":"https:\/\/eterle.cz\/eshop\/wp-json\/wp\/v2\/types\/product"}],"version-history":[{"count":1,"href":"https:\/\/eterle.cz\/eshop\/wp-json\/wp\/v2\/product\/36961\/revisions"}],"predecessor-version":[{"id":36962,"href":"https:\/\/eterle.cz\/eshop\/wp-json\/wp\/v2\/product\/36961\/revisions\/36962"}],"wp:featuredmedia":[{"embeddable":true,"href":"https:\/\/eterle.cz\/eshop\/wp-json\/wp\/v2\/media\/36963"}],"wp:attachment":[{"href":"https:\/\/eterle.cz\/eshop\/wp-json\/wp\/v2\/media?parent=36961"}],"wp:term":[{"taxonomy":"product_brand","embeddable":true,"href":"https:\/\/eterle.cz\/eshop\/wp-json\/wp\/v2\/product_brand?post=36961"},{"taxonomy":"product_cat","embeddable":true,"href":"https:\/\/eterle.cz\/eshop\/wp-json\/wp\/v2\/product_cat?post=36961"},{"taxonomy":"product_tag","embeddable":true,"href":"https:\/\/eterle.cz\/eshop\/wp-json\/wp\/v2\/product_tag?post=36961"}],"curies":[{"name":"wp","href":"https:\/\/api.w.org\/{rel}","templated":true}]}}