{"id":36967,"date":"2026-04-21T21:56:57","date_gmt":"2026-04-21T19:56:57","guid":{"rendered":"https:\/\/eterle.cz\/eshop\/produkt\/stolni-lampicka-12\/"},"modified":"2026-04-21T21:58:53","modified_gmt":"2026-04-21T19:58:53","slug":"stolni-lampicka-12","status":"publish","type":"product","link":"https:\/\/eterle.cz\/eshop\/produkt\/stolni-lampicka-12\/","title":{"rendered":"Stoln\u00ed lampi\u010dka"},"content":{"rendered":"<p>Stoln\u00ed lampa s typick\u00fdm \u201epoh\u00e1rov\u00fdm\u201c tvarem, kter\u00fd se objevuje v 60. a 70. letech v souvislosti s n\u00e1stupem plast\u016f a inspirac\u00ed space age estetikou. Kombinace syt\u011b \u010derven\u00e9 podstavy a op\u00e1lov\u00e9ho st\u00ednidla p\u016fsob\u00ed v\u00fdrazn\u011b, ale z\u00e1rove\u0148 \u010dist\u011b. Jednoduch\u00fd, dob\u0159e \u010diteln\u00fd n\u00e1vrh, kde barva a tvar hraj\u00ed hlavn\u00ed roli.<\/p>\n<p>Stav: p\u016fvodn\u00ed elektroinstalace &#8211; pln\u011b funk\u010dn\u00ed<br \/>\nRozm\u011br<br \/>\nCelkov\u00e1 v\u00fd\u0161ka: 35 cm<br \/>\nP\u016fm\u011br: 17 cm<\/p>\n<p>&nbsp;<\/p>\n","protected":false},"excerpt":{"rendered":"<p>Stoln\u00ed lampa s typick\u00fdm \u201epoh\u00e1rov\u00fdm\u201c tvarem, kter\u00fd se objevuje v 60. a 70. letech v souvislosti s n\u00e1stupem plast\u016f a<\/p>\n","protected":false},"featured_media":36969,"template":"","meta":[],"product_brand":[],"product_cat":[95,79,141],"product_tag":[],"class_list":{"0":"post-36967","1":"product","2":"type-product","3":"status-publish","4":"has-post-thumbnail","6":"product_cat-novinky","7":"product_cat-svetla","8":"product_cat-stolni-lampy","9":"product_shipping_class-nadrozmerne","11":"first","12":"instock","13":"purchasable","14":"product-type-simple"},"_links":{"self":[{"href":"https:\/\/eterle.cz\/eshop\/wp-json\/wp\/v2\/product\/36967","targetHints":{"allow":["GET"]}}],"collection":[{"href":"https:\/\/eterle.cz\/eshop\/wp-json\/wp\/v2\/product"}],"about":[{"href":"https:\/\/eterle.cz\/eshop\/wp-json\/wp\/v2\/types\/product"}],"version-history":[{"count":1,"href":"https:\/\/eterle.cz\/eshop\/wp-json\/wp\/v2\/product\/36967\/revisions"}],"predecessor-version":[{"id":36968,"href":"https:\/\/eterle.cz\/eshop\/wp-json\/wp\/v2\/product\/36967\/revisions\/36968"}],"wp:featuredmedia":[{"embeddable":true,"href":"https:\/\/eterle.cz\/eshop\/wp-json\/wp\/v2\/media\/36969"}],"wp:attachment":[{"href":"https:\/\/eterle.cz\/eshop\/wp-json\/wp\/v2\/media?parent=36967"}],"wp:term":[{"taxonomy":"product_brand","embeddable":true,"href":"https:\/\/eterle.cz\/eshop\/wp-json\/wp\/v2\/product_brand?post=36967"},{"taxonomy":"product_cat","embeddable":true,"href":"https:\/\/eterle.cz\/eshop\/wp-json\/wp\/v2\/product_cat?post=36967"},{"taxonomy":"product_tag","embeddable":true,"href":"https:\/\/eterle.cz\/eshop\/wp-json\/wp\/v2\/product_tag?post=36967"}],"curies":[{"name":"wp","href":"https:\/\/api.w.org\/{rel}","templated":true}]}}