{"id":36972,"date":"2026-04-21T21:57:06","date_gmt":"2026-04-21T19:57:06","guid":{"rendered":"https:\/\/eterle.cz\/eshop\/produkt\/stolni-lampicka-tapiserie\/"},"modified":"2026-04-21T21:58:53","modified_gmt":"2026-04-21T19:58:53","slug":"stolni-lampicka-tapiserie","status":"publish","type":"product","link":"https:\/\/eterle.cz\/eshop\/produkt\/stolni-lampicka-tapiserie\/","title":{"rendered":"Stoln\u00ed lampi\u010dka &#8222;tapis\u00e9rie&#8220;"},"content":{"rendered":"<p>Stoln\u00ed lampa, kde hlavn\u00ed roli p\u0159eb\u00edr\u00e1 textiln\u00ed st\u00ednidlo s v\u00fdrazn\u00fdm, t\u00e9m\u011b\u0159 grafick\u00fdm vzorem. Voln\u00e9, vln\u00edc\u00ed se linie v kombinaci modr\u00e9 a oran\u017eov\u00e9 barvy odkazuj\u00ed k estetice 70. let a jejich z\u00e1lib\u011b v organick\u00fdch, lehce psychedelick\u00fdch motivech. Podstavec z keramiky s hn\u011bdou glazurou nech\u00e1v\u00e1 vyniknout samotn\u00fd vzor na st\u00ednidle, kter\u00fd se po rozsv\u00edcen\u00ed je\u0161t\u011b zv\u00fdrazn\u00ed a z\u00edsk\u00e1 hloubku.<\/p>\n<p>Dobov\u00e1 kombinace materi\u00e1l\u016f a v\u00fdraz\u016f, kde se sv\u00edtidlo p\u0159irozen\u011b st\u00e1v\u00e1 dekorativn\u00edm prvkem interi\u00e9ru.<\/p>\n<p>Stav: p\u016fvodn\u00ed elektroinstalace &#8211; pln\u011b funk\u010dn\u00ed<br \/>\nRozm\u011br<br \/>\nCelkov\u00e1 v\u00fd\u0161ka: 40 cm<br \/>\nP\u016fm\u011br: 19 cm<\/p>\n<p>&nbsp;<\/p>\n","protected":false},"excerpt":{"rendered":"<p>Stoln\u00ed lampa, kde hlavn\u00ed roli p\u0159eb\u00edr\u00e1 textiln\u00ed st\u00ednidlo s v\u00fdrazn\u00fdm, t\u00e9m\u011b\u0159 grafick\u00fdm vzorem. Voln\u00e9, vln\u00edc\u00ed se linie v kombinaci modr\u00e9<\/p>\n","protected":false},"featured_media":36974,"template":"","meta":[],"product_brand":[],"product_cat":[95,79,141],"product_tag":[],"class_list":{"0":"post-36972","1":"product","2":"type-product","3":"status-publish","4":"has-post-thumbnail","6":"product_cat-novinky","7":"product_cat-svetla","8":"product_cat-stolni-lampy","9":"product_shipping_class-nadrozmerne","11":"first","12":"instock","13":"purchasable","14":"product-type-simple"},"_links":{"self":[{"href":"https:\/\/eterle.cz\/eshop\/wp-json\/wp\/v2\/product\/36972","targetHints":{"allow":["GET"]}}],"collection":[{"href":"https:\/\/eterle.cz\/eshop\/wp-json\/wp\/v2\/product"}],"about":[{"href":"https:\/\/eterle.cz\/eshop\/wp-json\/wp\/v2\/types\/product"}],"version-history":[{"count":1,"href":"https:\/\/eterle.cz\/eshop\/wp-json\/wp\/v2\/product\/36972\/revisions"}],"predecessor-version":[{"id":36973,"href":"https:\/\/eterle.cz\/eshop\/wp-json\/wp\/v2\/product\/36972\/revisions\/36973"}],"wp:featuredmedia":[{"embeddable":true,"href":"https:\/\/eterle.cz\/eshop\/wp-json\/wp\/v2\/media\/36974"}],"wp:attachment":[{"href":"https:\/\/eterle.cz\/eshop\/wp-json\/wp\/v2\/media?parent=36972"}],"wp:term":[{"taxonomy":"product_brand","embeddable":true,"href":"https:\/\/eterle.cz\/eshop\/wp-json\/wp\/v2\/product_brand?post=36972"},{"taxonomy":"product_cat","embeddable":true,"href":"https:\/\/eterle.cz\/eshop\/wp-json\/wp\/v2\/product_cat?post=36972"},{"taxonomy":"product_tag","embeddable":true,"href":"https:\/\/eterle.cz\/eshop\/wp-json\/wp\/v2\/product_tag?post=36972"}],"curies":[{"name":"wp","href":"https:\/\/api.w.org\/{rel}","templated":true}]}}