{"id":36978,"date":"2026-04-21T21:57:18","date_gmt":"2026-04-21T19:57:18","guid":{"rendered":"https:\/\/eterle.cz\/eshop\/produkt\/stolni-lampicka-lidokov-4\/"},"modified":"2026-04-21T21:58:53","modified_gmt":"2026-04-21T19:58:53","slug":"stolni-lampicka-lidokov-4","status":"publish","type":"product","link":"https:\/\/eterle.cz\/eshop\/produkt\/stolni-lampicka-lidokov-4\/","title":{"rendered":"Stoln\u00ed lampi\u010dka \/ Lidokov"},"content":{"rendered":"<p>Stoln\u00ed lampa podle n\u00e1vrhu Stanislava Indry pro Lidokov, nesouc\u00ed v\u00fdraznou technicistn\u00ed polohu 70. a 80. let, inspirovanou industri\u00e1ln\u00edm designem. Kombinace kovov\u00e9ho reflektoru, \u0161t\u00edhl\u00e9 konstrukce a p\u0159iznan\u00fdch spoj\u016f p\u016fsob\u00ed \u010dist\u011b, p\u0159esn\u011b a \u00fa\u010deln\u011b.<\/p>\n<p>Nastaviteln\u00e1 hlava umo\u017e\u0148uje sm\u011brovat sv\u011btlo podle pot\u0159eby, tak\u017ee se dob\u0159e uplatn\u00ed jako pracovn\u00ed nebo \u010dtec\u00ed lampa.<\/p>\n<p>Stav: p\u016fvodn\u00ed elektroinstalace &#8211; pln\u011b funk\u010dn\u00ed<br \/>\nZna\u010dka: Lidokov &#8211; Stanislav Indra<br \/>\nRozm\u011br<br \/>\nCelkov\u00e1 v\u00fd\u0161ka: 49 cm<br \/>\nP\u016fm\u011br: 23 cm<\/p>\n<p>&nbsp;<\/p>\n","protected":false},"excerpt":{"rendered":"<p>Stoln\u00ed lampa podle n\u00e1vrhu Stanislava Indry pro Lidokov, nesouc\u00ed v\u00fdraznou technicistn\u00ed polohu 70. a 80. let, inspirovanou industri\u00e1ln\u00edm designem. Kombinace<\/p>\n","protected":false},"featured_media":36980,"template":"","meta":[],"product_brand":[],"product_cat":[95,79,141],"product_tag":[],"class_list":{"0":"post-36978","1":"product","2":"type-product","3":"status-publish","4":"has-post-thumbnail","6":"product_cat-novinky","7":"product_cat-svetla","8":"product_cat-stolni-lampy","9":"product_shipping_class-nadrozmerne","11":"first","12":"instock","13":"purchasable","14":"product-type-simple"},"_links":{"self":[{"href":"https:\/\/eterle.cz\/eshop\/wp-json\/wp\/v2\/product\/36978","targetHints":{"allow":["GET"]}}],"collection":[{"href":"https:\/\/eterle.cz\/eshop\/wp-json\/wp\/v2\/product"}],"about":[{"href":"https:\/\/eterle.cz\/eshop\/wp-json\/wp\/v2\/types\/product"}],"version-history":[{"count":1,"href":"https:\/\/eterle.cz\/eshop\/wp-json\/wp\/v2\/product\/36978\/revisions"}],"predecessor-version":[{"id":36979,"href":"https:\/\/eterle.cz\/eshop\/wp-json\/wp\/v2\/product\/36978\/revisions\/36979"}],"wp:featuredmedia":[{"embeddable":true,"href":"https:\/\/eterle.cz\/eshop\/wp-json\/wp\/v2\/media\/36980"}],"wp:attachment":[{"href":"https:\/\/eterle.cz\/eshop\/wp-json\/wp\/v2\/media?parent=36978"}],"wp:term":[{"taxonomy":"product_brand","embeddable":true,"href":"https:\/\/eterle.cz\/eshop\/wp-json\/wp\/v2\/product_brand?post=36978"},{"taxonomy":"product_cat","embeddable":true,"href":"https:\/\/eterle.cz\/eshop\/wp-json\/wp\/v2\/product_cat?post=36978"},{"taxonomy":"product_tag","embeddable":true,"href":"https:\/\/eterle.cz\/eshop\/wp-json\/wp\/v2\/product_tag?post=36978"}],"curies":[{"name":"wp","href":"https:\/\/api.w.org\/{rel}","templated":true}]}}