{"id":36986,"date":"2026-04-21T21:57:34","date_gmt":"2026-04-21T19:57:34","guid":{"rendered":"https:\/\/eterle.cz\/eshop\/produkt\/lampicka-stolni\/"},"modified":"2026-04-21T21:58:53","modified_gmt":"2026-04-21T19:58:53","slug":"lampicka-stolni","status":"publish","type":"product","link":"https:\/\/eterle.cz\/eshop\/produkt\/lampicka-stolni\/","title":{"rendered":"Lampi\u010dka stoln\u00ed"},"content":{"rendered":"<p>Stoln\u00ed lampa s v\u00fdrazn\u011b geometrick\u00fdm, a\u017e lehce \u201egrafick\u00fdm\u201c pojet\u00edm, typick\u00fdm pro 70. l\u00e9ta. Kombinace ml\u00e9\u010dn\u00e9ho plastov\u00e9ho st\u00ednidla s tyrkysov\u00fdm akcentem a jednoduch\u00e9 kovov\u00e9 nohy p\u016fsob\u00ed hrav\u011b, ale z\u00e1rove\u0148 \u010dist\u011b a p\u0159ehledn\u011b.<\/p>\n<p>Zaj\u00edmav\u00fdm detailem je samotn\u00e1 konstrukce \u2013 naklon\u011bn\u00e1 \u0161t\u00edhl\u00e1 ty\u010d vyr\u016fstaj\u00edc\u00ed z kompaktn\u00ed z\u00e1kladny d\u00e1v\u00e1 lamp\u011b lehk\u00fd pohyb a odli\u0161uje ji od b\u011b\u017en\u00fdch stoln\u00edch typ\u016f. Barevn\u00fd prvek na podstav\u011b nav\u00edc decentn\u011b propojuje celek se st\u00ednidlem.<\/p>\n<p>Po rozsv\u00edcen\u00ed se plastov\u00e9 st\u00ednidlo prom\u011bn\u00ed v m\u011bkk\u00fd, rovnom\u011brn\u011b sv\u00edt\u00edc\u00ed objem, kter\u00fd p\u0159\u00edjemn\u011b rozptyluje sv\u011btlo bez ostr\u00fdch st\u00edn\u016f. Lampa tak dob\u0159e funguje jako pracovn\u00ed i n\u00e1ladov\u00e9 osv\u011btlen\u00ed.<\/p>\n<p>Dobov\u00e1 s\u00e9riov\u00e1 v\u00fdroba, kter\u00e1 dnes zaujme pr\u00e1v\u011b svou jednoduchost\u00ed, barvou a nen\u00e1padn\u011b origin\u00e1ln\u00edm \u0159e\u0161en\u00edm.<\/p>\n<p>Stav: elektroinstalace p\u016fvodn\u00ed &#8211; pln\u011b funk\u010dn\u00ed; plastov\u00e9 st\u00ednidlo je po\u0161kr\u00e1ban\u00e9, ale v re\u00e1lu je to daleko m\u00e9n\u011b patrn\u00e9 ne\u017e na fotce<br \/>\nRozm\u011br<br \/>\nV\u00fd\u0161ka: 43 cm<br \/>\n\u0160\u00ed\u0159ka: 24 cm<br \/>\nHloubka: 17 cm<\/p>\n<p>&nbsp;<\/p>\n","protected":false},"excerpt":{"rendered":"<p>Stoln\u00ed lampa s v\u00fdrazn\u011b geometrick\u00fdm, a\u017e lehce \u201egrafick\u00fdm\u201c pojet\u00edm, typick\u00fdm pro 70. l\u00e9ta. Kombinace ml\u00e9\u010dn\u00e9ho plastov\u00e9ho st\u00ednidla s tyrkysov\u00fdm akcentem<\/p>\n","protected":false},"featured_media":36988,"template":"","meta":[],"product_brand":[],"product_cat":[95,79,141],"product_tag":[],"class_list":{"0":"post-36986","1":"product","2":"type-product","3":"status-publish","4":"has-post-thumbnail","6":"product_cat-novinky","7":"product_cat-svetla","8":"product_cat-stolni-lampy","9":"product_shipping_class-nadrozmerne","11":"first","12":"instock","13":"purchasable","14":"product-type-simple"},"_links":{"self":[{"href":"https:\/\/eterle.cz\/eshop\/wp-json\/wp\/v2\/product\/36986","targetHints":{"allow":["GET"]}}],"collection":[{"href":"https:\/\/eterle.cz\/eshop\/wp-json\/wp\/v2\/product"}],"about":[{"href":"https:\/\/eterle.cz\/eshop\/wp-json\/wp\/v2\/types\/product"}],"version-history":[{"count":1,"href":"https:\/\/eterle.cz\/eshop\/wp-json\/wp\/v2\/product\/36986\/revisions"}],"predecessor-version":[{"id":36987,"href":"https:\/\/eterle.cz\/eshop\/wp-json\/wp\/v2\/product\/36986\/revisions\/36987"}],"wp:featuredmedia":[{"embeddable":true,"href":"https:\/\/eterle.cz\/eshop\/wp-json\/wp\/v2\/media\/36988"}],"wp:attachment":[{"href":"https:\/\/eterle.cz\/eshop\/wp-json\/wp\/v2\/media?parent=36986"}],"wp:term":[{"taxonomy":"product_brand","embeddable":true,"href":"https:\/\/eterle.cz\/eshop\/wp-json\/wp\/v2\/product_brand?post=36986"},{"taxonomy":"product_cat","embeddable":true,"href":"https:\/\/eterle.cz\/eshop\/wp-json\/wp\/v2\/product_cat?post=36986"},{"taxonomy":"product_tag","embeddable":true,"href":"https:\/\/eterle.cz\/eshop\/wp-json\/wp\/v2\/product_tag?post=36986"}],"curies":[{"name":"wp","href":"https:\/\/api.w.org\/{rel}","templated":true}]}}