{"id":6231,"date":"2021-06-02T20:08:40","date_gmt":"2021-06-02T18:08:40","guid":{"rendered":"https:\/\/eterle.cz\/eshopprodukt\/sklenice-na-sampanske-rucne-vyrabene\/"},"modified":"2025-02-16T03:06:25","modified_gmt":"2025-02-16T02:06:25","slug":"sklenice-na-sampanske-rucne-vyrabene","status":"publish","type":"product","link":"https:\/\/eterle.cz\/eshop\/produkt\/sklenice-na-sampanske-rucne-vyrabene\/","title":{"rendered":"Sklenice na \u0161ampa\u0148sk\u00e9 \/ ru\u010dn\u011b vyr\u00e1b\u011bn\u00e1"},"content":{"rendered":"<p>Klasick\u00e9 a p\u0159esto jin\u00e9. Elegantn\u00ed s jisk\u0159iv\u00fdm zvukem. Takov\u00e9 jsou tyto kr\u00e1sn\u00e9 ru\u010dn\u011b vyr\u00e1b\u011bn\u00e9 sklenice na prosecco, sekt \u010di \u0161ampa\u0148sk\u00e9. Chutnat z nich bude v\u0161em.<\/p>\n<p>Stav: nov\u00e9<br \/>\nRozm\u011br:<br \/>\nV\u00fd\u0161ka: 22 cm<br \/>\nPr\u016fm\u011br: 4,5 cm<br \/>\nObjem: 160 ml<\/p>\n","protected":false},"excerpt":{"rendered":"<p>Klasick\u00e9 a p\u0159esto jin\u00e9. Elegantn\u00ed s jisk\u0159iv\u00fdm zvukem. Takov\u00e9 jsou tyto kr\u00e1sn\u00e9 ru\u010dn\u011b vyr\u00e1b\u011bn\u00e9 sklenice na prosecco, sekt \u010di \u0161ampa\u0148sk\u00e9.<\/p>\n","protected":false},"featured_media":6232,"template":"","meta":[],"product_brand":[153],"product_cat":[91],"product_tag":[],"class_list":{"0":"post-6231","1":"product","2":"type-product","3":"status-publish","4":"has-post-thumbnail","6":"product_brand-eterle-cz","7":"product_cat-prodane","9":"first","10":"outofstock","11":"purchasable","12":"product-type-simple"},"_links":{"self":[{"href":"https:\/\/eterle.cz\/eshop\/wp-json\/wp\/v2\/product\/6231","targetHints":{"allow":["GET"]}}],"collection":[{"href":"https:\/\/eterle.cz\/eshop\/wp-json\/wp\/v2\/product"}],"about":[{"href":"https:\/\/eterle.cz\/eshop\/wp-json\/wp\/v2\/types\/product"}],"version-history":[{"count":0,"href":"https:\/\/eterle.cz\/eshop\/wp-json\/wp\/v2\/product\/6231\/revisions"}],"wp:featuredmedia":[{"embeddable":true,"href":"https:\/\/eterle.cz\/eshop\/wp-json\/wp\/v2\/media\/6232"}],"wp:attachment":[{"href":"https:\/\/eterle.cz\/eshop\/wp-json\/wp\/v2\/media?parent=6231"}],"wp:term":[{"taxonomy":"product_brand","embeddable":true,"href":"https:\/\/eterle.cz\/eshop\/wp-json\/wp\/v2\/product_brand?post=6231"},{"taxonomy":"product_cat","embeddable":true,"href":"https:\/\/eterle.cz\/eshop\/wp-json\/wp\/v2\/product_cat?post=6231"},{"taxonomy":"product_tag","embeddable":true,"href":"https:\/\/eterle.cz\/eshop\/wp-json\/wp\/v2\/product_tag?post=6231"}],"curies":[{"name":"wp","href":"https:\/\/api.w.org\/{rel}","templated":true}]}}