{"id":6265,"date":"2021-06-02T20:14:46","date_gmt":"2021-06-02T18:14:46","guid":{"rendered":"https:\/\/eterle.cz\/eshopprodukt\/sklenene-cise\/"},"modified":"2025-02-16T03:06:24","modified_gmt":"2025-02-16T02:06:24","slug":"sklenene-cise","status":"publish","type":"product","link":"https:\/\/eterle.cz\/eshop\/produkt\/sklenene-cise\/","title":{"rendered":"Sklen\u011bn\u00e9 \u010d\u00ed\u0161e"},"content":{"rendered":"<p>Tvarem p\u0159ipom\u00ednaj\u00ed st\u0159edov\u011bk\u00e9 \u010d\u00ed\u0161e. Sklo jim dod\u00e1v\u00e1 modern\u00ed r\u00e1z. Lehk\u00e9 zabarven\u00ed pak eleganci a n\u011bhu. Nav\u00edc osv\u011b\u017e\u00ed kr\u00e1sn\u011b jednoduch\u00fd st\u016fl prost\u0159en\u00fd pro dva.<\/p>\n<p>Stav: perfektn\u00ed<br \/>\nRozm\u011br:<br \/>\nV\u00fd\u0161ka: 8 cm<br \/>\nPr\u016fm\u011br: 6 cm<br \/>\nObjem: 140 ml<\/p>\n","protected":false},"excerpt":{"rendered":"<p>Tvarem p\u0159ipom\u00ednaj\u00ed st\u0159edov\u011bk\u00e9 \u010d\u00ed\u0161e. Sklo jim dod\u00e1v\u00e1 modern\u00ed r\u00e1z. Lehk\u00e9 zabarven\u00ed pak eleganci a n\u011bhu. Nav\u00edc osv\u011b\u017e\u00ed kr\u00e1sn\u011b jednoduch\u00fd st\u016fl<\/p>\n","protected":false},"featured_media":6266,"template":"","meta":[],"product_brand":[153],"product_cat":[91],"product_tag":[],"class_list":{"0":"post-6265","1":"product","2":"type-product","3":"status-publish","4":"has-post-thumbnail","6":"product_brand-eterle-cz","7":"product_cat-prodane","9":"first","10":"outofstock","11":"sale","12":"purchasable","13":"product-type-simple"},"_links":{"self":[{"href":"https:\/\/eterle.cz\/eshop\/wp-json\/wp\/v2\/product\/6265","targetHints":{"allow":["GET"]}}],"collection":[{"href":"https:\/\/eterle.cz\/eshop\/wp-json\/wp\/v2\/product"}],"about":[{"href":"https:\/\/eterle.cz\/eshop\/wp-json\/wp\/v2\/types\/product"}],"version-history":[{"count":1,"href":"https:\/\/eterle.cz\/eshop\/wp-json\/wp\/v2\/product\/6265\/revisions"}],"predecessor-version":[{"id":14405,"href":"https:\/\/eterle.cz\/eshop\/wp-json\/wp\/v2\/product\/6265\/revisions\/14405"}],"wp:featuredmedia":[{"embeddable":true,"href":"https:\/\/eterle.cz\/eshop\/wp-json\/wp\/v2\/media\/6266"}],"wp:attachment":[{"href":"https:\/\/eterle.cz\/eshop\/wp-json\/wp\/v2\/media?parent=6265"}],"wp:term":[{"taxonomy":"product_brand","embeddable":true,"href":"https:\/\/eterle.cz\/eshop\/wp-json\/wp\/v2\/product_brand?post=6265"},{"taxonomy":"product_cat","embeddable":true,"href":"https:\/\/eterle.cz\/eshop\/wp-json\/wp\/v2\/product_cat?post=6265"},{"taxonomy":"product_tag","embeddable":true,"href":"https:\/\/eterle.cz\/eshop\/wp-json\/wp\/v2\/product_tag?post=6265"}],"curies":[{"name":"wp","href":"https:\/\/api.w.org\/{rel}","templated":true}]}}